{"id":1383,"date":"2026-01-07T13:59:59","date_gmt":"2026-01-07T13:59:59","guid":{"rendered":"https:\/\/www.pirlantadiscayirova.com\/?page_id=1383"},"modified":"2026-01-08T15:12:26","modified_gmt":"2026-01-08T15:12:26","slug":"ortodonti-2","status":"publish","type":"page","link":"https:\/\/www.pirlantadiscayirova.com\/en\/ortodonti-2\/","title":{"rendered":"Orthodontics"},"content":{"rendered":"<div data-elementor-type=\"wp-page\" data-elementor-id=\"1383\" class=\"elementor elementor-1383\">\n\t\t\t\t\t\t<section class=\"elementor-section elementor-top-section elementor-element elementor-element-2d2a5192 elementor-section-boxed elementor-section-height-default elementor-section-height-default\" data-id=\"2d2a5192\" data-element_type=\"section\" data-e-type=\"section\">\n\t\t\t\t\t\t<div class=\"elementor-container elementor-column-gap-no\">\n\t\t\t\t\t<div class=\"elementor-column elementor-col-100 elementor-top-column elementor-element elementor-element-20174a47\" data-id=\"20174a47\" data-element_type=\"column\" data-e-type=\"column\">\n\t\t\t<div class=\"elementor-widget-wrap elementor-element-populated\">\n\t\t\t\t\t\t<div class=\"elementor-element elementor-element-2f62a286 elementor-widget elementor-widget-doclik_department_details1\" data-id=\"2f62a286\" data-element_type=\"widget\" data-e-type=\"widget\" data-widget_type=\"doclik_department_details1.default\">\n\t\t\t\t<div class=\"elementor-widget-container\">\n\t\t\t\t\t\n\t\t<!-- department-details -->\n\t\t<section class=\"department-details two\">\n\t\t\t<div class=\"auto-container\">\n\t\t\t\t<div class=\"row clearfix\">\n\t\t\t\t\t<div class=\"col-md-12 col-sm-12 content-side\">\n\t\t\t\t\t\t<div class=\"department-details-content\">\n\t\t\t\t\t\t\t<div class=\"content-one\">\n\t\t\t\t\t\t\t\t\t\t\t\t\t\t\t\t<figure class=\"image-box\">\n\t\t\t\t\t\t\t\t\t<img decoding=\"async\" src=\"https:\/\/www.pirlantadiscayirova.com\/wp-content\/uploads\/2026\/01\/ortodonti-nedir-ortodonti-tedavisi-ne-demek.webp\" alt=\"\">\n\t\t\t\t\t\t\t\t\t\t\t\t\t\t\t\t\t<\/figure>\n\t\t\t\t\t\t\t\t<div class=\"text\">\n\t\t\t\t\t\t\t\t\t<h2>\u00c7ay\u0131rova Ortodonti Tedavisi: Di\u015f Teli ve \u015eeffaf Plak ile M\u00fckemmel G\u00fcl\u00fc\u015fler<\/h2>\n\t\t\t\t\t\t\t\t\t<p>\u00c7ay\u0131rova P\u0131rlanta Di\u015f Poliklini\u011fi'nde ortodonti (di\u015f teli) tedavisiyle \u00e7apra\u015f\u0131k di\u015flere veda edin. Telli veya telsiz (\u015feffaf plak) tedavi se\u00e7enekleri ve 5 taksit imkan\u0131yla hayalinizdeki g\u00fcl\u00fc\u015f\u00fc tasarl\u0131yoruz.<\/p>\n\t\t\t\t\t\t\t\t\t<ul class=\"list clearfix\">\n\t\t\t\t\t\t\t\t\t\t\t\t\t\t\t\t\t\t\t\t<li><i class=\"fas fa-check-square\"><\/i> Metal Di\u015f Telleri (Geleneksel Y\u00f6ntem)<\/li>\n\t\t\t\t\t\t\t\t\t\t\t\t\t\t\t\t\t\t\t\t<li><i class=\"fas fa-check-square\"><\/i> \u015eeffaf (Porselen) Di\u015f Telleri<\/li>\n\t\t\t\t\t\t\t\t\t\t\t\t\t\t\t\t\t\t\t\t<li><i class=\"fas fa-check-square\"><\/i> Telsiz Ortodonti (\u015eeffaf Plak Tedavisi)<\/li>\n\t\t\t\t\t\t\t\t\t\t\t\t\t\t\t\t\t\t\t<\/ul>\n\t\t\t\t\t\t\t\t<\/div>\n\t\t\t\t\t\t\t<\/div>\n\t\t\t\t\t\t<\/div>\n\t\t\t\t\t<\/div>\n\t\t\t\t<\/div>\n\t\t\t<\/div>\n\t\t<\/section>\n\t\t<!-- department-details end -->\n\n\n\t\t\t\t\t\t<\/div>\n\t\t\t\t<\/div>\n\t\t\t\t<div class=\"elementor-element elementor-element-1b2bd59f elementor-widget elementor-widget-doclik_department_details2\" data-id=\"1b2bd59f\" data-element_type=\"widget\" data-e-type=\"widget\" data-widget_type=\"doclik_department_details2.default\">\n\t\t\t\t<div class=\"elementor-widget-container\">\n\t\t\t\t\t\n\t\t<!-- department-details -->\n\t\t<section class=\"department-details three\">\n\t\t\t<div class=\"auto-container\">\n\t\t\t\t<div class=\"row clearfix\">\n\t\t\t\t\t<div class=\"col-lg-12 col-md-12 col-sm-12 content-side\">\n\t\t\t\t\t\t<div class=\"department-details-content\">\n\t\t\t\t\t\t\t<div class=\"content-two\">\n\t\t\t\t\t\t\t\t<div class=\"row clearfix\">\n\t\t\t\t\t\t\t\t\t<div class=\"col-lg-6 col-md-6 col-sm-12 image-column\">\n\t\t\t\t\t\t\t\t\t\t\t\t\t\t\t\t\t\t\t\t<figure class=\"image-box\">\n\t\t\t\t\t\t\t\t\t\t<img decoding=\"async\" src=\"https:\/\/www.pirlantadiscayirova.com\/wp-content\/uploads\/2026\/01\/ortodontinedir.jpg\" alt=\"\">\n\t\t\t\t\t\t\t\t\t\t\t\t\t\t\t\t\t\t\t\t<\/figure>\n\t\t\t\t\t\t\t\t\t<\/div>\n\t\t\t\t\t\t\t\t\t<div class=\"col-lg-6 col-md-6 col-sm-12 text-column\">\n\t\t\t\t\t\t\t\t\t\t<div class=\"text\">\n\t\t\t\t\t\t\t\t\t\t\t<h3>Ortodonti Tedavisi Kimler \u0130\u00e7in Uygundur?<\/h3>\n\t\t\t\t\t\t\t\t\t\t\t<p>Di\u015f teli sadece \u00e7ocuklar i\u00e7indir\" alg\u0131s\u0131 art\u0131k \u00e7ok eskide kald\u0131. Ortodontik tedavi her ya\u015fta m\u00fcmk\u00fcnd\u00fcr:<\/p>\n\t\t\t\t\t\t\t\t\t\t\t<p><\/p>\n\t\t\t\t\t\t\t\t\t\t\t<ul class=\"list clearfix\">\n\t\t\t\t\t\t\t\t\t\t\t\t\t\t\t\t\t\t\t\t\t\t\t\t<li><i class=\"fas fa-check-square\"><\/i>\u00c7ocuklarda Ortodonti: \u00c7ene kemikleri aras\u0131ndaki uyumsuzluklar (\u00e7enenin \u00f6nde veya geride olmas\u0131) ve di\u015f \u00e7apra\u015f\u0131kl\u0131klar\u0131, b\u00fcy\u00fcme ve geli\u015fim \u00e7a\u011f\u0131ndaki \u00e7ocuklarda \u00e7ok daha h\u0131zl\u0131 ve kolay tedavi edilir. Erken te\u015fhis, ileride ameliyat gerektirebilecek sorunlar\u0131 \u00f6nler.<\/li>\n\t\t\t\t\t\t\t\t\t\t\t\t\t\t\t\t\t\t\t\t\t\t\t\t<li><i class=\"fas fa-check-square\"><\/i>Yeti\u015fkinlerde Ortodonti: Sa\u011fl\u0131kl\u0131 di\u015f eti ve kemik yap\u0131s\u0131na sahip olan herkes, 20'li, 30'lu hatta 50'li ya\u015flarda bile ortodontik tedavi g\u00f6rerek d\u00fczg\u00fcn di\u015flere kavu\u015fabilir.<\/li>\n\t\t\t\t\t\t\t\t\t\t\t\t\t\t\t\t\t\t\t\t\t\t\t<\/ul>\n\t\t\t\t\t\t\t\t\t\t<\/div>\n\t\t\t\t\t\t\t\t\t<\/div>\n\t\t\t\t\t\t\t\t<\/div>\n\t\t\t\t\t\t\t<\/div>\n\t\t\t\t\t\t<\/div>\n\t\t\t\t\t<\/div>\n\t\t\t\t<\/div>\n\t\t\t<\/div>\n\t\t<\/section>\n\t\t<!-- department-details end -->\n\n\n\t\t\t\t\t\t<\/div>\n\t\t\t\t<\/div>\n\t\t\t\t<div class=\"elementor-element elementor-element-7ed42aee elementor-widget elementor-widget-doclik_department_details3\" data-id=\"7ed42aee\" data-element_type=\"widget\" data-e-type=\"widget\" data-widget_type=\"doclik_department_details3.default\">\n\t\t\t\t<div class=\"elementor-widget-container\">\n\t\t\t\t\t\n\t\t<!-- department-details -->\n\t\t<section class=\"department-details four\">\n\t\t\t<div class=\"auto-container\">\n\t\t\t\t<div class=\"row clearfix\">\n\t\t\t\t\t<div class=\"col-lg-12 col-md-12 col-sm-12 content-side\">\n\t\t\t\t\t\t<div class=\"department-details-content\">\n\t\t\t\t\t\t\t<div class=\"content-three\">\n\t\t\t\t\t\t\t\t<div class=\"text\">\n\t\t\t\t\t\t\t\t\t<h3>Merak Edilenler (S\u0131k\u00e7a Sorulan Sorular)<\/h3>\n\t\t\t\t\t\t\t\t\t<p><\/p>\n\t\t\t\t\t\t\t\t<\/div>\n\t\t\t\t\t\t\t\t<ul class=\"accordion-box\">\n\t\t\t\t\t\t\t\t\t\t\t\t\t\t\t\t\t\t<li class=\"accordion block\">\n\t\t\t\t\t\t\t\t\t\t<div class=\"acc-btn\">\n\t\t\t\t\t\t\t\t\t\t\t<div class=\"icon-outer\"><\/div>\n\t\t\t\t\t\t\t\t\t\t\t<h4>Di\u015f teli tak\u0131l\u0131rken can\u0131m yanar m\u0131?<\/h4>\n\t\t\t\t\t\t\t\t\t\t<\/div>\n\t\t\t\t\t\t\t\t\t\t<div class=\"acc-content\">\n\t\t\t\t\t\t\t\t\t\t\t<div class=\"text\">\n\t\t\t\t\t\t\t\t\t\t\t\t<p>Hay\u0131r, braketlerin di\u015f y\u00fczeyine yap\u0131\u015ft\u0131r\u0131lmas\u0131 tamamen a\u011fr\u0131s\u0131z bir i\u015flemdir. \u0130lk tak\u0131ld\u0131\u011f\u0131 birka\u00e7 g\u00fcn di\u015flerde hafif bir bask\u0131 ve hassasiyet hissedilebilir, bu durum ge\u00e7icidir ve di\u015flerin d\u00fczelmeye ba\u015flad\u0131\u011f\u0131n\u0131n i\u015faretidir.<\/p>\n\t\t\t\t\t\t\t\t\t\t\t<\/div>\n\t\t\t\t\t\t\t\t\t\t<\/div>\n\t\t\t\t\t\t\t\t\t<\/li>\n\t\t\t\t\t\t\t\t\t\t\t\t\t\t\t\t\t\t<li class=\"accordion block active-block\">\n\t\t\t\t\t\t\t\t\t\t<div class=\"acc-btn active\">\n\t\t\t\t\t\t\t\t\t\t\t<div class=\"icon-outer\"><\/div>\n\t\t\t\t\t\t\t\t\t\t\t<h4>Di\u015f teli konu\u015fmam\u0131 etkiler mi?<\/h4>\n\t\t\t\t\t\t\t\t\t\t<\/div>\n\t\t\t\t\t\t\t\t\t\t<div class=\"acc-content current\">\n\t\t\t\t\t\t\t\t\t\t\t<div class=\"text\">\n\t\t\t\t\t\t\t\t\t\t\t\t<p>\u0130lk bir hafta dilin tellere al\u0131\u015fma s\u00fcrecinde \u00e7ok hafif konu\u015fma de\u011fi\u015fikli\u011fi olabilir ancak bu durum h\u0131zla d\u00fczelir ve kal\u0131c\u0131 de\u011fildir.<\/p>\n\t\t\t\t\t\t\t\t\t\t\t<\/div>\n\t\t\t\t\t\t\t\t\t\t<\/div>\n\t\t\t\t\t\t\t\t\t<\/li>\n\t\t\t\t\t\t\t\t\t\t\t\t\t\t\t\t\t\t<li class=\"accordion block\">\n\t\t\t\t\t\t\t\t\t\t<div class=\"acc-btn\">\n\t\t\t\t\t\t\t\t\t\t\t<div class=\"icon-outer\"><\/div>\n\t\t\t\t\t\t\t\t\t\t\t<h4>\u00d6deme se\u00e7enekleriniz nelerdir?<\/h4>\n\t\t\t\t\t\t\t\t\t\t<\/div>\n\t\t\t\t\t\t\t\t\t\t<div class=\"acc-content\">\n\t\t\t\t\t\t\t\t\t\t\t<div class=\"text\">\n\t\t\t\t\t\t\t\t\t\t\t\t<p>Ortodonti tedavileri uzun soluklu tedavilerdir. P\u0131rlanta Di\u015f Poliklini\u011fi olarak b\u00fct\u00e7enizi rahatlatmak i\u00e7in sa\u011fl\u0131k harcamalar\u0131n\u0131zda 5 taksit imkan\u0131 sunuyoruz.<\/p>\n\t\t\t\t\t\t\t\t\t\t\t<\/div>\n\t\t\t\t\t\t\t\t\t\t<\/div>\n\t\t\t\t\t\t\t\t\t<\/li>\n\t\t\t\t\t\t\t\t\t\t\t\t\t\t\t\t\t<\/ul>\n\t\t\t\t\t\t\t<\/div>\n\t\t\t\t\t\t<\/div>\n\t\t\t\t\t<\/div>\n\t\t\t\t<\/div>\n\t\t\t<\/div>\n\t\t<\/section>\n\t\t<!-- department-details end -->\n\n\n\t\t\t\t\t\t<\/div>\n\t\t\t\t<\/div>\n\t\t\t\t\t<\/div>\n\t\t<\/div>\n\t\t\t\t\t<\/div>\n\t\t<\/section>\n\t\t\t\t<\/div>","protected":false},"excerpt":{"rendered":"<p>\u00c7ay\u0131rova Ortodonti Tedavisi: Di\u015f Teli ve \u015eeffaf Plak ile M\u00fckemmel G\u00fcl\u00fc\u015fler \u00c7ay\u0131rova P\u0131rlanta Di\u015f Poliklini\u011fi&#8217;nde ortodonti (di\u015f teli) tedavisiyle \u00e7apra\u015f\u0131k di\u015flere veda edin. Telli veya telsiz (\u015feffaf plak) tedavi se\u00e7enekleri ve 5 taksit imkan\u0131yla hayalinizdeki g\u00fcl\u00fc\u015f\u00fc tasarl\u0131yoruz. Metal Di\u015f Telleri (Geleneksel Y\u00f6ntem) \u015eeffaf (Porselen) Di\u015f Telleri Telsiz Ortodonti (\u015eeffaf Plak Tedavisi) Ortodonti Tedavisi Kimler \u0130\u00e7in [&hellip;]<\/p>\n","protected":false},"author":1,"featured_media":0,"parent":0,"menu_order":0,"comment_status":"closed","ping_status":"closed","template":"tpl-default-elementor.php","meta":{"_joinchat":[],"footnotes":""},"class_list":["post-1383","page","type-page","status-publish","hentry"],"_links":{"self":[{"href":"https:\/\/www.pirlantadiscayirova.com\/en\/wp-json\/wp\/v2\/pages\/1383","targetHints":{"allow":["GET"]}}],"collection":[{"href":"https:\/\/www.pirlantadiscayirova.com\/en\/wp-json\/wp\/v2\/pages"}],"about":[{"href":"https:\/\/www.pirlantadiscayirova.com\/en\/wp-json\/wp\/v2\/types\/page"}],"author":[{"embeddable":true,"href":"https:\/\/www.pirlantadiscayirova.com\/en\/wp-json\/wp\/v2\/users\/1"}],"replies":[{"embeddable":true,"href":"https:\/\/www.pirlantadiscayirova.com\/en\/wp-json\/wp\/v2\/comments?post=1383"}],"version-history":[{"count":9,"href":"https:\/\/www.pirlantadiscayirova.com\/en\/wp-json\/wp\/v2\/pages\/1383\/revisions"}],"predecessor-version":[{"id":1512,"href":"https:\/\/www.pirlantadiscayirova.com\/en\/wp-json\/wp\/v2\/pages\/1383\/revisions\/1512"}],"wp:attachment":[{"href":"https:\/\/www.pirlantadiscayirova.com\/en\/wp-json\/wp\/v2\/media?parent=1383"}],"curies":[{"name":"wp","href":"https:\/\/api.w.org\/{rel}","templated":true}]}}