{"id":1390,"date":"2026-01-07T14:13:58","date_gmt":"2026-01-07T14:13:58","guid":{"rendered":"https:\/\/www.pirlantadiscayirova.com\/?page_id=1390"},"modified":"2026-01-08T15:08:34","modified_gmt":"2026-01-08T15:08:34","slug":"pedodonti","status":"publish","type":"page","link":"https:\/\/www.pirlantadiscayirova.com\/en\/pedodonti\/","title":{"rendered":"Pediatric Dentistry"},"content":{"rendered":"<div data-elementor-type=\"wp-page\" data-elementor-id=\"1390\" class=\"elementor elementor-1390\">\n\t\t\t\t\t\t<section class=\"elementor-section elementor-top-section elementor-element elementor-element-2d2a5192 elementor-section-boxed elementor-section-height-default elementor-section-height-default\" data-id=\"2d2a5192\" data-element_type=\"section\" data-e-type=\"section\">\n\t\t\t\t\t\t<div class=\"elementor-container elementor-column-gap-no\">\n\t\t\t\t\t<div class=\"elementor-column elementor-col-100 elementor-top-column elementor-element elementor-element-20174a47\" data-id=\"20174a47\" data-element_type=\"column\" data-e-type=\"column\">\n\t\t\t<div class=\"elementor-widget-wrap elementor-element-populated\">\n\t\t\t\t\t\t<div class=\"elementor-element elementor-element-2f62a286 elementor-widget elementor-widget-doclik_department_details1\" data-id=\"2f62a286\" data-element_type=\"widget\" data-e-type=\"widget\" data-widget_type=\"doclik_department_details1.default\">\n\t\t\t\t<div class=\"elementor-widget-container\">\n\t\t\t\t\t\n\t\t<!-- department-details -->\n\t\t<section class=\"department-details two\">\n\t\t\t<div class=\"auto-container\">\n\t\t\t\t<div class=\"row clearfix\">\n\t\t\t\t\t<div class=\"col-md-12 col-sm-12 content-side\">\n\t\t\t\t\t\t<div class=\"department-details-content\">\n\t\t\t\t\t\t\t<div class=\"content-one\">\n\t\t\t\t\t\t\t\t\t\t\t\t\t\t\t\t<figure class=\"image-box\">\n\t\t\t\t\t\t\t\t\t<img decoding=\"async\" src=\"https:\/\/www.pirlantadiscayirova.com\/wp-content\/uploads\/2026\/01\/hastanemiz-dis-hekimi-hande-ulger-cocuk-dis-hekimligi-hakkinda-bilgi-verdi-2.jpg\" alt=\"\">\n\t\t\t\t\t\t\t\t\t\t\t\t\t\t\t\t\t<\/figure>\n\t\t\t\t\t\t\t\t<div class=\"text\">\n\t\t\t\t\t\t\t\t\t<h2>\u00c7ay\u0131rova Pedodontics (Pediatric Dentistry): Tiny Smiles in Safe Hands<\/h2>\n\t\t\t\t\t\t\t\t\t<p>Pediatric dentistry (pedodontics) services at \u00c7ay\u0131rova Diamond Dental Polyclinic. We protect your children's dental health and overcome their fear of dentists with milk tooth filling, root canal treatment and placeholder applications.<\/p>\n\t\t\t\t\t\t\t\t\t<ul class=\"list clearfix\">\n\t\t\t\t\t\t\t\t\t\t\t\t\t\t\t\t\t\t\t\t<li><i class=\"fas fa-check-square\"><\/i> Milk Tooth Root Canal Treatment<\/li>\n\t\t\t\t\t\t\t\t\t\t\t\t\t\t\t\t\t\t\t\t<li><i class=\"fas fa-check-square\"><\/i> Milk Tooth Filling<\/li>\n\t\t\t\t\t\t\t\t\t\t\t\t\t\t\t\t\t\t\t\t<li><i class=\"fas fa-check-square\"><\/i> Placeholder Applications<\/li>\n\t\t\t\t\t\t\t\t\t\t\t\t\t\t\t\t\t\t\t\t<li><i class=\"fas fa-check-square\"><\/i> Dental Treatment Under General Anesthesia<\/li>\n\t\t\t\t\t\t\t\t\t\t\t\t\t\t\t\t\t\t\t<\/ul>\n\t\t\t\t\t\t\t\t<\/div>\n\t\t\t\t\t\t\t<\/div>\n\t\t\t\t\t\t<\/div>\n\t\t\t\t\t<\/div>\n\t\t\t\t<\/div>\n\t\t\t<\/div>\n\t\t<\/section>\n\t\t<!-- department-details end -->\n\n\n\t\t\t\t\t\t<\/div>\n\t\t\t\t<\/div>\n\t\t\t\t<div class=\"elementor-element elementor-element-1b2bd59f elementor-widget elementor-widget-doclik_department_details2\" data-id=\"1b2bd59f\" data-element_type=\"widget\" data-e-type=\"widget\" data-widget_type=\"doclik_department_details2.default\">\n\t\t\t\t<div class=\"elementor-widget-container\">\n\t\t\t\t\t\n\t\t<!-- department-details -->\n\t\t<section class=\"department-details three\">\n\t\t\t<div class=\"auto-container\">\n\t\t\t\t<div class=\"row clearfix\">\n\t\t\t\t\t<div class=\"col-lg-12 col-md-12 col-sm-12 content-side\">\n\t\t\t\t\t\t<div class=\"department-details-content\">\n\t\t\t\t\t\t\t<div class=\"content-two\">\n\t\t\t\t\t\t\t\t<div class=\"row clearfix\">\n\t\t\t\t\t\t\t\t\t<div class=\"col-lg-6 col-md-6 col-sm-12 image-column\">\n\t\t\t\t\t\t\t\t\t\t\t\t\t\t\t\t\t\t\t\t<figure class=\"image-box\">\n\t\t\t\t\t\t\t\t\t\t<img decoding=\"async\" src=\"https:\/\/www.pirlantadiscayirova.com\/wp-content\/uploads\/2026\/01\/pedodonti_min.jpg\" alt=\"\">\n\t\t\t\t\t\t\t\t\t\t\t\t\t\t\t\t\t\t\t\t<\/figure>\n\t\t\t\t\t\t\t\t\t<\/div>\n\t\t\t\t\t\t\t\t\t<div class=\"col-lg-6 col-md-6 col-sm-12 text-column\">\n\t\t\t\t\t\t\t\t\t\t<div class=\"text\">\n\t\t\t\t\t\t\t\t\t\t\t<h3>Pediatric Dental Treatments Applied in Our Clinic<\/h3>\n\t\t\t\t\t\t\t\t\t\t\t<p>As we mentioned in our poster, we perform all preventive and therapeutic applications related to children's teeth in our clinic:<\/p>\n\t\t\t\t\t\t\t\t\t\t\t<p><\/p>\n\t\t\t\t\t\t\t\t\t\t\t<ul class=\"list clearfix\">\n\t\t\t\t\t\t\t\t\t\t\t\t\t\t\t\t\t\t\t\t\t\t\t\t<li><i class=\"fas fa-check-square\"><\/i>Milk Tooth Root Canal Treatment: Milk teeth have nerve vessels just like permanent teeth. In deep decays, instead of extracting the tooth, the tooth is kept in the mouth with root canal treatment. Thus, the chewing function of the child is preserved.<\/li>\n\t\t\t\t\t\t\t\t\t\t\t\t\t\t\t\t\t\t\t\t\t\t\t\t<li><i class=\"fas fa-check-square\"><\/i>Milk Tooth Filling: Milk tooth decay, which is neglected by saying \"it will fall out anyway\", disrupts the health of the underlying permanent tooth and causes pain. We protect the dental health of the child by treating these teeth with colored or white fillings.<\/li>\n\t\t\t\t\t\t\t\t\t\t\t\t\t\t\t\t\t\t\t\t\t\t\t\t<li><i class=\"fas fa-check-square\"><\/i>Space Retainer Applications: If the deciduous teeth are lost prematurely due to decay or trauma, the adjacent teeth slide into this space. This closes the space for the permanent tooth coming from below and causes dental crowding (the need for braces) in the future. Space maintainers protect this space and prevent future orthodontic problems.<\/li>\n\t\t\t\t\t\t\t\t\t\t\t\t\t\t\t\t\t\t\t\t\t\t\t<\/ul>\n\t\t\t\t\t\t\t\t\t\t<\/div>\n\t\t\t\t\t\t\t\t\t<\/div>\n\t\t\t\t\t\t\t\t<\/div>\n\t\t\t\t\t\t\t<\/div>\n\t\t\t\t\t\t<\/div>\n\t\t\t\t\t<\/div>\n\t\t\t\t<\/div>\n\t\t\t<\/div>\n\t\t<\/section>\n\t\t<!-- department-details end -->\n\n\n\t\t\t\t\t\t<\/div>\n\t\t\t\t<\/div>\n\t\t\t\t\t<\/div>\n\t\t<\/div>\n\t\t\t\t\t<\/div>\n\t\t<\/section>\n\t\t\t\t<\/div>","protected":false},"excerpt":{"rendered":"<p>\u00c7ay\u0131rova Pedodonti (\u00c7ocuk Di\u015f Hekimli\u011fi): Minik G\u00fcl\u00fc\u015fler Emin Ellerde \u00c7ay\u0131rova P\u0131rlanta Di\u015f Poliklini\u011fi&#8217;nde \u00e7ocuk di\u015f hekimli\u011fi (pedodonti) hizmetleri. S\u00fct di\u015fi dolgusu, kanal tedavisi ve yer tutucu uygulamalar\u0131yla \u00e7ocuklar\u0131n\u0131z\u0131n di\u015f sa\u011fl\u0131\u011f\u0131n\u0131 koruyor, di\u015f hekimi korkusunu yeniyoruz. S\u00fct Di\u015fi Kanal Tedavisi S\u00fct Di\u015fi Dolgusu Yer Tutucu Uygulamalar\u0131 Genel Anestezi Alt\u0131nda Di\u015f Tedavisi Klini\u011fimizde Uygulanan \u00c7ocuk Di\u015f Tedavileri [&hellip;]<\/p>\n","protected":false},"author":1,"featured_media":0,"parent":0,"menu_order":0,"comment_status":"closed","ping_status":"closed","template":"tpl-default-elementor.php","meta":{"_joinchat":[],"footnotes":""},"class_list":["post-1390","page","type-page","status-publish","hentry"],"_links":{"self":[{"href":"https:\/\/www.pirlantadiscayirova.com\/en\/wp-json\/wp\/v2\/pages\/1390","targetHints":{"allow":["GET"]}}],"collection":[{"href":"https:\/\/www.pirlantadiscayirova.com\/en\/wp-json\/wp\/v2\/pages"}],"about":[{"href":"https:\/\/www.pirlantadiscayirova.com\/en\/wp-json\/wp\/v2\/types\/page"}],"author":[{"embeddable":true,"href":"https:\/\/www.pirlantadiscayirova.com\/en\/wp-json\/wp\/v2\/users\/1"}],"replies":[{"embeddable":true,"href":"https:\/\/www.pirlantadiscayirova.com\/en\/wp-json\/wp\/v2\/comments?post=1390"}],"version-history":[{"count":9,"href":"https:\/\/www.pirlantadiscayirova.com\/en\/wp-json\/wp\/v2\/pages\/1390\/revisions"}],"predecessor-version":[{"id":1497,"href":"https:\/\/www.pirlantadiscayirova.com\/en\/wp-json\/wp\/v2\/pages\/1390\/revisions\/1497"}],"wp:attachment":[{"href":"https:\/\/www.pirlantadiscayirova.com\/en\/wp-json\/wp\/v2\/media?parent=1390"}],"curies":[{"name":"wp","href":"https:\/\/api.w.org\/{rel}","templated":true}]}}