{"id":1394,"date":"2026-01-07T14:15:11","date_gmt":"2026-01-07T14:15:11","guid":{"rendered":"https:\/\/www.pirlantadiscayirova.com\/?page_id=1394"},"modified":"2026-01-08T15:10:27","modified_gmt":"2026-01-08T15:10:27","slug":"zirkonyumvebeyazlatma","status":"publish","type":"page","link":"https:\/\/www.pirlantadiscayirova.com\/en\/zirkonyumvebeyazlatma\/","title":{"rendered":"Zirconium and Whitening"},"content":{"rendered":"<div data-elementor-type=\"wp-page\" data-elementor-id=\"1394\" class=\"elementor elementor-1394\">\n\t\t\t\t\t\t<section class=\"elementor-section elementor-top-section elementor-element elementor-element-2d2a5192 elementor-section-boxed elementor-section-height-default elementor-section-height-default\" data-id=\"2d2a5192\" data-element_type=\"section\" data-e-type=\"section\">\n\t\t\t\t\t\t<div class=\"elementor-container elementor-column-gap-no\">\n\t\t\t\t\t<div class=\"elementor-column elementor-col-100 elementor-top-column elementor-element elementor-element-20174a47\" data-id=\"20174a47\" data-element_type=\"column\" data-e-type=\"column\">\n\t\t\t<div class=\"elementor-widget-wrap elementor-element-populated\">\n\t\t\t\t\t\t<div class=\"elementor-element elementor-element-2f62a286 elementor-widget elementor-widget-doclik_department_details1\" data-id=\"2f62a286\" data-element_type=\"widget\" data-e-type=\"widget\" data-widget_type=\"doclik_department_details1.default\">\n\t\t\t\t<div class=\"elementor-widget-container\">\n\t\t\t\t\t\n\t\t<!-- department-details -->\n\t\t<section class=\"department-details two\">\n\t\t\t<div class=\"auto-container\">\n\t\t\t\t<div class=\"row clearfix\">\n\t\t\t\t\t<div class=\"col-md-12 col-sm-12 content-side\">\n\t\t\t\t\t\t<div class=\"department-details-content\">\n\t\t\t\t\t\t\t<div class=\"content-one\">\n\t\t\t\t\t\t\t\t\t\t\t\t\t\t\t\t<figure class=\"image-box\">\n\t\t\t\t\t\t\t\t\t<img decoding=\"async\" src=\"https:\/\/www.pirlantadiscayirova.com\/wp-content\/uploads\/2026\/01\/Zirkonyum-Kaplama-nedir.webp\" alt=\"\">\n\t\t\t\t\t\t\t\t\t\t\t\t\t\t\t\t\t<\/figure>\n\t\t\t\t\t\t\t\t<div class=\"text\">\n\t\t\t\t\t\t\t\t\t<h2>\u00c7ay\u0131rova Estetik Di\u015f Hekimli\u011fi: Zirkonyum ve Beyazlatma ile M\u00fckemmel G\u00fcl\u00fc\u015fler<\/h2>\n\t\t\t\t\t\t\t\t\t<p>\u00c7ay\u0131rova P\u0131rlanta Di\u015f Poliklini\u011fi'nde estetik g\u00fcl\u00fc\u015f tasar\u0131m\u0131. Zirkonyum kaplama, di\u015f beyazlatma (bleaching) ve estetik dolgularla hayalinizdeki beyaz ve do\u011fal di\u015flere kavu\u015fun.<\/p>\n\t\t\t\t\t\t\t\t\t<ul class=\"list clearfix\">\n\t\t\t\t\t\t\t\t\t\t\t\t\t\t\t\t\t\t\t\t<li><i class=\"fas fa-check-square\"><\/i> <\/li>\n\t\t\t\t\t\t\t\t\t\t\t\t\t\t\t\t\t\t\t<\/ul>\n\t\t\t\t\t\t\t\t<\/div>\n\t\t\t\t\t\t\t<\/div>\n\t\t\t\t\t\t<\/div>\n\t\t\t\t\t<\/div>\n\t\t\t\t<\/div>\n\t\t\t<\/div>\n\t\t<\/section>\n\t\t<!-- department-details end -->\n\n\n\t\t\t\t\t\t<\/div>\n\t\t\t\t<\/div>\n\t\t\t\t<div class=\"elementor-element elementor-element-1b2bd59f elementor-widget elementor-widget-doclik_department_details2\" data-id=\"1b2bd59f\" data-element_type=\"widget\" data-e-type=\"widget\" data-widget_type=\"doclik_department_details2.default\">\n\t\t\t\t<div class=\"elementor-widget-container\">\n\t\t\t\t\t\n\t\t<!-- department-details -->\n\t\t<section class=\"department-details three\">\n\t\t\t<div class=\"auto-container\">\n\t\t\t\t<div class=\"row clearfix\">\n\t\t\t\t\t<div class=\"col-lg-12 col-md-12 col-sm-12 content-side\">\n\t\t\t\t\t\t<div class=\"department-details-content\">\n\t\t\t\t\t\t\t<div class=\"content-two\">\n\t\t\t\t\t\t\t\t<div class=\"row clearfix\">\n\t\t\t\t\t\t\t\t\t<div class=\"col-lg-6 col-md-6 col-sm-12 image-column\">\n\t\t\t\t\t\t\t\t\t\t\t\t\t\t\t\t\t\t\t\t<figure class=\"image-box\">\n\t\t\t\t\t\t\t\t\t\t<img decoding=\"async\" src=\"https:\/\/www.pirlantadiscayirova.com\/wp-content\/uploads\/2026\/01\/dis-beyazlatma-1_400_0.jpg\" alt=\"\">\n\t\t\t\t\t\t\t\t\t\t\t\t\t\t\t\t\t\t\t\t<\/figure>\n\t\t\t\t\t\t\t\t\t<\/div>\n\t\t\t\t\t\t\t\t\t<div class=\"col-lg-6 col-md-6 col-sm-12 text-column\">\n\t\t\t\t\t\t\t\t\t\t<div class=\"text\">\n\t\t\t\t\t\t\t\t\t\t\t<h3>Zirkonyum Di\u015f Kaplama: Do\u011fall\u0131k ve Dayan\u0131kl\u0131l\u0131k Bir Arada<\/h3>\n\t\t\t\t\t\t\t\t\t\t\t<p>Eski tip metal destekli porselenlerin yerini art\u0131k \u0131\u015f\u0131k ge\u00e7irgenli\u011fi y\u00fcksek, di\u015f eti dostu Zirkonyum kaplamalar ald\u0131. Afi\u015fimizde de vurgulad\u0131\u011f\u0131m\u0131z bu modern teknoloji, hem \u00f6n di\u015flerde estetik ama\u00e7l\u0131 hem de arka di\u015flerde sa\u011flaml\u0131k amac\u0131yla g\u00fcvenle kullan\u0131l\u0131r.<\/p>\n\t\t\t\t\t\t\t\t\t\t\t<p>Neden Zirkonyum Tercih Etmelisiniz?<\/p>\n\t\t\t\t\t\t\t\t\t\t\t<ul class=\"list clearfix\">\n\t\t\t\t\t\t\t\t\t\t\t\t\t\t\t\t\t\t\t\t\t\t\t\t<li><i class=\"fas fa-check-square\"><\/i>Do\u011fal G\u00f6r\u00fcn\u00fcm: I\u015f\u0131\u011f\u0131 do\u011fal di\u015f gibi ge\u00e7irdi\u011fi i\u00e7in mat ve yapay durmaz.<\/li>\n\t\t\t\t\t\t\t\t\t\t\t\t\t\t\t\t\t\t\t\t\t\t\t\t<li><i class=\"fas fa-check-square\"><\/i>Di\u015f Eti Uyumu: Metal i\u00e7ermedi\u011fi i\u00e7in di\u015f etinde zamanla olu\u015fan morarma veya grile\u015fmeye neden olmaz. Biyolojik uyumu m\u00fckemmeldir.<\/li>\n\t\t\t\t\t\t\t\t\t\t\t\t\t\t\t\t\t\t\t\t\t\t\t\t<li><i class=\"fas fa-check-square\"><\/i>Dayan\u0131kl\u0131l\u0131k: \u00c7i\u011fneme kuvvetlerine kar\u015f\u0131 son derece diren\u00e7lidir.<\/li>\n\t\t\t\t\t\t\t\t\t\t\t\t\t\t\t\t\t\t\t\t\t\t\t\t<li><i class=\"fas fa-check-square\"><\/i>Leke Tutmaz: \u00c7ay, kahve ve sigara gibi etkenlerle rengi de\u011fi\u015fmez, beyazl\u0131\u011f\u0131n\u0131 korur.<\/li>\n\t\t\t\t\t\t\t\t\t\t\t\t\t\t\t\t\t\t\t\t\t\t\t<\/ul>\n\t\t\t\t\t\t\t\t\t\t<\/div>\n\t\t\t\t\t\t\t\t\t<\/div>\n\t\t\t\t\t\t\t\t<\/div>\n\t\t\t\t\t\t\t<\/div>\n\t\t\t\t\t\t<\/div>\n\t\t\t\t\t<\/div>\n\t\t\t\t<\/div>\n\t\t\t<\/div>\n\t\t<\/section>\n\t\t<!-- department-details end -->\n\n\n\t\t\t\t\t\t<\/div>\n\t\t\t\t<\/div>\n\t\t\t\t<div class=\"elementor-element elementor-element-7ed42aee elementor-widget elementor-widget-doclik_department_details3\" data-id=\"7ed42aee\" data-element_type=\"widget\" data-e-type=\"widget\" data-widget_type=\"doclik_department_details3.default\">\n\t\t\t\t<div class=\"elementor-widget-container\">\n\t\t\t\t\t\n\t\t<!-- department-details -->\n\t\t<section class=\"department-details four\">\n\t\t\t<div class=\"auto-container\">\n\t\t\t\t<div class=\"row clearfix\">\n\t\t\t\t\t<div class=\"col-lg-12 col-md-12 col-sm-12 content-side\">\n\t\t\t\t\t\t<div class=\"department-details-content\">\n\t\t\t\t\t\t\t<div class=\"content-three\">\n\t\t\t\t\t\t\t\t<div class=\"text\">\n\t\t\t\t\t\t\t\t\t<h3>Merak Edilenler (S\u0131k\u00e7a Sorulan Sorular)<\/h3>\n\t\t\t\t\t\t\t\t\t<p><\/p>\n\t\t\t\t\t\t\t\t<\/div>\n\t\t\t\t\t\t\t\t<ul class=\"accordion-box\">\n\t\t\t\t\t\t\t\t\t\t\t\t\t\t\t\t\t\t<li class=\"accordion block\">\n\t\t\t\t\t\t\t\t\t\t<div class=\"acc-btn\">\n\t\t\t\t\t\t\t\t\t\t\t<div class=\"icon-outer\"><\/div>\n\t\t\t\t\t\t\t\t\t\t\t<h4>Zirkonyum kaplama i\u015flemi ne kadar s\u00fcrer?<\/h4>\n\t\t\t\t\t\t\t\t\t\t<\/div>\n\t\t\t\t\t\t\t\t\t\t<div class=\"acc-content\">\n\t\t\t\t\t\t\t\t\t\t\t<div class=\"text\">\n\t\t\t\t\t\t\t\t\t\t\t\t<p>Di\u015flerin haz\u0131rlanmas\u0131, \u00f6l\u00e7\u00fc al\u0131nmas\u0131 ve laboratuvar a\u015famas\u0131yla birlikte ortalama 5-7 g\u00fcn i\u00e7inde yeni di\u015flerinize kavu\u015fabilirsiniz. Bu s\u00fcre\u00e7te ge\u00e7ici di\u015fler tak\u0131larak estetik konforunuz korunur.<\/p>\n\t\t\t\t\t\t\t\t\t\t\t<\/div>\n\t\t\t\t\t\t\t\t\t\t<\/div>\n\t\t\t\t\t\t\t\t\t<\/li>\n\t\t\t\t\t\t\t\t\t\t\t\t\t\t\t\t\t\t<li class=\"accordion block active-block\">\n\t\t\t\t\t\t\t\t\t\t<div class=\"acc-btn active\">\n\t\t\t\t\t\t\t\t\t\t\t<div class=\"icon-outer\"><\/div>\n\t\t\t\t\t\t\t\t\t\t\t<h4>Di\u015f beyazlatma di\u015flere zarar verir mi?<\/h4>\n\t\t\t\t\t\t\t\t\t\t<\/div>\n\t\t\t\t\t\t\t\t\t\t<div class=\"acc-content current\">\n\t\t\t\t\t\t\t\t\t\t\t<div class=\"text\">\n\t\t\t\t\t\t\t\t\t\t\t\t<p>Uzman hekim kontrol\u00fcnde, do\u011fru \u00fcr\u00fcnlerle yap\u0131ld\u0131\u011f\u0131nda di\u015f minesine herhangi bir zarar\u0131 yoktur.<\/p>\n\t\t\t\t\t\t\t\t\t\t\t<\/div>\n\t\t\t\t\t\t\t\t\t\t<\/div>\n\t\t\t\t\t\t\t\t\t<\/li>\n\t\t\t\t\t\t\t\t\t\t\t\t\t\t\t\t\t\t<li class=\"accordion block\">\n\t\t\t\t\t\t\t\t\t\t<div class=\"acc-btn\">\n\t\t\t\t\t\t\t\t\t\t\t<div class=\"icon-outer\"><\/div>\n\t\t\t\t\t\t\t\t\t\t\t<h4>Fiyatlar ve \u00d6deme Se\u00e7enekleri Nedir?<\/h4>\n\t\t\t\t\t\t\t\t\t\t<\/div>\n\t\t\t\t\t\t\t\t\t\t<div class=\"acc-content\">\n\t\t\t\t\t\t\t\t\t\t\t<div class=\"text\">\n\t\t\t\t\t\t\t\t\t\t\t\t<p>Estetik uygulamalar ki\u015fiye \u00f6zel planland\u0131\u011f\u0131 i\u00e7in fiyatlar yap\u0131lacak i\u015flem say\u0131s\u0131na (ka\u00e7 di\u015f kaplanaca\u011f\u0131 vb.) g\u00f6re de\u011fi\u015fir. Ancak P\u0131rlanta Di\u015f olarak, hayalinizdeki g\u00fcl\u00fc\u015fe kavu\u015fman\u0131z i\u00e7in sa\u011fl\u0131k harcamalar\u0131n\u0131zda taksit imkan\u0131 sunarak b\u00fct\u00e7enizi zorlamadan estetik de\u011fi\u015fiminizi ger\u00e7ekle\u015ftiriyoruz.<\/p>\n\t\t\t\t\t\t\t\t\t\t\t<\/div>\n\t\t\t\t\t\t\t\t\t\t<\/div>\n\t\t\t\t\t\t\t\t\t<\/li>\n\t\t\t\t\t\t\t\t\t\t\t\t\t\t\t\t\t<\/ul>\n\t\t\t\t\t\t\t<\/div>\n\t\t\t\t\t\t<\/div>\n\t\t\t\t\t<\/div>\n\t\t\t\t<\/div>\n\t\t\t<\/div>\n\t\t<\/section>\n\t\t<!-- department-details end -->\n\n\n\t\t\t\t\t\t<\/div>\n\t\t\t\t<\/div>\n\t\t\t\t\t<\/div>\n\t\t<\/div>\n\t\t\t\t\t<\/div>\n\t\t<\/section>\n\t\t\t\t<\/div>","protected":false},"excerpt":{"rendered":"<p>\u00c7ay\u0131rova Estetik Di\u015f Hekimli\u011fi: Zirkonyum ve Beyazlatma ile M\u00fckemmel G\u00fcl\u00fc\u015fler \u00c7ay\u0131rova P\u0131rlanta Di\u015f Poliklini\u011fi&#8217;nde estetik g\u00fcl\u00fc\u015f tasar\u0131m\u0131. Zirkonyum kaplama, di\u015f beyazlatma (bleaching) ve estetik dolgularla hayalinizdeki beyaz ve do\u011fal di\u015flere kavu\u015fun. Zirkonyum Di\u015f Kaplama: Do\u011fall\u0131k ve Dayan\u0131kl\u0131l\u0131k Bir Arada Eski tip metal destekli porselenlerin yerini art\u0131k \u0131\u015f\u0131k ge\u00e7irgenli\u011fi y\u00fcksek, di\u015f eti dostu Zirkonyum kaplamalar ald\u0131. [&hellip;]<\/p>\n","protected":false},"author":1,"featured_media":0,"parent":0,"menu_order":0,"comment_status":"closed","ping_status":"closed","template":"tpl-default-elementor.php","meta":{"_joinchat":[],"footnotes":""},"class_list":["post-1394","page","type-page","status-publish","hentry"],"_links":{"self":[{"href":"https:\/\/www.pirlantadiscayirova.com\/en\/wp-json\/wp\/v2\/pages\/1394","targetHints":{"allow":["GET"]}}],"collection":[{"href":"https:\/\/www.pirlantadiscayirova.com\/en\/wp-json\/wp\/v2\/pages"}],"about":[{"href":"https:\/\/www.pirlantadiscayirova.com\/en\/wp-json\/wp\/v2\/types\/page"}],"author":[{"embeddable":true,"href":"https:\/\/www.pirlantadiscayirova.com\/en\/wp-json\/wp\/v2\/users\/1"}],"replies":[{"embeddable":true,"href":"https:\/\/www.pirlantadiscayirova.com\/en\/wp-json\/wp\/v2\/comments?post=1394"}],"version-history":[{"count":9,"href":"https:\/\/www.pirlantadiscayirova.com\/en\/wp-json\/wp\/v2\/pages\/1394\/revisions"}],"predecessor-version":[{"id":1502,"href":"https:\/\/www.pirlantadiscayirova.com\/en\/wp-json\/wp\/v2\/pages\/1394\/revisions\/1502"}],"wp:attachment":[{"href":"https:\/\/www.pirlantadiscayirova.com\/en\/wp-json\/wp\/v2\/media?parent=1394"}],"curies":[{"name":"wp","href":"https:\/\/api.w.org\/{rel}","templated":true}]}}