{"id":1401,"date":"2026-01-07T14:20:15","date_gmt":"2026-01-07T14:20:15","guid":{"rendered":"https:\/\/www.pirlantadiscayirova.com\/?page_id=1401"},"modified":"2026-01-08T15:11:39","modified_gmt":"2026-01-08T15:11:39","slug":"agiz-ve-cene-cerrahisi","status":"publish","type":"page","link":"https:\/\/www.pirlantadiscayirova.com\/en\/agiz-ve-cene-cerrahisi\/","title":{"rendered":"Oral and Maxillofacial Surgery"},"content":{"rendered":"<div data-elementor-type=\"wp-page\" data-elementor-id=\"1401\" class=\"elementor elementor-1401\">\n\t\t\t\t\t\t<section class=\"elementor-section elementor-top-section elementor-element elementor-element-2d2a5192 elementor-section-boxed elementor-section-height-default elementor-section-height-default\" data-id=\"2d2a5192\" data-element_type=\"section\" data-e-type=\"section\">\n\t\t\t\t\t\t<div class=\"elementor-container elementor-column-gap-no\">\n\t\t\t\t\t<div class=\"elementor-column elementor-col-100 elementor-top-column elementor-element elementor-element-20174a47\" data-id=\"20174a47\" data-element_type=\"column\" data-e-type=\"column\">\n\t\t\t<div class=\"elementor-widget-wrap elementor-element-populated\">\n\t\t\t\t\t\t<div class=\"elementor-element elementor-element-2f62a286 elementor-widget elementor-widget-doclik_department_details1\" data-id=\"2f62a286\" data-element_type=\"widget\" data-e-type=\"widget\" data-widget_type=\"doclik_department_details1.default\">\n\t\t\t\t<div class=\"elementor-widget-container\">\n\t\t\t\t\t\n\t\t<!-- department-details -->\n\t\t<section class=\"department-details two\">\n\t\t\t<div class=\"auto-container\">\n\t\t\t\t<div class=\"row clearfix\">\n\t\t\t\t\t<div class=\"col-md-12 col-sm-12 content-side\">\n\t\t\t\t\t\t<div class=\"department-details-content\">\n\t\t\t\t\t\t\t<div class=\"content-one\">\n\t\t\t\t\t\t\t\t\t\t\t\t\t\t\t\t<figure class=\"image-box\">\n\t\t\t\t\t\t\t\t\t<img decoding=\"async\" src=\"https:\/\/www.pirlantadiscayirova.com\/wp-content\/uploads\/2026\/01\/impilant-tedavisi.jpg\" alt=\"\">\n\t\t\t\t\t\t\t\t\t\t\t\t\t\t\t\t\t<\/figure>\n\t\t\t\t\t\t\t\t<div class=\"text\">\n\t\t\t\t\t\t\t\t\t<h2>\u00c7ay\u0131rova A\u011f\u0131z ve \u00c7ene Cerrahisi: G\u00f6m\u00fcl\u00fc Di\u015f ve Cerrahi Operasyonlar<\/h2>\n\t\t\t\t\t\t\t\t\t<p>\u00c7ay\u0131rova P\u0131rlanta Di\u015f Poliklini\u011fi'nde g\u00f6m\u00fcl\u00fc 20'lik di\u015f \u00e7ekimi, kist operasyonlar\u0131 ve t\u00fcm \u00e7ene cerrahisi i\u015flemleri uzman cerrahlar taraf\u0131ndan a\u011fr\u0131s\u0131z ve steril ortamda yap\u0131lmaktad\u0131r.<\/p>\n\t\t\t\t\t\t\t\t\t<ul class=\"list clearfix\">\n\t\t\t\t\t\t\t\t\t\t\t\t\t\t\t\t\t\t\t\t<li><i class=\"fas fa-check-square\"><\/i> <\/li>\n\t\t\t\t\t\t\t\t\t\t\t\t\t\t\t\t\t\t\t<\/ul>\n\t\t\t\t\t\t\t\t<\/div>\n\t\t\t\t\t\t\t<\/div>\n\t\t\t\t\t\t<\/div>\n\t\t\t\t\t<\/div>\n\t\t\t\t<\/div>\n\t\t\t<\/div>\n\t\t<\/section>\n\t\t<!-- department-details end -->\n\n\n\t\t\t\t\t\t<\/div>\n\t\t\t\t<\/div>\n\t\t\t\t<div class=\"elementor-element elementor-element-1b2bd59f elementor-widget elementor-widget-doclik_department_details2\" data-id=\"1b2bd59f\" data-element_type=\"widget\" data-e-type=\"widget\" data-widget_type=\"doclik_department_details2.default\">\n\t\t\t\t<div class=\"elementor-widget-container\">\n\t\t\t\t\t\n\t\t<!-- department-details -->\n\t\t<section class=\"department-details three\">\n\t\t\t<div class=\"auto-container\">\n\t\t\t\t<div class=\"row clearfix\">\n\t\t\t\t\t<div class=\"col-lg-12 col-md-12 col-sm-12 content-side\">\n\t\t\t\t\t\t<div class=\"department-details-content\">\n\t\t\t\t\t\t\t<div class=\"content-two\">\n\t\t\t\t\t\t\t\t<div class=\"row clearfix\">\n\t\t\t\t\t\t\t\t\t<div class=\"col-lg-6 col-md-6 col-sm-12 image-column\">\n\t\t\t\t\t\t\t\t\t\t\t\t\t\t\t\t\t\t\t\t<figure class=\"image-box\">\n\t\t\t\t\t\t\t\t\t\t<img decoding=\"async\" src=\"https:\/\/www.pirlantadiscayirova.com\/wp-content\/uploads\/2026\/01\/cene_cerrahisi_min.jpg\" alt=\"\">\n\t\t\t\t\t\t\t\t\t\t\t\t\t\t\t\t\t\t\t\t<\/figure>\n\t\t\t\t\t\t\t\t\t<\/div>\n\t\t\t\t\t\t\t\t\t<div class=\"col-lg-6 col-md-6 col-sm-12 text-column\">\n\t\t\t\t\t\t\t\t\t\t<div class=\"text\">\n\t\t\t\t\t\t\t\t\t\t\t<h3>Cerrahi \u0130\u015flemlerde Uzman Dokunu\u015fu ve Maksimum Hijyen<\/h3>\n\t\t\t\t\t\t\t\t\t\t\t<p>Di\u015f hekimli\u011finde cerrahi m\u00fcdahaleler, tecr\u00fcbe ve hassasiyet gerektiren en \u00f6nemli alanlardan biridir. P\u0131rlanta A\u011f\u0131z ve Di\u015f Sa\u011fl\u0131\u011f\u0131 Poliklini\u011fi olarak \u00c7ay\u0131rova'da, cerrahi operasyonlar\u0131 \"korkulu bir r\u00fcya\" olmaktan \u00e7\u0131kar\u0131yoruz. Tam donan\u0131ml\u0131 ameliyathane \u015fartlar\u0131n\u0131 sa\u011flayan steril ortam\u0131m\u0131z ve alan\u0131nda uzman \u00e7ene cerrahlar\u0131m\u0131zla, en zorlu di\u015f \u00e7ekimlerini ve kist operasyonlar\u0131n\u0131 bile a\u011fr\u0131s\u0131z ve konforlu bir \u015fekilde ger\u00e7ekle\u015ftiriyoruz.<\/p>\n\t\t\t\t\t\t\t\t\t\t\t<p>A\u011f\u0131z ve \u00c7ene Cerrahisi Neleri Kapsar?\nAfi\u015fimizde de belirtti\u011fimiz gibi, klini\u011fimizde \u00e7ene kemiklerini ve yumu\u015fak dokular\u0131 ilgilendiren t\u00fcm rahats\u0131zl\u0131klar\u0131n cerrahi tedavisi yap\u0131lmaktad\u0131r:<\/p>\n\t\t\t\t\t\t\t\t\t\t\t<ul class=\"list clearfix\">\n\t\t\t\t\t\t\t\t\t\t\t\t\t\t\t\t\t\t\t\t\t\t\t\t<li><i class=\"fas fa-check-square\"><\/i>Tam G\u00f6m\u00fcl\u00fc Di\u015fler: Di\u015f eti ve kemik alt\u0131nda kalm\u0131\u015f di\u015flerdir.<\/li>\n\t\t\t\t\t\t\t\t\t\t\t\t\t\t\t\t\t\t\t\t\t\t\t\t<li><i class=\"fas fa-check-square\"><\/i>Yar\u0131 G\u00f6m\u00fcl\u00fc Di\u015fler: Bir k\u0131sm\u0131 a\u011f\u0131z i\u00e7inde g\u00f6r\u00fcnen ancak tam \u00e7\u0131kamayan, enfeksiyona a\u00e7\u0131k di\u015flerdir. Uzman hekimlerimiz, bu di\u015fleri \u00e7evre dokulara zarar vermeden, lokal anestezi alt\u0131nda g\u00fcvenle al\u0131r.<\/li>\n\t\t\t\t\t\t\t\t\t\t\t\t\t\t\t\t\t\t\t\t\t\t\t<\/ul>\n\t\t\t\t\t\t\t\t\t\t<\/div>\n\t\t\t\t\t\t\t\t\t<\/div>\n\t\t\t\t\t\t\t\t<\/div>\n\t\t\t\t\t\t\t<\/div>\n\t\t\t\t\t\t<\/div>\n\t\t\t\t\t<\/div>\n\t\t\t\t<\/div>\n\t\t\t<\/div>\n\t\t<\/section>\n\t\t<!-- department-details end -->\n\n\n\t\t\t\t\t\t<\/div>\n\t\t\t\t<\/div>\n\t\t\t\t<div class=\"elementor-element elementor-element-7ed42aee elementor-widget elementor-widget-doclik_department_details3\" data-id=\"7ed42aee\" data-element_type=\"widget\" data-e-type=\"widget\" data-widget_type=\"doclik_department_details3.default\">\n\t\t\t\t<div class=\"elementor-widget-container\">\n\t\t\t\t\t\n\t\t<!-- department-details -->\n\t\t<section class=\"department-details four\">\n\t\t\t<div class=\"auto-container\">\n\t\t\t\t<div class=\"row clearfix\">\n\t\t\t\t\t<div class=\"col-lg-12 col-md-12 col-sm-12 content-side\">\n\t\t\t\t\t\t<div class=\"department-details-content\">\n\t\t\t\t\t\t\t<div class=\"content-three\">\n\t\t\t\t\t\t\t\t<div class=\"text\">\n\t\t\t\t\t\t\t\t\t<h3>Merak Edilenler (S\u0131k\u00e7a Sorulan Sorular)<\/h3>\n\t\t\t\t\t\t\t\t\t<p><\/p>\n\t\t\t\t\t\t\t\t<\/div>\n\t\t\t\t\t\t\t\t<ul class=\"accordion-box\">\n\t\t\t\t\t\t\t\t\t\t\t\t\t\t\t\t\t\t<li class=\"accordion block\">\n\t\t\t\t\t\t\t\t\t\t<div class=\"acc-btn\">\n\t\t\t\t\t\t\t\t\t\t\t<div class=\"icon-outer\"><\/div>\n\t\t\t\t\t\t\t\t\t\t\t<h4>G\u00f6m\u00fcl\u00fc di\u015f \u00e7ekimi sonras\u0131 \u00e7ok \u015fi\u015flik olur mu?<\/h4>\n\t\t\t\t\t\t\t\t\t\t<\/div>\n\t\t\t\t\t\t\t\t\t\t<div class=\"acc-content\">\n\t\t\t\t\t\t\t\t\t\t\t<div class=\"text\">\n\t\t\t\t\t\t\t\t\t\t\t\t<p>Operasyonun zorluk derecesine g\u00f6re hafif bir \u015fi\u015flik (\u00f6dem) olu\u015fmas\u0131 normaldir. Hekimimizin \u00f6nerece\u011fi buz uygulamas\u0131 ve ila\u00e7larla bu s\u00fcre\u00e7 \u00e7ok rahat atlat\u0131l\u0131r. Genellikle hastalar\u0131m\u0131z 1-2 g\u00fcn i\u00e7inde sosyal hayatlar\u0131na d\u00f6nebilirler.<\/p>\n\t\t\t\t\t\t\t\t\t\t\t<\/div>\n\t\t\t\t\t\t\t\t\t\t<\/div>\n\t\t\t\t\t\t\t\t\t<\/li>\n\t\t\t\t\t\t\t\t\t\t\t\t\t\t\t\t\t\t<li class=\"accordion block active-block\">\n\t\t\t\t\t\t\t\t\t\t<div class=\"acc-btn active\">\n\t\t\t\t\t\t\t\t\t\t\t<div class=\"icon-outer\"><\/div>\n\t\t\t\t\t\t\t\t\t\t\t<h4>\u00c7ene kistleri tehlikeli midir?<\/h4>\n\t\t\t\t\t\t\t\t\t\t<\/div>\n\t\t\t\t\t\t\t\t\t\t<div class=\"acc-content current\">\n\t\t\t\t\t\t\t\t\t\t\t<div class=\"text\">\n\t\t\t\t\t\t\t\t\t\t\t\t<p>\u0130hmal edilirse \u00e7ene kemi\u011finde erimeye ve k\u0131r\u0131klara yol a\u00e7abilir. Bu y\u00fczden erken te\u015fhis ve cerrahi m\u00fcdahale \u00e7ok \u00f6nemlidir. A\u011fr\u0131s\u0131z bir i\u015flemle kist temizlenerek kemi\u011fin iyile\u015fmesi sa\u011flan\u0131r.<\/p>\n\t\t\t\t\t\t\t\t\t\t\t<\/div>\n\t\t\t\t\t\t\t\t\t\t<\/div>\n\t\t\t\t\t\t\t\t\t<\/li>\n\t\t\t\t\t\t\t\t\t\t\t\t\t\t\t\t\t\t<li class=\"accordion block\">\n\t\t\t\t\t\t\t\t\t\t<div class=\"acc-btn\">\n\t\t\t\t\t\t\t\t\t\t\t<div class=\"icon-outer\"><\/div>\n\t\t\t\t\t\t\t\t\t\t\t<h4>\u0130\u015flem fiyatlar\u0131 ve \u00f6deme kolayl\u0131\u011f\u0131 var m\u0131?<\/h4>\n\t\t\t\t\t\t\t\t\t\t<\/div>\n\t\t\t\t\t\t\t\t\t\t<div class=\"acc-content\">\n\t\t\t\t\t\t\t\t\t\t\t<div class=\"text\">\n\t\t\t\t\t\t\t\t\t\t\t\t<p>Cerrahi i\u015flemlerin maliyeti yap\u0131lacak m\u00fcdahalenin t\u00fcr\u00fcne g\u00f6re de\u011fi\u015fir. P\u0131rlanta Di\u015f Poliklini\u011fi olarak, sa\u011fl\u0131\u011f\u0131n\u0131z\u0131 ertelememeniz i\u00e7in cerrahi i\u015flemlerde de kredi kart\u0131na taksit imkan\u0131 sunuyoruz.<\/p>\n\t\t\t\t\t\t\t\t\t\t\t<\/div>\n\t\t\t\t\t\t\t\t\t\t<\/div>\n\t\t\t\t\t\t\t\t\t<\/li>\n\t\t\t\t\t\t\t\t\t\t\t\t\t\t\t\t\t<\/ul>\n\t\t\t\t\t\t\t<\/div>\n\t\t\t\t\t\t<\/div>\n\t\t\t\t\t<\/div>\n\t\t\t\t<\/div>\n\t\t\t<\/div>\n\t\t<\/section>\n\t\t<!-- department-details end -->\n\n\n\t\t\t\t\t\t<\/div>\n\t\t\t\t<\/div>\n\t\t\t\t\t<\/div>\n\t\t<\/div>\n\t\t\t\t\t<\/div>\n\t\t<\/section>\n\t\t\t\t<\/div>","protected":false},"excerpt":{"rendered":"<p>\u00c7ay\u0131rova A\u011f\u0131z ve \u00c7ene Cerrahisi: G\u00f6m\u00fcl\u00fc Di\u015f ve Cerrahi Operasyonlar \u00c7ay\u0131rova P\u0131rlanta Di\u015f Poliklini\u011fi&#8217;nde g\u00f6m\u00fcl\u00fc 20&#8217;lik di\u015f \u00e7ekimi, kist operasyonlar\u0131 ve t\u00fcm \u00e7ene cerrahisi i\u015flemleri uzman cerrahlar taraf\u0131ndan a\u011fr\u0131s\u0131z ve steril ortamda yap\u0131lmaktad\u0131r. Cerrahi \u0130\u015flemlerde Uzman Dokunu\u015fu ve Maksimum Hijyen Di\u015f hekimli\u011finde cerrahi m\u00fcdahaleler, tecr\u00fcbe ve hassasiyet gerektiren en \u00f6nemli alanlardan biridir. P\u0131rlanta A\u011f\u0131z ve [&hellip;]<\/p>\n","protected":false},"author":1,"featured_media":0,"parent":0,"menu_order":0,"comment_status":"closed","ping_status":"closed","template":"tpl-default-elementor.php","meta":{"_joinchat":[],"footnotes":""},"class_list":["post-1401","page","type-page","status-publish","hentry"],"_links":{"self":[{"href":"https:\/\/www.pirlantadiscayirova.com\/en\/wp-json\/wp\/v2\/pages\/1401","targetHints":{"allow":["GET"]}}],"collection":[{"href":"https:\/\/www.pirlantadiscayirova.com\/en\/wp-json\/wp\/v2\/pages"}],"about":[{"href":"https:\/\/www.pirlantadiscayirova.com\/en\/wp-json\/wp\/v2\/types\/page"}],"author":[{"embeddable":true,"href":"https:\/\/www.pirlantadiscayirova.com\/en\/wp-json\/wp\/v2\/users\/1"}],"replies":[{"embeddable":true,"href":"https:\/\/www.pirlantadiscayirova.com\/en\/wp-json\/wp\/v2\/comments?post=1401"}],"version-history":[{"count":9,"href":"https:\/\/www.pirlantadiscayirova.com\/en\/wp-json\/wp\/v2\/pages\/1401\/revisions"}],"predecessor-version":[{"id":1507,"href":"https:\/\/www.pirlantadiscayirova.com\/en\/wp-json\/wp\/v2\/pages\/1401\/revisions\/1507"}],"wp:attachment":[{"href":"https:\/\/www.pirlantadiscayirova.com\/en\/wp-json\/wp\/v2\/media?parent=1401"}],"curies":[{"name":"wp","href":"https:\/\/api.w.org\/{rel}","templated":true}]}}