{"id":1405,"date":"2026-01-07T14:23:39","date_gmt":"2026-01-07T14:23:39","guid":{"rendered":"https:\/\/www.pirlantadiscayirova.com\/?page_id=1405"},"modified":"2026-01-08T15:13:26","modified_gmt":"2026-01-08T15:13:26","slug":"dis-eti-tedavisi","status":"publish","type":"page","link":"https:\/\/www.pirlantadiscayirova.com\/en\/dis-eti-tedavisi\/","title":{"rendered":"Gum Treatment"},"content":{"rendered":"<div data-elementor-type=\"wp-page\" data-elementor-id=\"1405\" class=\"elementor elementor-1405\">\n\t\t\t\t\t\t<section class=\"elementor-section elementor-top-section elementor-element elementor-element-2d2a5192 elementor-section-boxed elementor-section-height-default elementor-section-height-default\" data-id=\"2d2a5192\" data-element_type=\"section\" data-e-type=\"section\">\n\t\t\t\t\t\t<div class=\"elementor-container elementor-column-gap-no\">\n\t\t\t\t\t<div class=\"elementor-column elementor-col-100 elementor-top-column elementor-element elementor-element-20174a47\" data-id=\"20174a47\" data-element_type=\"column\" data-e-type=\"column\">\n\t\t\t<div class=\"elementor-widget-wrap elementor-element-populated\">\n\t\t\t\t\t\t<div class=\"elementor-element elementor-element-2f62a286 elementor-widget elementor-widget-doclik_department_details1\" data-id=\"2f62a286\" data-element_type=\"widget\" data-e-type=\"widget\" data-widget_type=\"doclik_department_details1.default\">\n\t\t\t\t<div class=\"elementor-widget-container\">\n\t\t\t\t\t\n\t\t<!-- department-details -->\n\t\t<section class=\"department-details two\">\n\t\t\t<div class=\"auto-container\">\n\t\t\t\t<div class=\"row clearfix\">\n\t\t\t\t\t<div class=\"col-md-12 col-sm-12 content-side\">\n\t\t\t\t\t\t<div class=\"department-details-content\">\n\t\t\t\t\t\t\t<div class=\"content-one\">\n\t\t\t\t\t\t\t\t\t\t\t\t\t\t\t\t<figure class=\"image-box\">\n\t\t\t\t\t\t\t\t\t<img decoding=\"async\" src=\"https:\/\/www.pirlantadiscayirova.com\/wp-content\/uploads\/2026\/01\/dis-eti-tedavisi-nasil-yapilir-1-1.webp\" alt=\"\">\n\t\t\t\t\t\t\t\t\t\t\t\t\t\t\t\t\t<\/figure>\n\t\t\t\t\t\t\t\t<div class=\"text\">\n\t\t\t\t\t\t\t\t\t<h2>\u00c7ay\u0131rova Di\u015f Eti Tedavisi (Periodontoloji) ve Kanal Tedavisi<\/h2>\n\t\t\t\t\t\t\t\t\t<p>\u00c7ay\u0131rova P\u0131rlanta Di\u015f Poliklini\u011fi'nde di\u015f eti kanamas\u0131, di\u015f ta\u015f\u0131 temizli\u011fi, di\u015f eti esteti\u011fi (gingivoplasti) ve a\u011fr\u0131s\u0131z kanal tedavisi hizmetleri. Di\u015flerinizi \u00e7ekilmekten kurtaran tedaviler ve 5 taksit imkan\u0131.<\/p>\n\t\t\t\t\t\t\t\t\t<ul class=\"list clearfix\">\n\t\t\t\t\t\t\t\t\t\t\t\t\t\t\t\t\t\t\t\t<li><i class=\"fas fa-check-square\"><\/i> <\/li>\n\t\t\t\t\t\t\t\t\t\t\t\t\t\t\t\t\t\t\t<\/ul>\n\t\t\t\t\t\t\t\t<\/div>\n\t\t\t\t\t\t\t<\/div>\n\t\t\t\t\t\t<\/div>\n\t\t\t\t\t<\/div>\n\t\t\t\t<\/div>\n\t\t\t<\/div>\n\t\t<\/section>\n\t\t<!-- department-details end -->\n\n\n\t\t\t\t\t\t<\/div>\n\t\t\t\t<\/div>\n\t\t\t\t<div class=\"elementor-element elementor-element-1b2bd59f elementor-widget elementor-widget-doclik_department_details2\" data-id=\"1b2bd59f\" data-element_type=\"widget\" data-e-type=\"widget\" data-widget_type=\"doclik_department_details2.default\">\n\t\t\t\t<div class=\"elementor-widget-container\">\n\t\t\t\t\t\n\t\t<!-- department-details -->\n\t\t<section class=\"department-details three\">\n\t\t\t<div class=\"auto-container\">\n\t\t\t\t<div class=\"row clearfix\">\n\t\t\t\t\t<div class=\"col-lg-12 col-md-12 col-sm-12 content-side\">\n\t\t\t\t\t\t<div class=\"department-details-content\">\n\t\t\t\t\t\t\t<div class=\"content-two\">\n\t\t\t\t\t\t\t\t<div class=\"row clearfix\">\n\t\t\t\t\t\t\t\t\t<div class=\"col-lg-6 col-md-6 col-sm-12 image-column\">\n\t\t\t\t\t\t\t\t\t\t\t\t\t\t\t\t\t\t\t\t<figure class=\"image-box\">\n\t\t\t\t\t\t\t\t\t\t<img decoding=\"async\" src=\"https:\/\/www.pirlantadiscayirova.com\/wp-content\/uploads\/2026\/01\/dis-eti-cekilmesine-ne-iyigeliir-jpg1642882487.38927.jpg\" alt=\"\">\n\t\t\t\t\t\t\t\t\t\t\t\t\t\t\t\t\t\t\t\t<\/figure>\n\t\t\t\t\t\t\t\t\t<\/div>\n\t\t\t\t\t\t\t\t\t<div class=\"col-lg-6 col-md-6 col-sm-12 text-column\">\n\t\t\t\t\t\t\t\t\t\t<div class=\"text\">\n\t\t\t\t\t\t\t\t\t\t\t<h3>Sa\u011flam Di\u015fler, Sa\u011fl\u0131kl\u0131 Di\u015f Etleriyle Ba\u015flar<\/h3>\n\t\t\t\t\t\t\t\t\t\t\t<p>Pek \u00e7ok hasta sadece di\u015f \u00e7\u00fcr\u00fcklerine odaklansa da, di\u015f kayb\u0131n\u0131n en b\u00fcy\u00fck nedenlerinden biri di\u015f eti hastal\u0131klar\u0131d\u0131r. Sa\u011fl\u0131kl\u0131 bir di\u015f eti a\u00e7\u0131k pembe renkte, mat ve di\u015fle birle\u015fti\u011fi yerde b\u0131\u00e7ak s\u0131rt\u0131 gibi muntazam olmal\u0131d\u0131r. P\u0131rlanta A\u011f\u0131z ve Di\u015f Sa\u011fl\u0131\u011f\u0131 Poliklini\u011fi olarak \u00c7ay\u0131rova'da, hem di\u015f etlerinizi sa\u011fl\u0131\u011f\u0131na kavu\u015fturuyor hem de ileri derece \u00e7\u00fcr\u00fcklerde kanal tedavisi ile di\u015flerinizi \u00e7ekilmekten kurtar\u0131yoruz.<\/p>\n\t\t\t\t\t\t\t\t\t\t\t<p>Periodontoloji (Di\u015f Eti Hastal\u0131klar\u0131 ve Tedavisi)\nAfi\u015fimizde detayland\u0131rd\u0131\u011f\u0131m\u0131z gibi; di\u015f eti \u00e7ekilmesi, di\u015f eti iltihab\u0131 ve periodontal doku hastal\u0131klar\u0131 uzman hekimlerimiz taraf\u0131ndan tedavi edilmektedir.<\/p>\n\t\t\t\t\t\t\t\t\t\t\t<ul class=\"list clearfix\">\n\t\t\t\t\t\t\t\t\t\t\t\t\t\t\t\t\t\t\t\t\t\t\t\t<li><i class=\"fas fa-check-square\"><\/i>Di\u015f Ta\u015f\u0131 Temizli\u011fi (Detertraj): A\u011f\u0131z bak\u0131m\u0131n\u0131n temelidir. Di\u015f y\u00fczeyinde biriken plak ve ta\u015flar, di\u015f eti kanamas\u0131na ve a\u011f\u0131z kokusuna neden olur. Ultrasonik cihazlarla di\u015f minesine zarar vermeden yap\u0131lan temizlik, di\u015f etlerinizi rahatlat\u0131r.<\/li>\n\t\t\t\t\t\t\t\t\t\t\t\t\t\t\t\t\t\t\t\t\t\t\t\t<li><i class=\"fas fa-check-square\"><\/i>Di\u015f Eti Kanamas\u0131 Tedavisi: F\u0131r\u00e7alarken veya kendili\u011finden kanayan di\u015f etleri, iltihab\u0131n (Gingivitis) habercisidir. Erken m\u00fcdahale ile bu sorun kal\u0131c\u0131 olarak \u00e7\u00f6z\u00fcl\u00fcr.<\/li>\n\t\t\t\t\t\t\t\t\t\t\t\t\t\t\t\t\t\t\t\t\t\t\t\t<li><i class=\"fas fa-check-square\"><\/i>Pembe Estetik (Gingivoplasti): Afi\u015fimizde yer alan bu \u00f6zel i\u015flem; g\u00fclerken di\u015f etleri \u00e7ok g\u00f6r\u00fcnen veya di\u015f eti seviyeleri d\u00fczensiz olan hastalara uygulan\u0131r. Lazer veya cerrahi y\u00f6ntemle di\u015f eti seviyesi d\u00fczeltilerek estetik bir g\u00fcl\u00fc\u015f sa\u011flan\u0131r.<\/li>\n\t\t\t\t\t\t\t\t\t\t\t\t\t\t\t\t\t\t\t\t\t\t\t\t<li><i class=\"fas fa-check-square\"><\/i>Di\u015f Eti Grefti ve Cerrahi: \u0130leri derece di\u015f eti \u00e7ekilmelerinde, a\u00e7\u0131kta kalan k\u00f6k y\u00fczeylerini kapatmak i\u00e7in yap\u0131lan mikro cerrahi i\u015flemlerdir.<\/li>\n\t\t\t\t\t\t\t\t\t\t\t\t\t\t\t\t\t\t\t\t\t\t\t<\/ul>\n\t\t\t\t\t\t\t\t\t\t<\/div>\n\t\t\t\t\t\t\t\t\t<\/div>\n\t\t\t\t\t\t\t\t<\/div>\n\t\t\t\t\t\t\t<\/div>\n\t\t\t\t\t\t<\/div>\n\t\t\t\t\t<\/div>\n\t\t\t\t<\/div>\n\t\t\t<\/div>\n\t\t<\/section>\n\t\t<!-- department-details end -->\n\n\n\t\t\t\t\t\t<\/div>\n\t\t\t\t<\/div>\n\t\t\t\t<div class=\"elementor-element elementor-element-7ed42aee elementor-widget elementor-widget-doclik_department_details3\" data-id=\"7ed42aee\" data-element_type=\"widget\" data-e-type=\"widget\" data-widget_type=\"doclik_department_details3.default\">\n\t\t\t\t<div class=\"elementor-widget-container\">\n\t\t\t\t\t\n\t\t<!-- department-details -->\n\t\t<section class=\"department-details four\">\n\t\t\t<div class=\"auto-container\">\n\t\t\t\t<div class=\"row clearfix\">\n\t\t\t\t\t<div class=\"col-lg-12 col-md-12 col-sm-12 content-side\">\n\t\t\t\t\t\t<div class=\"department-details-content\">\n\t\t\t\t\t\t\t<div class=\"content-three\">\n\t\t\t\t\t\t\t\t<div class=\"text\">\n\t\t\t\t\t\t\t\t\t<h3>Merak Edilenler (S\u0131k\u00e7a Sorulan Sorular)<\/h3>\n\t\t\t\t\t\t\t\t\t<p><\/p>\n\t\t\t\t\t\t\t\t<\/div>\n\t\t\t\t\t\t\t\t<ul class=\"accordion-box\">\n\t\t\t\t\t\t\t\t\t\t\t\t\t\t\t\t\t\t<li class=\"accordion block\">\n\t\t\t\t\t\t\t\t\t\t<div class=\"acc-btn\">\n\t\t\t\t\t\t\t\t\t\t\t<div class=\"icon-outer\"><\/div>\n\t\t\t\t\t\t\t\t\t\t\t<h4>Di\u015f ta\u015f\u0131 temizli\u011fi di\u015flere zarar verir mi?<\/h4>\n\t\t\t\t\t\t\t\t\t\t<\/div>\n\t\t\t\t\t\t\t\t\t\t<div class=\"acc-content\">\n\t\t\t\t\t\t\t\t\t\t\t<div class=\"text\">\n\t\t\t\t\t\t\t\t\t\t\t\t<p>Halk aras\u0131nda yanl\u0131\u015f bilinenin aksine, di\u015f ta\u015f\u0131 temizli\u011fi di\u015fe zarar vermez; tam tersine di\u015fi saran dokular\u0131 rahatlatarak di\u015fin \u00f6mr\u00fcn\u00fc uzat\u0131r. Temizlenmeyen ta\u015flar di\u015f eti \u00e7ekilmesine ve di\u015fin sallanarak d\u00fc\u015fmesine neden olur.<\/p>\n\t\t\t\t\t\t\t\t\t\t\t<\/div>\n\t\t\t\t\t\t\t\t\t\t<\/div>\n\t\t\t\t\t\t\t\t\t<\/li>\n\t\t\t\t\t\t\t\t\t\t\t\t\t\t\t\t\t\t<li class=\"accordion block active-block\">\n\t\t\t\t\t\t\t\t\t\t<div class=\"acc-btn active\">\n\t\t\t\t\t\t\t\t\t\t\t<div class=\"icon-outer\"><\/div>\n\t\t\t\t\t\t\t\t\t\t\t<h4>Kanal tedavisi a\u011fr\u0131l\u0131 bir i\u015flem midir?<\/h4>\n\t\t\t\t\t\t\t\t\t\t<\/div>\n\t\t\t\t\t\t\t\t\t\t<div class=\"acc-content current\">\n\t\t\t\t\t\t\t\t\t\t\t<div class=\"text\">\n\t\t\t\t\t\t\t\t\t\t\t\t<p>Hay\u0131r. \u0130\u015flem s\u0131ras\u0131nda yap\u0131lan lokal anestezi sayesinde hasta a\u011fr\u0131 hissetmez. Tedavi sonras\u0131 di\u015f, enfeksiyondan kurtuldu\u011fu i\u00e7in mevcut zonklama a\u011fr\u0131s\u0131 da tamamen ge\u00e7er.<\/p>\n\t\t\t\t\t\t\t\t\t\t\t<\/div>\n\t\t\t\t\t\t\t\t\t\t<\/div>\n\t\t\t\t\t\t\t\t\t<\/li>\n\t\t\t\t\t\t\t\t\t\t\t\t\t\t\t\t\t\t<li class=\"accordion block\">\n\t\t\t\t\t\t\t\t\t\t<div class=\"acc-btn\">\n\t\t\t\t\t\t\t\t\t\t\t<div class=\"icon-outer\"><\/div>\n\t\t\t\t\t\t\t\t\t\t\t<h4>Di\u015f etim \u00e7ekildi, geri gelir mi?<\/h4>\n\t\t\t\t\t\t\t\t\t\t<\/div>\n\t\t\t\t\t\t\t\t\t\t<div class=\"acc-content\">\n\t\t\t\t\t\t\t\t\t\t\t<div class=\"text\">\n\t\t\t\t\t\t\t\t\t\t\t\t<p>Di\u015f eti \u00e7ekilmesi mekanik olarak (yanl\u0131\u015f f\u0131r\u00e7alama vb.) olu\u015ftuysa kendili\u011finden geri gelmez. Ancak klini\u011fimizde yap\u0131lan di\u015f eti grefti gibi cerrahi m\u00fcdahalelerle k\u00f6k y\u00fczeyleri kapat\u0131labilir ve \u00e7ekilme durdurulur.<\/p>\n\t\t\t\t\t\t\t\t\t\t\t<\/div>\n\t\t\t\t\t\t\t\t\t\t<\/div>\n\t\t\t\t\t\t\t\t\t<\/li>\n\t\t\t\t\t\t\t\t\t\t\t\t\t\t\t\t\t<\/ul>\n\t\t\t\t\t\t\t<\/div>\n\t\t\t\t\t\t<\/div>\n\t\t\t\t\t<\/div>\n\t\t\t\t<\/div>\n\t\t\t<\/div>\n\t\t<\/section>\n\t\t<!-- department-details end -->\n\n\n\t\t\t\t\t\t<\/div>\n\t\t\t\t<\/div>\n\t\t\t\t\t<\/div>\n\t\t<\/div>\n\t\t\t\t\t<\/div>\n\t\t<\/section>\n\t\t\t\t<\/div>","protected":false},"excerpt":{"rendered":"<p>\u00c7ay\u0131rova Di\u015f Eti Tedavisi (Periodontoloji) ve Kanal Tedavisi \u00c7ay\u0131rova P\u0131rlanta Di\u015f Poliklini\u011fi&#8217;nde di\u015f eti kanamas\u0131, di\u015f ta\u015f\u0131 temizli\u011fi, di\u015f eti esteti\u011fi (gingivoplasti) ve a\u011fr\u0131s\u0131z kanal tedavisi hizmetleri. Di\u015flerinizi \u00e7ekilmekten kurtaran tedaviler ve 5 taksit imkan\u0131. Sa\u011flam Di\u015fler, Sa\u011fl\u0131kl\u0131 Di\u015f Etleriyle Ba\u015flar Pek \u00e7ok hasta sadece di\u015f \u00e7\u00fcr\u00fcklerine odaklansa da, di\u015f kayb\u0131n\u0131n en b\u00fcy\u00fck nedenlerinden biri [&hellip;]<\/p>\n","protected":false},"author":1,"featured_media":0,"parent":0,"menu_order":0,"comment_status":"closed","ping_status":"closed","template":"tpl-default-elementor.php","meta":{"_joinchat":[],"footnotes":""},"class_list":["post-1405","page","type-page","status-publish","hentry"],"_links":{"self":[{"href":"https:\/\/www.pirlantadiscayirova.com\/en\/wp-json\/wp\/v2\/pages\/1405","targetHints":{"allow":["GET"]}}],"collection":[{"href":"https:\/\/www.pirlantadiscayirova.com\/en\/wp-json\/wp\/v2\/pages"}],"about":[{"href":"https:\/\/www.pirlantadiscayirova.com\/en\/wp-json\/wp\/v2\/types\/page"}],"author":[{"embeddable":true,"href":"https:\/\/www.pirlantadiscayirova.com\/en\/wp-json\/wp\/v2\/users\/1"}],"replies":[{"embeddable":true,"href":"https:\/\/www.pirlantadiscayirova.com\/en\/wp-json\/wp\/v2\/comments?post=1405"}],"version-history":[{"count":12,"href":"https:\/\/www.pirlantadiscayirova.com\/en\/wp-json\/wp\/v2\/pages\/1405\/revisions"}],"predecessor-version":[{"id":1517,"href":"https:\/\/www.pirlantadiscayirova.com\/en\/wp-json\/wp\/v2\/pages\/1405\/revisions\/1517"}],"wp:attachment":[{"href":"https:\/\/www.pirlantadiscayirova.com\/en\/wp-json\/wp\/v2\/media?parent=1405"}],"curies":[{"name":"wp","href":"https:\/\/api.w.org\/{rel}","templated":true}]}}