{"id":1418,"date":"2026-01-07T14:54:53","date_gmt":"2026-01-07T14:54:53","guid":{"rendered":"https:\/\/www.pirlantadiscayirova.com\/?page_id=1418"},"modified":"2026-01-08T15:15:38","modified_gmt":"2026-01-08T15:15:38","slug":"pedodonti-2","status":"publish","type":"page","link":"https:\/\/www.pirlantadiscayirova.com\/en\/pedodonti-2\/","title":{"rendered":"Endodontics"},"content":{"rendered":"<div data-elementor-type=\"wp-page\" data-elementor-id=\"1418\" class=\"elementor elementor-1418\">\n\t\t\t\t\t\t<section class=\"elementor-section elementor-top-section elementor-element elementor-element-2d2a5192 elementor-section-boxed elementor-section-height-default elementor-section-height-default\" data-id=\"2d2a5192\" data-element_type=\"section\" data-e-type=\"section\">\n\t\t\t\t\t\t<div class=\"elementor-container elementor-column-gap-no\">\n\t\t\t\t\t<div class=\"elementor-column elementor-col-100 elementor-top-column elementor-element elementor-element-20174a47\" data-id=\"20174a47\" data-element_type=\"column\" data-e-type=\"column\">\n\t\t\t<div class=\"elementor-widget-wrap elementor-element-populated\">\n\t\t\t\t\t\t<div class=\"elementor-element elementor-element-2f62a286 elementor-widget elementor-widget-doclik_department_details1\" data-id=\"2f62a286\" data-element_type=\"widget\" data-e-type=\"widget\" data-widget_type=\"doclik_department_details1.default\">\n\t\t\t\t<div class=\"elementor-widget-container\">\n\t\t\t\t\t\n\t\t<!-- department-details -->\n\t\t<section class=\"department-details two\">\n\t\t\t<div class=\"auto-container\">\n\t\t\t\t<div class=\"row clearfix\">\n\t\t\t\t\t<div class=\"col-md-12 col-sm-12 content-side\">\n\t\t\t\t\t\t<div class=\"department-details-content\">\n\t\t\t\t\t\t\t<div class=\"content-one\">\n\t\t\t\t\t\t\t\t\t\t\t\t\t\t\t\t<figure class=\"image-box\">\n\t\t\t\t\t\t\t\t\t<img decoding=\"async\" src=\"https:\/\/www.pirlantadiscayirova.com\/wp-content\/uploads\/2026\/01\/ankara-endodonti-tedavisi.png\" alt=\"\">\n\t\t\t\t\t\t\t\t\t\t\t\t\t\t\t\t\t<\/figure>\n\t\t\t\t\t\t\t\t<div class=\"text\">\n\t\t\t\t\t\t\t\t\t<h2>\u00c7ay\u0131rova Endodonti (Kanal Tedavisi): A\u011fr\u0131yan Di\u015finizi \u00c7ektirmeyin, Kurtar\u0131n<\/h2>\n\t\t\t\t\t\t\t\t\t<p>\u00c7ay\u0131rova P\u0131rlanta Di\u015f Poliklini\u011fi'nde a\u011fr\u0131s\u0131z kanal tedavisi (Endodonti) ile di\u015flerinizi \u00e7ekilmekten kurtar\u0131yoruz. Gece a\u011fr\u0131lar\u0131na son veren modern tedaviler ve sa\u011fl\u0131k harcamalar\u0131n\u0131zda  taksit imkan\u0131.<\/p>\n\t\t\t\t\t\t\t\t\t<ul class=\"list clearfix\">\n\t\t\t\t\t\t\t\t\t\t\t\t\t\t\t\t\t\t\t\t<li><i class=\"fas fa-check-square\"><\/i> Anestezi<\/li>\n\t\t\t\t\t\t\t\t\t\t\t\t\t\t\t\t\t\t\t\t<li><i class=\"fas fa-check-square\"><\/i> Temizleme<\/li>\n\t\t\t\t\t\t\t\t\t\t\t\t\t\t\t\t\t\t\t\t<li><i class=\"fas fa-check-square\"><\/i> Dezenfeksiyon<\/li>\n\t\t\t\t\t\t\t\t\t\t\t\t\t\t\t\t\t\t\t<\/ul>\n\t\t\t\t\t\t\t\t<\/div>\n\t\t\t\t\t\t\t<\/div>\n\t\t\t\t\t\t<\/div>\n\t\t\t\t\t<\/div>\n\t\t\t\t<\/div>\n\t\t\t<\/div>\n\t\t<\/section>\n\t\t<!-- department-details end -->\n\n\n\t\t\t\t\t\t<\/div>\n\t\t\t\t<\/div>\n\t\t\t\t<div class=\"elementor-element elementor-element-1b2bd59f elementor-widget elementor-widget-doclik_department_details2\" data-id=\"1b2bd59f\" data-element_type=\"widget\" data-e-type=\"widget\" data-widget_type=\"doclik_department_details2.default\">\n\t\t\t\t<div class=\"elementor-widget-container\">\n\t\t\t\t\t\n\t\t<!-- department-details -->\n\t\t<section class=\"department-details three\">\n\t\t\t<div class=\"auto-container\">\n\t\t\t\t<div class=\"row clearfix\">\n\t\t\t\t\t<div class=\"col-lg-12 col-md-12 col-sm-12 content-side\">\n\t\t\t\t\t\t<div class=\"department-details-content\">\n\t\t\t\t\t\t\t<div class=\"content-two\">\n\t\t\t\t\t\t\t\t<div class=\"row clearfix\">\n\t\t\t\t\t\t\t\t\t<div class=\"col-lg-6 col-md-6 col-sm-12 image-column\">\n\t\t\t\t\t\t\t\t\t\t\t\t\t\t\t\t\t\t\t\t<figure class=\"image-box\">\n\t\t\t\t\t\t\t\t\t\t<img decoding=\"async\" src=\"https:\/\/www.pirlantadiscayirova.com\/wp-content\/uploads\/2026\/01\/ankara-Endodonti-tedavisi-ve-fiyatlari-202-1024x576-1.webp\" alt=\"\">\n\t\t\t\t\t\t\t\t\t\t\t\t\t\t\t\t\t\t\t\t<\/figure>\n\t\t\t\t\t\t\t\t\t<\/div>\n\t\t\t\t\t\t\t\t\t<div class=\"col-lg-6 col-md-6 col-sm-12 text-column\">\n\t\t\t\t\t\t\t\t\t\t<div class=\"text\">\n\t\t\t\t\t\t\t\t\t\t\t<h3>\u015eiddetli Di\u015f A\u011fr\u0131s\u0131 Kaderiniz De\u011fil<\/h3>\n\t\t\t\t\t\t\t\t\t\t\t<p>Gece uykudan uyand\u0131ran, so\u011fuk su i\u00e7ti\u011finizde s\u0131zlayan veya \u00fczerine bast\u0131ramad\u0131\u011f\u0131n\u0131z bir di\u015finiz mi var? Bu belirtiler, di\u015finizin i\u00e7indeki sinir dokusunun (pulpa) hasar g\u00f6rd\u00fc\u011f\u00fcn\u00fc ve yard\u0131ma ihtiyac\u0131 oldu\u011funu g\u00f6sterir. P\u0131rlanta A\u011f\u0131z ve Di\u015f Sa\u011fl\u0131\u011f\u0131 Poliklini\u011fi olarak \u00c7ay\u0131rova'da, hastalar\u0131m\u0131z\u0131n en \u00e7ok \u00e7ekindi\u011fi bu tedaviyi, modern anestezi teknikleri ve son teknoloji cihazlarla \"konforlu bir deneyime\" d\u00f6n\u00fc\u015ft\u00fcr\u00fcyoruz. Amac\u0131m\u0131z di\u015fi \u00e7ekmek de\u011fil, tedavi ederek a\u011f\u0131zda tutmakt\u0131r.<\/p>\n\t\t\t\t\t\t\t\t\t\t\t<p>Kanal Tedavisi Hangi Durumlarda Gereklidir?<\/p>\n\t\t\t\t\t\t\t\t\t\t\t<ul class=\"list clearfix\">\n\t\t\t\t\t\t\t\t\t\t\t\t\t\t\t\t\t\t\t\t\t\t\t\t<li><i class=\"fas fa-check-square\"><\/i>Spontan A\u011fr\u0131: Durup dururken ba\u015flayan, \u00f6zellikle geceleri artan zonklay\u0131c\u0131 a\u011fr\u0131.<\/li>\n\t\t\t\t\t\t\t\t\t\t\t\t\t\t\t\t\t\t\t\t\t\t\t\t<li><i class=\"fas fa-check-square\"><\/i>A\u015f\u0131r\u0131 Hassasiyet: S\u0131cak veya so\u011fuk yiyecek-i\u00e7ecek temas\u0131ndan sonra uzun s\u00fcre ge\u00e7meyen s\u0131z\u0131.<\/li>\n\t\t\t\t\t\t\t\t\t\t\t\t\t\t\t\t\t\t\t\t\t\t\t\t<li><i class=\"fas fa-check-square\"><\/i>\u015ei\u015flik ve Apse: Di\u015f etinde veya y\u00fczde olu\u015fan, dokunuldu\u011funda a\u011fr\u0131yan \u015fi\u015flikler.<\/li>\n\t\t\t\t\t\t\t\t\t\t\t\t\t\t\t\t\t\t\t\t\t\t\t\t<li><i class=\"fas fa-check-square\"><\/i>Renk De\u011fi\u015fimi: Travma (darbe) sonras\u0131 di\u015fin renginin grile\u015fmesi veya koyula\u015fmas\u0131.<\/li>\n\t\t\t\t\t\t\t\t\t\t\t\t\t\t\t\t\t\t\t\t\t\t\t<\/ul>\n\t\t\t\t\t\t\t\t\t\t<\/div>\n\t\t\t\t\t\t\t\t\t<\/div>\n\t\t\t\t\t\t\t\t<\/div>\n\t\t\t\t\t\t\t<\/div>\n\t\t\t\t\t\t<\/div>\n\t\t\t\t\t<\/div>\n\t\t\t\t<\/div>\n\t\t\t<\/div>\n\t\t<\/section>\n\t\t<!-- department-details end -->\n\n\n\t\t\t\t\t\t<\/div>\n\t\t\t\t<\/div>\n\t\t\t\t\t<\/div>\n\t\t<\/div>\n\t\t\t\t\t<\/div>\n\t\t<\/section>\n\t\t\t\t<\/div>","protected":false},"excerpt":{"rendered":"<p>\u00c7ay\u0131rova Endodonti (Kanal Tedavisi): A\u011fr\u0131yan Di\u015finizi \u00c7ektirmeyin, Kurtar\u0131n \u00c7ay\u0131rova P\u0131rlanta Di\u015f Poliklini\u011fi&#8217;nde a\u011fr\u0131s\u0131z kanal tedavisi (Endodonti) ile di\u015flerinizi \u00e7ekilmekten kurtar\u0131yoruz. Gece a\u011fr\u0131lar\u0131na son veren modern tedaviler ve sa\u011fl\u0131k harcamalar\u0131n\u0131zda taksit imkan\u0131. Anestezi Temizleme Dezenfeksiyon \u015eiddetli Di\u015f A\u011fr\u0131s\u0131 Kaderiniz De\u011fil Gece uykudan uyand\u0131ran, so\u011fuk su i\u00e7ti\u011finizde s\u0131zlayan veya \u00fczerine bast\u0131ramad\u0131\u011f\u0131n\u0131z bir di\u015finiz mi var? Bu belirtiler, [&hellip;]<\/p>\n","protected":false},"author":1,"featured_media":0,"parent":0,"menu_order":0,"comment_status":"closed","ping_status":"closed","template":"tpl-default-elementor.php","meta":{"_joinchat":[],"footnotes":""},"class_list":["post-1418","page","type-page","status-publish","hentry"],"_links":{"self":[{"href":"https:\/\/www.pirlantadiscayirova.com\/en\/wp-json\/wp\/v2\/pages\/1418","targetHints":{"allow":["GET"]}}],"collection":[{"href":"https:\/\/www.pirlantadiscayirova.com\/en\/wp-json\/wp\/v2\/pages"}],"about":[{"href":"https:\/\/www.pirlantadiscayirova.com\/en\/wp-json\/wp\/v2\/types\/page"}],"author":[{"embeddable":true,"href":"https:\/\/www.pirlantadiscayirova.com\/en\/wp-json\/wp\/v2\/users\/1"}],"replies":[{"embeddable":true,"href":"https:\/\/www.pirlantadiscayirova.com\/en\/wp-json\/wp\/v2\/comments?post=1418"}],"version-history":[{"count":12,"href":"https:\/\/www.pirlantadiscayirova.com\/en\/wp-json\/wp\/v2\/pages\/1418\/revisions"}],"predecessor-version":[{"id":1527,"href":"https:\/\/www.pirlantadiscayirova.com\/en\/wp-json\/wp\/v2\/pages\/1418\/revisions\/1527"}],"wp:attachment":[{"href":"https:\/\/www.pirlantadiscayirova.com\/en\/wp-json\/wp\/v2\/media?parent=1418"}],"curies":[{"name":"wp","href":"https:\/\/api.w.org\/{rel}","templated":true}]}}