{"id":1450,"date":"2026-01-08T13:05:33","date_gmt":"2026-01-08T13:05:33","guid":{"rendered":"https:\/\/www.pirlantadiscayirova.com\/?page_id=1450"},"modified":"2026-01-08T15:16:32","modified_gmt":"2026-01-08T15:16:32","slug":"dis-tasi-temizligi","status":"publish","type":"page","link":"https:\/\/www.pirlantadiscayirova.com\/en\/dis-tasi-temizligi\/","title":{"rendered":"Tartar Cleaning"},"content":{"rendered":"<div data-elementor-type=\"wp-page\" data-elementor-id=\"1450\" class=\"elementor elementor-1450\">\n\t\t\t\t\t\t<section class=\"elementor-section elementor-top-section elementor-element elementor-element-2d2a5192 elementor-section-boxed elementor-section-height-default elementor-section-height-default\" data-id=\"2d2a5192\" data-element_type=\"section\" data-e-type=\"section\">\n\t\t\t\t\t\t<div class=\"elementor-container elementor-column-gap-no\">\n\t\t\t\t\t<div class=\"elementor-column elementor-col-100 elementor-top-column elementor-element elementor-element-20174a47\" data-id=\"20174a47\" data-element_type=\"column\" data-e-type=\"column\">\n\t\t\t<div class=\"elementor-widget-wrap elementor-element-populated\">\n\t\t\t\t\t\t<div class=\"elementor-element elementor-element-2f62a286 elementor-widget elementor-widget-doclik_department_details1\" data-id=\"2f62a286\" data-element_type=\"widget\" data-e-type=\"widget\" data-widget_type=\"doclik_department_details1.default\">\n\t\t\t\t<div class=\"elementor-widget-container\">\n\t\t\t\t\t\n\t\t<!-- department-details -->\n\t\t<section class=\"department-details two\">\n\t\t\t<div class=\"auto-container\">\n\t\t\t\t<div class=\"row clearfix\">\n\t\t\t\t\t<div class=\"col-md-12 col-sm-12 content-side\">\n\t\t\t\t\t\t<div class=\"department-details-content\">\n\t\t\t\t\t\t\t<div class=\"content-one\">\n\t\t\t\t\t\t\t\t\t\t\t\t\t\t\t\t<figure class=\"image-box\">\n\t\t\t\t\t\t\t\t\t<img decoding=\"async\" src=\"https:\/\/www.pirlantadiscayirova.com\/wp-content\/uploads\/2026\/01\/dis-tasi-temizligi-tartar-tedavisi.jpg\" alt=\"\">\n\t\t\t\t\t\t\t\t\t\t\t\t\t\t\t\t\t<\/figure>\n\t\t\t\t\t\t\t\t<div class=\"text\">\n\t\t\t\t\t\t\t\t\t<h2>\u00c7ay\u0131rova Di\u015f Ta\u015f\u0131 Temizli\u011fi: Ferah Bir Nefes ve Sa\u011fl\u0131kl\u0131 Di\u015f Etleri<\/h2>\n\t\t\t\t\t\t\t\t\t<p>\u00c7ay\u0131rova P\u0131rlanta Di\u015f Poliklini\u011fi'nde profesyonel di\u015f ta\u015f\u0131 temizli\u011fi (detertraj) ile a\u011f\u0131z kokusu ve di\u015f eti kanamas\u0131na son verin. Di\u015f minenize zarar vermeyen ultrasonik y\u00f6ntemler ve taksit avantaj\u0131.<\/p>\n\t\t\t\t\t\t\t\t\t<ul class=\"list clearfix\">\n\t\t\t\t\t\t\t\t\t\t\t\t\t\t\t\t\t\t\t\t<li><i class=\"fas fa-check-square\"><\/i> Ultrasonik Temizlik<\/li>\n\t\t\t\t\t\t\t\t\t\t\t\t\t\t\t\t\t\t\t\t<li><i class=\"fas fa-check-square\"><\/i> Polisaj (Parlatma)<\/li>\n\t\t\t\t\t\t\t\t\t\t\t\t\t\t\t\t\t\t\t\t<li><i class=\"fas fa-check-square\"><\/i> Sonu\u00e7<\/li>\n\t\t\t\t\t\t\t\t\t\t\t\t\t\t\t\t\t\t\t<\/ul>\n\t\t\t\t\t\t\t\t<\/div>\n\t\t\t\t\t\t\t<\/div>\n\t\t\t\t\t\t<\/div>\n\t\t\t\t\t<\/div>\n\t\t\t\t<\/div>\n\t\t\t<\/div>\n\t\t<\/section>\n\t\t<!-- department-details end -->\n\n\n\t\t\t\t\t\t<\/div>\n\t\t\t\t<\/div>\n\t\t\t\t<div class=\"elementor-element elementor-element-1b2bd59f elementor-widget elementor-widget-doclik_department_details2\" data-id=\"1b2bd59f\" data-element_type=\"widget\" data-e-type=\"widget\" data-widget_type=\"doclik_department_details2.default\">\n\t\t\t\t<div class=\"elementor-widget-container\">\n\t\t\t\t\t\n\t\t<!-- department-details -->\n\t\t<section class=\"department-details three\">\n\t\t\t<div class=\"auto-container\">\n\t\t\t\t<div class=\"row clearfix\">\n\t\t\t\t\t<div class=\"col-lg-12 col-md-12 col-sm-12 content-side\">\n\t\t\t\t\t\t<div class=\"department-details-content\">\n\t\t\t\t\t\t\t<div class=\"content-two\">\n\t\t\t\t\t\t\t\t<div class=\"row clearfix\">\n\t\t\t\t\t\t\t\t\t<div class=\"col-lg-6 col-md-6 col-sm-12 image-column\">\n\t\t\t\t\t\t\t\t\t\t\t\t\t\t\t\t\t\t\t\t<figure class=\"image-box\">\n\t\t\t\t\t\t\t\t\t\t<img decoding=\"async\" src=\"https:\/\/www.pirlantadiscayirova.com\/wp-content\/uploads\/2026\/01\/dis-tasi-temizligi-nedir-1024x576-1.jpg\" alt=\"\">\n\t\t\t\t\t\t\t\t\t\t\t\t\t\t\t\t\t\t\t\t<\/figure>\n\t\t\t\t\t\t\t\t\t<\/div>\n\t\t\t\t\t\t\t\t\t<div class=\"col-lg-6 col-md-6 col-sm-12 text-column\">\n\t\t\t\t\t\t\t\t\t\t<div class=\"text\">\n\t\t\t\t\t\t\t\t\t\t\t<h3>F\u0131r\u00e7alamak Bazen Yetmeyebilir<\/h3>\n\t\t\t\t\t\t\t\t\t\t\t<p>G\u00fcnde iki kez di\u015f f\u0131r\u00e7alasak bile, di\u015flerin arka y\u00fczeylerinde veya di\u015f aralar\u0131nda f\u0131r\u00e7an\u0131n ula\u015famad\u0131\u011f\u0131 noktalar kalabilir. Zamanla bu b\u00f6lgelerde biriken bakteri pla\u011f\u0131, t\u00fck\u00fcr\u00fckteki minerallerle birle\u015ferek sertle\u015fir ve \"di\u015f ta\u015f\u0131na\" (tartar) d\u00f6n\u00fc\u015f\u00fcr. P\u0131rlanta A\u011f\u0131z ve Di\u015f Sa\u011fl\u0131\u011f\u0131 Poliklini\u011fi olarak \u00c7ay\u0131rova'da, a\u011f\u0131z sa\u011fl\u0131\u011f\u0131n\u0131n temeli olan di\u015f ta\u015f\u0131 temizli\u011fini, di\u015f minenize hi\u00e7 zarar vermeyen modern ultrasonik cihazlarla ger\u00e7ekle\u015ftiriyoruz.<\/p>\n\t\t\t\t\t\t\t\t\t\t\t<p>Di\u015f ta\u015f\u0131, sadece estetik bir sorun de\u011fildir; di\u015f eti hastal\u0131klar\u0131n\u0131n bir numaral\u0131 nedenidir. Temizlenmedi\u011fi takdirde \u015fu sorunlara yol a\u00e7ar:<\/p>\n\t\t\t\t\t\t\t\t\t\t\t<ul class=\"list clearfix\">\n\t\t\t\t\t\t\t\t\t\t\t\t\t\t\t\t\t\t\t\t\t\t\t\t<li><i class=\"fas fa-check-square\"><\/i>Spontan A\u011fr\u0131: Durup dururken ba\u015flayan, \u00f6zellikle geceleri artan zonklay\u0131c\u0131 a\u011fr\u0131.<\/li>\n\t\t\t\t\t\t\t\t\t\t\t\t\t\t\t\t\t\t\t\t\t\t\t\t<li><i class=\"fas fa-check-square\"><\/i>Di\u015f Eti Kanamas\u0131 ve \u0130ltihab\u0131: Di\u015f ta\u015flar\u0131 \u00fczerindeki bakteriler di\u015f etini tahri\u015f eder, f\u0131r\u00e7alarken kanama ve \u015fi\u015flik (Gingivitis) ba\u015flar.<\/li>\n\t\t\t\t\t\t\t\t\t\t\t\t\t\t\t\t\t\t\t\t\t\t\t\t<li><i class=\"fas fa-check-square\"><\/i>A\u011f\u0131z Kokusu: Sertle\u015fmi\u015f plak tabakas\u0131, k\u00f6t\u00fc kokuya neden olan bakteriler i\u00e7in m\u00fckemmel bir yuvad\u0131r.<\/li>\n\t\t\t\t\t\t\t\t\t\t\t\t\t\t\t\t\t\t\t\t\t\t\t\t<li><i class=\"fas fa-check-square\"><\/i>Di\u015f Eti \u00c7ekilmesi: \u0130lerleyen di\u015f ta\u015flar\u0131, di\u015f eti ile di\u015fin aras\u0131n\u0131 a\u00e7arak kemik erimesine ve di\u015f eti \u00e7ekilmesine neden olur.<\/li>\n\t\t\t\t\t\t\t\t\t\t\t\t\t\t\t\t\t\t\t\t\t\t\t\t<li><i class=\"fas fa-check-square\"><\/i>Di\u015f Kayb\u0131: Tedavi edilmeyen di\u015f eti hastal\u0131klar\u0131, sa\u011flam di\u015flerin bile sallanarak d\u00f6k\u00fclmesine yol a\u00e7abilir.<\/li>\n\t\t\t\t\t\t\t\t\t\t\t\t\t\t\t\t\t\t\t\t\t\t\t<\/ul>\n\t\t\t\t\t\t\t\t\t\t<\/div>\n\t\t\t\t\t\t\t\t\t<\/div>\n\t\t\t\t\t\t\t\t<\/div>\n\t\t\t\t\t\t\t<\/div>\n\t\t\t\t\t\t<\/div>\n\t\t\t\t\t<\/div>\n\t\t\t\t<\/div>\n\t\t\t<\/div>\n\t\t<\/section>\n\t\t<!-- department-details end -->\n\n\n\t\t\t\t\t\t<\/div>\n\t\t\t\t<\/div>\n\t\t\t\t\t<\/div>\n\t\t<\/div>\n\t\t\t\t\t<\/div>\n\t\t<\/section>\n\t\t\t\t<\/div>","protected":false},"excerpt":{"rendered":"<p>\u00c7ay\u0131rova Di\u015f Ta\u015f\u0131 Temizli\u011fi: Ferah Bir Nefes ve Sa\u011fl\u0131kl\u0131 Di\u015f Etleri \u00c7ay\u0131rova P\u0131rlanta Di\u015f Poliklini\u011fi&#8217;nde profesyonel di\u015f ta\u015f\u0131 temizli\u011fi (detertraj) ile a\u011f\u0131z kokusu ve di\u015f eti kanamas\u0131na son verin. Di\u015f minenize zarar vermeyen ultrasonik y\u00f6ntemler ve taksit avantaj\u0131. Ultrasonik Temizlik Polisaj (Parlatma) Sonu\u00e7 F\u0131r\u00e7alamak Bazen Yetmeyebilir G\u00fcnde iki kez di\u015f f\u0131r\u00e7alasak bile, di\u015flerin arka y\u00fczeylerinde [&hellip;]<\/p>\n","protected":false},"author":1,"featured_media":0,"parent":0,"menu_order":0,"comment_status":"closed","ping_status":"closed","template":"tpl-default-elementor.php","meta":{"_joinchat":[],"footnotes":""},"class_list":["post-1450","page","type-page","status-publish","hentry"],"_links":{"self":[{"href":"https:\/\/www.pirlantadiscayirova.com\/en\/wp-json\/wp\/v2\/pages\/1450","targetHints":{"allow":["GET"]}}],"collection":[{"href":"https:\/\/www.pirlantadiscayirova.com\/en\/wp-json\/wp\/v2\/pages"}],"about":[{"href":"https:\/\/www.pirlantadiscayirova.com\/en\/wp-json\/wp\/v2\/types\/page"}],"author":[{"embeddable":true,"href":"https:\/\/www.pirlantadiscayirova.com\/en\/wp-json\/wp\/v2\/users\/1"}],"replies":[{"embeddable":true,"href":"https:\/\/www.pirlantadiscayirova.com\/en\/wp-json\/wp\/v2\/comments?post=1450"}],"version-history":[{"count":6,"href":"https:\/\/www.pirlantadiscayirova.com\/en\/wp-json\/wp\/v2\/pages\/1450\/revisions"}],"predecessor-version":[{"id":1532,"href":"https:\/\/www.pirlantadiscayirova.com\/en\/wp-json\/wp\/v2\/pages\/1450\/revisions\/1532"}],"wp:attachment":[{"href":"https:\/\/www.pirlantadiscayirova.com\/en\/wp-json\/wp\/v2\/media?parent=1450"}],"curies":[{"name":"wp","href":"https:\/\/api.w.org\/{rel}","templated":true}]}}