{"id":1457,"date":"2026-01-08T13:10:51","date_gmt":"2026-01-08T13:10:51","guid":{"rendered":"https:\/\/www.pirlantadiscayirova.com\/?page_id=1457"},"modified":"2026-01-08T15:14:52","modified_gmt":"2026-01-08T15:14:52","slug":"dis-tasi-temizligi-2","status":"publish","type":"page","link":"https:\/\/www.pirlantadiscayirova.com\/en\/dis-tasi-temizligi-2\/","title":{"rendered":"Restorative"},"content":{"rendered":"<div data-elementor-type=\"wp-page\" data-elementor-id=\"1457\" class=\"elementor elementor-1457\">\n\t\t\t\t\t\t<section class=\"elementor-section elementor-top-section elementor-element elementor-element-2d2a5192 elementor-section-boxed elementor-section-height-default elementor-section-height-default\" data-id=\"2d2a5192\" data-element_type=\"section\" data-e-type=\"section\">\n\t\t\t\t\t\t<div class=\"elementor-container elementor-column-gap-no\">\n\t\t\t\t\t<div class=\"elementor-column elementor-col-100 elementor-top-column elementor-element elementor-element-20174a47\" data-id=\"20174a47\" data-element_type=\"column\" data-e-type=\"column\">\n\t\t\t<div class=\"elementor-widget-wrap elementor-element-populated\">\n\t\t\t\t\t\t<div class=\"elementor-element elementor-element-2f62a286 elementor-widget elementor-widget-doclik_department_details1\" data-id=\"2f62a286\" data-element_type=\"widget\" data-e-type=\"widget\" data-widget_type=\"doclik_department_details1.default\">\n\t\t\t\t<div class=\"elementor-widget-container\">\n\t\t\t\t\t\n\t\t<!-- department-details -->\n\t\t<section class=\"department-details two\">\n\t\t\t<div class=\"auto-container\">\n\t\t\t\t<div class=\"row clearfix\">\n\t\t\t\t\t<div class=\"col-md-12 col-sm-12 content-side\">\n\t\t\t\t\t\t<div class=\"department-details-content\">\n\t\t\t\t\t\t\t<div class=\"content-one\">\n\t\t\t\t\t\t\t\t\t\t\t\t\t\t\t\t<figure class=\"image-box\">\n\t\t\t\t\t\t\t\t\t<img decoding=\"async\" src=\"https:\/\/www.pirlantadiscayirova.com\/wp-content\/uploads\/2026\/01\/images.jpg\" alt=\"\">\n\t\t\t\t\t\t\t\t\t\t\t\t\t\t\t\t\t<\/figure>\n\t\t\t\t\t\t\t\t<div class=\"text\">\n\t\t\t\t\t\t\t\t\t<h2>\u00c7ay\u0131rova Restoratif Di\u015f Tedavisi: \u00c7\u00fcr\u00fck ve K\u0131r\u0131k Di\u015flere Estetik Dokunu\u015f<\/h2>\n\t\t\t\t\t\t\t\t\t<p>\u00c7ay\u0131rova P\u0131rlanta Di\u015f Poliklini\u011fi'nde estetik kompozit dolgu, k\u0131r\u0131k di\u015f tamiri (bonding) ve inlay\/onlay tedavileri. Di\u015flerinizin do\u011fal yap\u0131s\u0131n\u0131 koruyarak fonksiyonunu geri kazand\u0131r\u0131yoruz. taksit imkan\u0131yla.<\/p>\n\t\t\t\t\t\t\t\t\t<ul class=\"list clearfix\">\n\t\t\t\t\t\t\t\t\t\t\t\t\t\t\t\t\t\t\t\t<li><i class=\"fas fa-check-square\"><\/i> Estetik<\/li>\n\t\t\t\t\t\t\t\t\t\t\t\t\t\t\t\t\t\t\t\t<li><i class=\"fas fa-check-square\"><\/i> Sa\u011fl\u0131k<\/li>\n\t\t\t\t\t\t\t\t\t\t\t\t\t\t\t\t\t\t\t\t<li><i class=\"fas fa-check-square\"><\/i> Yap\u0131\u015fma<\/li>\n\t\t\t\t\t\t\t\t\t\t\t\t\t\t\t\t\t\t\t<\/ul>\n\t\t\t\t\t\t\t\t<\/div>\n\t\t\t\t\t\t\t<\/div>\n\t\t\t\t\t\t<\/div>\n\t\t\t\t\t<\/div>\n\t\t\t\t<\/div>\n\t\t\t<\/div>\n\t\t<\/section>\n\t\t<!-- department-details end -->\n\n\n\t\t\t\t\t\t<\/div>\n\t\t\t\t<\/div>\n\t\t\t\t<div class=\"elementor-element elementor-element-1b2bd59f elementor-widget elementor-widget-doclik_department_details2\" data-id=\"1b2bd59f\" data-element_type=\"widget\" data-e-type=\"widget\" data-widget_type=\"doclik_department_details2.default\">\n\t\t\t\t<div class=\"elementor-widget-container\">\n\t\t\t\t\t\n\t\t<!-- department-details -->\n\t\t<section class=\"department-details three\">\n\t\t\t<div class=\"auto-container\">\n\t\t\t\t<div class=\"row clearfix\">\n\t\t\t\t\t<div class=\"col-lg-12 col-md-12 col-sm-12 content-side\">\n\t\t\t\t\t\t<div class=\"department-details-content\">\n\t\t\t\t\t\t\t<div class=\"content-two\">\n\t\t\t\t\t\t\t\t<div class=\"row clearfix\">\n\t\t\t\t\t\t\t\t\t<div class=\"col-lg-6 col-md-6 col-sm-12 image-column\">\n\t\t\t\t\t\t\t\t\t\t\t\t\t\t\t\t\t\t\t\t<figure class=\"image-box\">\n\t\t\t\t\t\t\t\t\t\t<img decoding=\"async\" src=\"https:\/\/www.pirlantadiscayirova.com\/wp-content\/uploads\/2026\/01\/restoratif-dis-tedavisi-nedir-4055169.avif\" alt=\"\">\n\t\t\t\t\t\t\t\t\t\t\t\t\t\t\t\t\t\t\t\t<\/figure>\n\t\t\t\t\t\t\t\t\t<\/div>\n\t\t\t\t\t\t\t\t\t<div class=\"col-lg-6 col-md-6 col-sm-12 text-column\">\n\t\t\t\t\t\t\t\t\t\t<div class=\"text\">\n\t\t\t\t\t\t\t\t\t\t\t<h3>Di\u015flerinizdeki Hasar\u0131 \"G\u00f6r\u00fcnmez\" Hale Getiriyoruz<\/h3>\n\t\t\t\t\t\t\t\t\t\t\t<p>Di\u015flerinizde \u00e7\u00fcr\u00fck, k\u0131r\u0131k veya a\u015f\u0131nma olmas\u0131 sadece a\u011fr\u0131ya neden olmaz, ayn\u0131 zamanda g\u00fcl\u00fc\u015f esteti\u011finizi de bozar. Geleneksel di\u015f hekimli\u011finde kullan\u0131lan koyu renkli dolgular art\u0131k yerini, di\u015fin do\u011fal rengiyle birebir uyumlu modern materyallere b\u0131rakt\u0131. P\u0131rlanta A\u011f\u0131z ve Di\u015f Sa\u011fl\u0131\u011f\u0131 Poliklini\u011fi olarak \u00c7ay\u0131rova'da, \"Restoratif Di\u015f Tedavileri\" ile di\u015flerinizi onar\u0131rken do\u011fall\u0131ktan \u00f6d\u00fcn vermiyoruz. Amac\u0131m\u0131z, yap\u0131lan i\u015flemin d\u0131\u015far\u0131dan bak\u0131ld\u0131\u011f\u0131nda hi\u00e7 fark edilmemesidir.<\/p>\n\t\t\t\t\t\t\t\t\t\t\t<p>Klini\u011fimizde Uygulanan Tedaviler<\/p>\n\t\t\t\t\t\t\t\t\t\t\t<ul class=\"list clearfix\">\n\t\t\t\t\t\t\t\t\t\t\t\t\t\t\t\t\t\t\t\t\t\t\t\t<li><i class=\"fas fa-check-square\"><\/i>1. Estetik Kompozit Dolgular (Beyaz Dolgu)\nEskiden kullan\u0131lan gri metal (amalgam) dolgular\u0131n aksine, di\u015f renginde \u00fcretilen, \u0131\u015f\u0131kla sertle\u015fen dolgulard\u0131r.\n\nAvantaj\u0131: Di\u015f dokusuna kimyasal olarak ba\u011fland\u0131\u011f\u0131 i\u00e7in di\u015ften daha az madde kald\u0131r\u0131lmas\u0131n\u0131 gerektirir. Arka di\u015flerde \u00e7i\u011fneme bas\u0131nc\u0131na dayan\u0131kl\u0131, \u00f6n di\u015flerde ise estetik olarak m\u00fckemmel sonu\u00e7 verir. Kimse di\u015finizde dolgu oldu\u011funu anlamaz.<\/li>\n\t\t\t\t\t\t\t\t\t\t\t\t\t\t\t\t\t\t\t\t\t\t\t\t<li><i class=\"fas fa-check-square\"><\/i>2. Bonding Uygulamas\u0131 (K\u0131r\u0131k Di\u015f Restorasyonu)\nDi\u015fteki k\u00fc\u00e7\u00fck k\u0131r\u0131klar, \u00e7atlaklar veya aral\u0131klar (diastema) i\u00e7in uygulanan, di\u015fin hi\u00e7 kesilmesine gerek kalmadan yap\u0131lan \"ekleme\" i\u015flemidir.\n\nAvantaj\u0131: Genellikle anesteziye bile gerek kalmadan, tek seansta di\u015fin \u015fekli de\u011fi\u015ftirilebilir. \u00d6zellikle \u00f6n di\u015f k\u0131r\u0131klar\u0131nda hayat kurtar\u0131c\u0131d\u0131r.<\/li>\n\t\t\t\t\t\t\t\t\t\t\t\t\t\t\t\t\t\t\t\t\t\t\t\t<li><i class=\"fas fa-check-square\"><\/i>3. Inlay ve Onlay (Porselen Dolgular)\n\u00c7\u00fcr\u00fc\u011f\u00fcn \u00e7ok b\u00fcy\u00fck oldu\u011fu ve normal dolgunun yetersiz kalaca\u011f\u0131, ancak di\u015fin tamamen kaplanmas\u0131na (krona) gerek olmayan durumlarda kullan\u0131l\u0131r.\n\n\u0130\u015fleyi\u015f: \u00c7\u00fcr\u00fck temizlendikten sonra di\u015fin \u00f6l\u00e7\u00fcs\u00fc al\u0131n\u0131r. Laboratuvarda porselenden haz\u0131rlanan dolgu (bir yapboz par\u00e7as\u0131 gibi) bir sonraki seansta di\u015fe yap\u0131\u015ft\u0131r\u0131l\u0131r. Normal dolgudan \u00e7ok daha dayan\u0131kl\u0131d\u0131r.<\/li>\n\t\t\t\t\t\t\t\t\t\t\t\t\t\t\t\t\t\t\t\t\t\t\t<\/ul>\n\t\t\t\t\t\t\t\t\t\t<\/div>\n\t\t\t\t\t\t\t\t\t<\/div>\n\t\t\t\t\t\t\t\t<\/div>\n\t\t\t\t\t\t\t<\/div>\n\t\t\t\t\t\t<\/div>\n\t\t\t\t\t<\/div>\n\t\t\t\t<\/div>\n\t\t\t<\/div>\n\t\t<\/section>\n\t\t<!-- department-details end -->\n\n\n\t\t\t\t\t\t<\/div>\n\t\t\t\t<\/div>\n\t\t\t\t\t<\/div>\n\t\t<\/div>\n\t\t\t\t\t<\/div>\n\t\t<\/section>\n\t\t\t\t<\/div>","protected":false},"excerpt":{"rendered":"<p>\u00c7ay\u0131rova Restoratif Di\u015f Tedavisi: \u00c7\u00fcr\u00fck ve K\u0131r\u0131k Di\u015flere Estetik Dokunu\u015f \u00c7ay\u0131rova P\u0131rlanta Di\u015f Poliklini\u011fi&#8217;nde estetik kompozit dolgu, k\u0131r\u0131k di\u015f tamiri (bonding) ve inlay\/onlay tedavileri. Di\u015flerinizin do\u011fal yap\u0131s\u0131n\u0131 koruyarak fonksiyonunu geri kazand\u0131r\u0131yoruz. taksit imkan\u0131yla. Estetik Sa\u011fl\u0131k Yap\u0131\u015fma Di\u015flerinizdeki Hasar\u0131 &#8220;G\u00f6r\u00fcnmez&#8221; Hale Getiriyoruz Di\u015flerinizde \u00e7\u00fcr\u00fck, k\u0131r\u0131k veya a\u015f\u0131nma olmas\u0131 sadece a\u011fr\u0131ya neden olmaz, ayn\u0131 zamanda g\u00fcl\u00fc\u015f esteti\u011finizi [&hellip;]<\/p>\n","protected":false},"author":1,"featured_media":0,"parent":0,"menu_order":0,"comment_status":"closed","ping_status":"closed","template":"tpl-default-elementor.php","meta":{"_joinchat":[],"footnotes":""},"class_list":["post-1457","page","type-page","status-publish","hentry"],"_links":{"self":[{"href":"https:\/\/www.pirlantadiscayirova.com\/en\/wp-json\/wp\/v2\/pages\/1457","targetHints":{"allow":["GET"]}}],"collection":[{"href":"https:\/\/www.pirlantadiscayirova.com\/en\/wp-json\/wp\/v2\/pages"}],"about":[{"href":"https:\/\/www.pirlantadiscayirova.com\/en\/wp-json\/wp\/v2\/types\/page"}],"author":[{"embeddable":true,"href":"https:\/\/www.pirlantadiscayirova.com\/en\/wp-json\/wp\/v2\/users\/1"}],"replies":[{"embeddable":true,"href":"https:\/\/www.pirlantadiscayirova.com\/en\/wp-json\/wp\/v2\/comments?post=1457"}],"version-history":[{"count":9,"href":"https:\/\/www.pirlantadiscayirova.com\/en\/wp-json\/wp\/v2\/pages\/1457\/revisions"}],"predecessor-version":[{"id":1522,"href":"https:\/\/www.pirlantadiscayirova.com\/en\/wp-json\/wp\/v2\/pages\/1457\/revisions\/1522"}],"wp:attachment":[{"href":"https:\/\/www.pirlantadiscayirova.com\/en\/wp-json\/wp\/v2\/media?parent=1457"}],"curies":[{"name":"wp","href":"https:\/\/api.w.org\/{rel}","templated":true}]}}