{"id":2854,"date":"2024-09-09T17:29:13","date_gmt":"2024-09-09T17:29:13","guid":{"rendered":"https:\/\/byteflows.net\/wp\/mydocto\/?page_id=89"},"modified":"2026-02-19T10:00:07","modified_gmt":"2026-02-19T10:00:07","slug":"hizmetlerimiz","status":"publish","type":"page","link":"https:\/\/www.pirlantadiscayirova.com\/en\/hizmetlerimiz\/","title":{"rendered":"Our Services"},"content":{"rendered":"<div data-elementor-type=\"wp-page\" data-elementor-id=\"2854\" class=\"elementor elementor-2854\">\n\t\t\t\t\t\t<section class=\"elementor-section elementor-top-section elementor-element elementor-element-5604ddd elementor-section-boxed elementor-section-height-default elementor-section-height-default\" data-id=\"5604ddd\" data-element_type=\"section\" data-e-type=\"section\">\n\t\t\t\t\t\t<div class=\"elementor-container elementor-column-gap-default\">\n\t\t\t\t\t<div class=\"elementor-column elementor-col-50 elementor-top-column elementor-element elementor-element-dfc9410\" data-id=\"dfc9410\" data-element_type=\"column\" data-e-type=\"column\">\n\t\t\t<div class=\"elementor-widget-wrap elementor-element-populated\">\n\t\t\t\t\t\t<div class=\"elementor-element elementor-element-3a72eb6 elementor-widget elementor-widget-bdoctor-heading\" data-id=\"3a72eb6\" data-element_type=\"widget\" data-e-type=\"widget\" data-widget_type=\"bdoctor-heading.default\">\n\t\t\t\t<div class=\"elementor-widget-container\">\n\t\t\t\t\t<div class=\"bdoctor__section-heading bdoctoraligh\">\r\n        <div class=\"bdoctor__sub-heaind\">\r\n        <h4>AREAS OF EXPERTISE<\/h4>\r\n    <\/div>\r\n        <h2 class=\"bdoctor__heading-title spilit__enable split-in-fade\">Expert Touch for Healthy and Straight Teeth<\/h2>            <p>Crooked teeth and jaw incompatibilities are no longer your fate. With our expert orthodontists, we use the most up-to-date methods from classical wire treatments to modern transparent aligner applications to provide you with a perfect smile both aesthetically and functionally.<\/p>\r\n    <\/div>\r\n\t\t\t\t<\/div>\n\t\t\t\t<\/div>\n\t\t\t\t\t<\/div>\n\t\t<\/div>\n\t\t\t\t<div class=\"elementor-column elementor-col-50 elementor-top-column elementor-element elementor-element-88ab5db\" data-id=\"88ab5db\" data-element_type=\"column\" data-e-type=\"column\">\n\t\t\t<div class=\"elementor-widget-wrap elementor-element-populated\">\n\t\t\t\t\t\t<div class=\"elementor-element elementor-element-23385c2 elementor-widget elementor-widget-image\" data-id=\"23385c2\" data-element_type=\"widget\" data-e-type=\"widget\" data-widget_type=\"image.default\">\n\t\t\t\t\t\t\t\t\t\t\t\t\t\t\t<img fetchpriority=\"high\" decoding=\"async\" width=\"1000\" height=\"662\" src=\"https:\/\/www.pirlantadiscayirova.com\/wp-content\/uploads\/2026\/01\/ortodontinedir.jpg\" class=\"attachment-full size-full wp-image-1509\" alt=\"\" srcset=\"https:\/\/www.pirlantadiscayirova.com\/wp-content\/uploads\/2026\/01\/ortodontinedir.jpg 1000w, https:\/\/www.pirlantadiscayirova.com\/wp-content\/uploads\/2026\/01\/ortodontinedir-300x199.jpg 300w, https:\/\/www.pirlantadiscayirova.com\/wp-content\/uploads\/2026\/01\/ortodontinedir-768x508.jpg 768w\" sizes=\"(max-width: 1000px) 100vw, 1000px\" \/>\t\t\t\t\t\t\t\t\t\t\t\t\t\t\t<\/div>\n\t\t\t\t\t<\/div>\n\t\t<\/div>\n\t\t\t\t\t<\/div>\n\t\t<\/section>\n\t\t\t\t<section class=\"elementor-section elementor-top-section elementor-element elementor-element-102f760 elementor-section-full_width elementor-section-height-default elementor-section-height-default\" data-id=\"102f760\" data-element_type=\"section\" data-e-type=\"section\" data-settings=\"{&quot;background_background&quot;:&quot;classic&quot;}\">\n\t\t\t\t\t\t<div class=\"elementor-container elementor-column-gap-no\">\n\t\t\t\t\t<div class=\"elementor-column elementor-col-100 elementor-top-column elementor-element elementor-element-4eb573f\" data-id=\"4eb573f\" data-element_type=\"column\" data-e-type=\"column\">\n\t\t\t<div class=\"elementor-widget-wrap elementor-element-populated\">\n\t\t\t\t\t\t<section class=\"elementor-section elementor-inner-section elementor-element elementor-element-c250853 elementor-section-boxed elementor-section-height-default elementor-section-height-default\" data-id=\"c250853\" data-element_type=\"section\" data-e-type=\"section\">\n\t\t\t\t\t\t<div class=\"elementor-container elementor-column-gap-default\">\n\t\t\t\t\t<div class=\"elementor-column elementor-col-100 elementor-inner-column elementor-element elementor-element-1ccd992\" data-id=\"1ccd992\" data-element_type=\"column\" data-e-type=\"column\">\n\t\t\t<div class=\"elementor-widget-wrap elementor-element-populated\">\n\t\t\t\t\t\t<div class=\"elementor-element elementor-element-f708125 elementor-widget elementor-widget-bdoctor-heading\" data-id=\"f708125\" data-element_type=\"widget\" data-e-type=\"widget\" data-widget_type=\"bdoctor-heading.default\">\n\t\t\t\t<div class=\"elementor-widget-container\">\n\t\t\t\t\t<div class=\"bdoctor__section-heading bdoctoraligh\">\r\n        <div class=\"bdoctor__sub-heaind\">\r\n        <h4>Our Services<\/h4>\r\n    <\/div>\r\n        <h2 class=\"bdoctor__heading-title spilit__enable split-in-fade\">Services we provide to our patients in our clinic<\/h2>    <\/div>\r\n\t\t\t\t<\/div>\n\t\t\t\t<\/div>\n\t\t\t\t\t<\/div>\n\t\t<\/div>\n\t\t\t\t\t<\/div>\n\t\t<\/section>\n\t\t\t\t<section class=\"elementor-section elementor-inner-section elementor-element elementor-element-b046be4 elementor-section-boxed elementor-section-height-default elementor-section-height-default\" data-id=\"b046be4\" data-element_type=\"section\" data-e-type=\"section\">\n\t\t\t\t\t\t<div class=\"elementor-container elementor-column-gap-custom\">\n\t\t\t\t\t<div class=\"elementor-column elementor-col-33 elementor-inner-column elementor-element elementor-element-685961c\" data-id=\"685961c\" data-element_type=\"column\" data-e-type=\"column\">\n\t\t\t<div class=\"elementor-widget-wrap elementor-element-populated\">\n\t\t\t\t\t\t<div class=\"elementor-element elementor-element-128e8b9 elementor-widget elementor-widget-bdoctor-service-grid\" data-id=\"128e8b9\" data-element_type=\"widget\" data-e-type=\"widget\" data-widget_type=\"bdoctor-service-grid.default\">\n\t\t\t\t<div class=\"elementor-widget-container\">\n\t\t\t\t\t<div class=\"bdoctor__service-grid service__style-2 text-center wow fadeInUp\"  data-wow-delay=\"800ms\"  data-wow-duration=\"1000ms\">\r\n    <div class=\"icon\">\r\n            <\/div>\r\n    <div class=\"service__content\">\r\n        <h3><a href=\"https:\/\/www.pirlantadiscayirova.com\/en\/iletisim\/\">Oral and Maxillofacial Surgery<\/a><\/h3>\r\n        <p>Impacted wisdom tooth extractions, implant applications and all your jaw surgery procedures are performed painlessly by our specialist physicians.<\/p>\r\n        <a class=\"readmore\" href=\"https:\/\/www.pirlantadiscayirova.com\/en\/iletisim\/\">\r\n            Make an Appointment \r\n            <i class=\"fal fa-angle-right\"><\/i>\r\n        <\/a>\r\n    <\/div>\r\n<\/div>\t\t\t\t<\/div>\n\t\t\t\t<\/div>\n\t\t\t\t\t<\/div>\n\t\t<\/div>\n\t\t\t\t<div class=\"elementor-column elementor-col-33 elementor-inner-column elementor-element elementor-element-0772247\" data-id=\"0772247\" data-element_type=\"column\" data-e-type=\"column\">\n\t\t\t<div class=\"elementor-widget-wrap elementor-element-populated\">\n\t\t\t\t\t\t<div class=\"elementor-element elementor-element-01aa6ce elementor-widget elementor-widget-bdoctor-service-grid\" data-id=\"01aa6ce\" data-element_type=\"widget\" data-e-type=\"widget\" data-widget_type=\"bdoctor-service-grid.default\">\n\t\t\t\t<div class=\"elementor-widget-container\">\n\t\t\t\t\t<div class=\"bdoctor__service-grid service__style-2 text-center wow fadeInUp\"  data-wow-delay=\"800ms\"  data-wow-duration=\"1000ms\">\r\n    <div class=\"icon\">\r\n            <\/div>\r\n    <div class=\"service__content\">\r\n        <h3><a href=\"https:\/\/www.pirlantadiscayirova.com\/en\/iletisim\/\">Zirconium and Whitening<\/a><\/h3>\r\n        <p>We provide you with natural and white teeth with aesthetic smile design, zirconium coating and professional whitening procedures.<\/p>\r\n        <a class=\"readmore\" href=\"https:\/\/www.pirlantadiscayirova.com\/en\/iletisim\/\">\r\n            Make an Appointment \r\n            <i class=\"fal fa-angle-right\"><\/i>\r\n        <\/a>\r\n    <\/div>\r\n<\/div>\t\t\t\t<\/div>\n\t\t\t\t<\/div>\n\t\t\t\t\t<\/div>\n\t\t<\/div>\n\t\t\t\t<div class=\"elementor-column elementor-col-33 elementor-inner-column elementor-element elementor-element-b3cf61d\" data-id=\"b3cf61d\" data-element_type=\"column\" data-e-type=\"column\">\n\t\t\t<div class=\"elementor-widget-wrap elementor-element-populated\">\n\t\t\t\t\t\t<div class=\"elementor-element elementor-element-4e3b610 elementor-widget elementor-widget-bdoctor-service-grid\" data-id=\"4e3b610\" data-element_type=\"widget\" data-e-type=\"widget\" data-widget_type=\"bdoctor-service-grid.default\">\n\t\t\t\t<div class=\"elementor-widget-container\">\n\t\t\t\t\t<div class=\"bdoctor__service-grid service__style-2 text-center wow fadeInUp\"  data-wow-delay=\"800ms\"  data-wow-duration=\"1000ms\">\r\n    <div class=\"icon\">\r\n            <\/div>\r\n    <div class=\"service__content\">\r\n        <h3><a href=\"https:\/\/www.pirlantadiscayirova.com\/en\/iletisim\/\">Orthodontics (Braces Treatment)<\/a><\/h3>\r\n        <p>We permanently correct crowded teeth problems and jaw incompatibilities with modern transparent plate or wire treatment methods.<\/p>\r\n        <a class=\"readmore\" href=\"https:\/\/www.pirlantadiscayirova.com\/en\/iletisim\/\">\r\n            Make an Appointment \r\n            <i class=\"fal fa-angle-right\"><\/i>\r\n        <\/a>\r\n    <\/div>\r\n<\/div>\t\t\t\t<\/div>\n\t\t\t\t<\/div>\n\t\t\t\t\t<\/div>\n\t\t<\/div>\n\t\t\t\t\t<\/div>\n\t\t<\/section>\n\t\t\t\t<section class=\"elementor-section elementor-inner-section elementor-element elementor-element-83fd4ee elementor-section-boxed elementor-section-height-default elementor-section-height-default\" data-id=\"83fd4ee\" data-element_type=\"section\" data-e-type=\"section\">\n\t\t\t\t\t\t<div class=\"elementor-container elementor-column-gap-custom\">\n\t\t\t\t\t<div class=\"elementor-column elementor-col-33 elementor-inner-column elementor-element elementor-element-047bc0e\" data-id=\"047bc0e\" data-element_type=\"column\" data-e-type=\"column\">\n\t\t\t<div class=\"elementor-widget-wrap elementor-element-populated\">\n\t\t\t\t\t\t<div class=\"elementor-element elementor-element-cef66a9 elementor-widget elementor-widget-bdoctor-service-grid\" data-id=\"cef66a9\" data-element_type=\"widget\" data-e-type=\"widget\" data-widget_type=\"bdoctor-service-grid.default\">\n\t\t\t\t<div class=\"elementor-widget-container\">\n\t\t\t\t\t<div class=\"bdoctor__service-grid service__style-2 text-center wow fadeInUp\"  data-wow-delay=\"800ms\"  data-wow-duration=\"1000ms\">\r\n    <div class=\"icon\">\r\n            <\/div>\r\n    <div class=\"service__content\">\r\n        <h3><a href=\"https:\/\/www.pirlantadiscayirova.com\/en\/iletisim\/\">Pedodontics (Pediatric Dentistry)<\/a><\/h3>\r\n        <p>We follow our children's dental development with love and build healthy smiles that will last a lifetime without fear of the dentist.<\/p>\r\n        <a class=\"readmore\" href=\"https:\/\/www.pirlantadiscayirova.com\/en\/iletisim\/\">\r\n            Make an Appointment \r\n            <i class=\"fal fa-angle-right\"><\/i>\r\n        <\/a>\r\n    <\/div>\r\n<\/div>\t\t\t\t<\/div>\n\t\t\t\t<\/div>\n\t\t\t\t\t<\/div>\n\t\t<\/div>\n\t\t\t\t<div class=\"elementor-column elementor-col-33 elementor-inner-column elementor-element elementor-element-4089c31\" data-id=\"4089c31\" data-element_type=\"column\" data-e-type=\"column\">\n\t\t\t<div class=\"elementor-widget-wrap elementor-element-populated\">\n\t\t\t\t\t\t<div class=\"elementor-element elementor-element-6ca457c elementor-widget elementor-widget-bdoctor-service-grid\" data-id=\"6ca457c\" data-element_type=\"widget\" data-e-type=\"widget\" data-widget_type=\"bdoctor-service-grid.default\">\n\t\t\t\t<div class=\"elementor-widget-container\">\n\t\t\t\t\t<div class=\"bdoctor__service-grid service__style-2 text-center wow fadeInUp\"  data-wow-delay=\"800ms\"  data-wow-duration=\"1000ms\">\r\n    <div class=\"icon\">\r\n            <\/div>\r\n    <div class=\"service__content\">\r\n        <h3><a href=\"https:\/\/www.pirlantadiscayirova.com\/en\/iletisim\/\">Endodontics (Root Canal Treatment)<\/a><\/h3>\r\n        <p>We use advanced technology and painless root canal treatment to save your teeth damaged by deep decay or infection from extraction.<\/p>\r\n        <a class=\"readmore\" href=\"https:\/\/www.pirlantadiscayirova.com\/en\/iletisim\/\">\r\n            Make an Appointment \r\n            <i class=\"fal fa-angle-right\"><\/i>\r\n        <\/a>\r\n    <\/div>\r\n<\/div>\t\t\t\t<\/div>\n\t\t\t\t<\/div>\n\t\t\t\t\t<\/div>\n\t\t<\/div>\n\t\t\t\t<div class=\"elementor-column elementor-col-33 elementor-inner-column elementor-element elementor-element-0fecca4\" data-id=\"0fecca4\" data-element_type=\"column\" data-e-type=\"column\">\n\t\t\t<div class=\"elementor-widget-wrap elementor-element-populated\">\n\t\t\t\t\t\t<div class=\"elementor-element elementor-element-9d4bcdf elementor-widget elementor-widget-bdoctor-service-grid\" data-id=\"9d4bcdf\" data-element_type=\"widget\" data-e-type=\"widget\" data-widget_type=\"bdoctor-service-grid.default\">\n\t\t\t\t<div class=\"elementor-widget-container\">\n\t\t\t\t\t<div class=\"bdoctor__service-grid service__style-2 text-center wow fadeInUp\"  data-wow-delay=\"800ms\"  data-wow-duration=\"1000ms\">\r\n    <div class=\"icon\">\r\n            <\/div>\r\n    <div class=\"service__content\">\r\n        <h3><a href=\"https:\/\/www.pirlantadiscayirova.com\/en\/iletisim\/\">Gum Treatment and Care<\/a><\/h3>\r\n        <p>By treating bleeding gums, recession and tartar problems, we strengthen the foundation of your teeth and protect your health.<\/p>\r\n        <a class=\"readmore\" href=\"https:\/\/www.pirlantadiscayirova.com\/en\/iletisim\/\">\r\n            Make an Appointment \r\n            <i class=\"fal fa-angle-right\"><\/i>\r\n        <\/a>\r\n    <\/div>\r\n<\/div>\t\t\t\t<\/div>\n\t\t\t\t<\/div>\n\t\t\t\t\t<\/div>\n\t\t<\/div>\n\t\t\t\t\t<\/div>\n\t\t<\/section>\n\t\t\t\t\t<\/div>\n\t\t<\/div>\n\t\t\t\t\t<\/div>\n\t\t<\/section>\n\t\t\t\t<\/div>","protected":false},"excerpt":{"rendered":"<p>UZMANLIK ALANLARIMIZ Sa\u011fl\u0131kl\u0131 ve D\u00fczg\u00fcn Di\u015fler \u0130\u00e7in Uzman Dokunu\u015fu \u00c7apra\u015f\u0131k di\u015fler ve \u00e7ene uyumsuzluklar\u0131 art\u0131k kaderiniz de\u011fil. Uzman ortodonti hekimlerimizle, klasik tel tedavilerinden modern \u015feffaf plak uygulamalar\u0131na kadar en g\u00fcncel y\u00f6ntemleri kullanarak hem estetik hem de fonksiyonel olarak kusursuz bir g\u00fcl\u00fc\u015fe kavu\u015fman\u0131z\u0131 sa\u011fl\u0131yoruz. Hizmetlerimiz Klini\u011fimizde hastalar\u0131m\u0131za sa\u011flad\u0131\u011f\u0131m\u0131z hizmetler A\u011f\u0131z ve \u00c7ene Cerrahisi G\u00f6m\u00fcl\u00fc yirmilik ya\u015f [&hellip;]<\/p>\n","protected":false},"author":1,"featured_media":0,"parent":0,"menu_order":0,"comment_status":"closed","ping_status":"closed","template":"elementor_header_footer","meta":{"_joinchat":[],"footnotes":""},"class_list":["post-2854","page","type-page","status-publish","hentry"],"_links":{"self":[{"href":"https:\/\/www.pirlantadiscayirova.com\/en\/wp-json\/wp\/v2\/pages\/2854","targetHints":{"allow":["GET"]}}],"collection":[{"href":"https:\/\/www.pirlantadiscayirova.com\/en\/wp-json\/wp\/v2\/pages"}],"about":[{"href":"https:\/\/www.pirlantadiscayirova.com\/en\/wp-json\/wp\/v2\/types\/page"}],"author":[{"embeddable":true,"href":"https:\/\/www.pirlantadiscayirova.com\/en\/wp-json\/wp\/v2\/users\/1"}],"replies":[{"embeddable":true,"href":"https:\/\/www.pirlantadiscayirova.com\/en\/wp-json\/wp\/v2\/comments?post=2854"}],"version-history":[{"count":7,"href":"https:\/\/www.pirlantadiscayirova.com\/en\/wp-json\/wp\/v2\/pages\/2854\/revisions"}],"predecessor-version":[{"id":2993,"href":"https:\/\/www.pirlantadiscayirova.com\/en\/wp-json\/wp\/v2\/pages\/2854\/revisions\/2993"}],"wp:attachment":[{"href":"https:\/\/www.pirlantadiscayirova.com\/en\/wp-json\/wp\/v2\/media?parent=2854"}],"curies":[{"name":"wp","href":"https:\/\/api.w.org\/{rel}","templated":true}]}}