{"id":885,"date":"2024-12-11T16:25:23","date_gmt":"2024-12-11T16:25:23","guid":{"rendered":"https:\/\/byteflows.net\/wp\/mydocto\/?page_id=885"},"modified":"2026-02-26T08:37:30","modified_gmt":"2026-02-26T08:37:30","slug":"hakkimizda","status":"publish","type":"page","link":"https:\/\/www.pirlantadiscayirova.com\/en\/hakkimizda\/","title":{"rendered":"About Us"},"content":{"rendered":"\t\t<div data-elementor-type=\"wp-page\" data-elementor-id=\"885\" class=\"elementor elementor-885\">\n\t\t\t\t\t\t<section class=\"elementor-section elementor-top-section elementor-element elementor-element-ebf233c elementor-section-boxed elementor-section-height-default elementor-section-height-default\" data-id=\"ebf233c\" data-element_type=\"section\" data-e-type=\"section\">\n\t\t\t\t\t\t<div class=\"elementor-container elementor-column-gap-default\">\n\t\t\t\t\t<div class=\"elementor-column elementor-col-50 elementor-top-column elementor-element elementor-element-f5e96cc\" data-id=\"f5e96cc\" data-element_type=\"column\" data-e-type=\"column\">\n\t\t\t<div class=\"elementor-widget-wrap elementor-element-populated\">\n\t\t\t\t\t\t<div class=\"elementor-element elementor-element-383e824 elementor-widget elementor-widget-bdoctor-imae\" data-id=\"383e824\" data-element_type=\"widget\" data-e-type=\"widget\" data-widget_type=\"bdoctor-imae.default\">\n\t\t\t\t<div class=\"elementor-widget-container\">\n\t\t\t\t\t<div class=\"elementor-image btr__couner-bx\">\r\n    <div class=\"about__img-3 ed-image-appear1\">\r\n        <div class=\"ovr\">\r\n        <img decoding=\"async\" class=\"ed-img-rvl_1\" src=\"http:\/\/www.pirlantadiscayirova.com\/wp-content\/uploads\/2026\/02\/dental-office-2026-01-08-22-01-36-utc-scaled.jpg\" alt=\"\">  \r\n        <\/div>\r\n        \r\n            <svg width=\"357\" height=\"354\" viewBox=\"0 0 357 354\" fill=\"none\" xmlns=\"http:\/\/www.w3.org\/2000\/svg\">\r\n            <path d=\"M32.1212 351.5C73.9982 338.078 104.5 299.121 104.5 252.857V168.571C104.5 132.886 133.961 103.643 170 103.643L255 103.643C301.358 103.643 340.941 73.5736 354.5 31.7761L354.5 351.5L32.1212 351.5Z\" fill=\"white\" stroke=\"white\" stroke-width=\"5\"\/>\r\n            <\/svg>\r\n\r\n    <\/div>\r\n    <div class=\"counter__box-wrapper position-absolute\">\r\n        <div class=\"elementor-image__counter\"><h2><span class=\"counter\">5<\/span>+<\/h2><\/div>\r\n        <div class=\"elementor-image__title\"><h4>y\u0131ll\u0131k ecr\u00fcbe<\/h4><\/div>\r\n    <\/div>\r\n<\/div>\t\t\t\t<\/div>\n\t\t\t\t<\/div>\n\t\t\t\t\t<\/div>\n\t\t<\/div>\n\t\t\t\t<div class=\"elementor-column elementor-col-50 elementor-top-column elementor-element elementor-element-f919686\" data-id=\"f919686\" data-element_type=\"column\" data-e-type=\"column\">\n\t\t\t<div class=\"elementor-widget-wrap elementor-element-populated\">\n\t\t\t\t\t\t<div class=\"elementor-element elementor-element-36e037e elementor-widget elementor-widget-bdoctor-heading\" data-id=\"36e037e\" data-element_type=\"widget\" data-e-type=\"widget\" data-widget_type=\"bdoctor-heading.default\">\n\t\t\t\t<div class=\"elementor-widget-container\">\n\t\t\t\t\t<div class=\"bdoctor__section-heading bdoctoraligh heading__style-two heading__three\">\r\n        <div class=\"bdoctor__sub-heaind\">\r\n        <h4>B\u0130Z K\u0130M\u0130Z?<\/h4>\r\n    <\/div>\r\n        <h2 class=\"bdoctor__heading-title spilit__enable rt-split-right\">\u00c7ay\u0131rova'da Sa\u011fl\u0131kl\u0131 G\u00fcl\u00fc\u015flerin Mimar\u0131: P\u0131rlanta Di\u015f Klini\u011fi<\/h2>    <\/div>\r\n\t\t\t\t<\/div>\n\t\t\t\t<\/div>\n\t\t\t\t<div class=\"elementor-element elementor-element-dfdc7e2 elementor-widget elementor-widget-heading\" data-id=\"dfdc7e2\" data-element_type=\"widget\" data-e-type=\"widget\" data-widget_type=\"heading.default\">\n\t\t\t\t\t<h2 class=\"elementor-heading-title elementor-size-default\">P\u0131rlanta Di\u015f Klini\u011fi olarak, [5] y\u0131l\u0131 a\u015fk\u0131n s\u00fcredir \u00c7ay\u0131rova'da hastalar\u0131m\u0131za uluslararas\u0131 standartlarda a\u011f\u0131z ve di\u015f sa\u011fl\u0131\u011f\u0131 hizmeti sunman\u0131n gururunu ya\u015f\u0131yoruz. Amac\u0131m\u0131z sadece di\u015f tedavi etmek de\u011fil; teknoloji ile \u015fefkati harmanlayarak her ya\u015ftan hastam\u0131za, korkudan uzak, g\u00fcven dolu ve aile s\u0131cakl\u0131\u011f\u0131nda bir tedavi deneyimi ya\u015fatmakt\u0131r. Sizin sa\u011fl\u0131\u011f\u0131n\u0131z, bizim en b\u00fcy\u00fck \u00f6nceli\u011fimizdir.<\/h2>\t\t\t\t<\/div>\n\t\t\t\t<div class=\"elementor-element elementor-element-e5f6d01 elementor-widget__width-auto elementor-icon-list--layout-traditional elementor-list-item-link-full_width elementor-widget elementor-widget-icon-list\" data-id=\"e5f6d01\" data-element_type=\"widget\" data-e-type=\"widget\" data-widget_type=\"icon-list.default\">\n\t\t\t\t\t\t\t<ul class=\"elementor-icon-list-items\">\n\t\t\t\t\t\t\t<li class=\"elementor-icon-list-item\">\n\t\t\t\t\t\t\t\t\t\t\t<span class=\"elementor-icon-list-icon\">\n\t\t\t\t\t\t\t<i aria-hidden=\"true\" class=\"far fa-check-circle\"><\/i>\t\t\t\t\t\t<\/span>\n\t\t\t\t\t\t\t\t\t\t<span class=\"elementor-icon-list-text\">Uzman ve Deneyimli Kadro<\/span>\n\t\t\t\t\t\t\t\t\t<\/li>\n\t\t\t\t\t\t\t\t<li class=\"elementor-icon-list-item\">\n\t\t\t\t\t\t\t\t\t\t\t<span class=\"elementor-icon-list-icon\">\n\t\t\t\t\t\t\t<i aria-hidden=\"true\" class=\"far fa-check-circle\"><\/i>\t\t\t\t\t\t<\/span>\n\t\t\t\t\t\t\t\t\t\t<span class=\"elementor-icon-list-text\">\u0130leri Teknoloji ve Donan\u0131m<\/span>\n\t\t\t\t\t\t\t\t\t<\/li>\n\t\t\t\t\t\t\t\t<li class=\"elementor-icon-list-item\">\n\t\t\t\t\t\t\t\t\t\t\t<span class=\"elementor-icon-list-icon\">\n\t\t\t\t\t\t\t<i aria-hidden=\"true\" class=\"far fa-check-circle\"><\/i>\t\t\t\t\t\t<\/span>\n\t\t\t\t\t\t\t\t\t\t<span class=\"elementor-icon-list-text\">Aile S\u0131cakl\u0131\u011f\u0131nda Ortam<\/span>\n\t\t\t\t\t\t\t\t\t<\/li>\n\t\t\t\t\t\t<\/ul>\n\t\t\t\t\t\t<\/div>\n\t\t\t\t<div class=\"elementor-element elementor-element-9a41874 elementor-widget__width-auto elementor-icon-list--layout-traditional elementor-list-item-link-full_width elementor-widget elementor-widget-icon-list\" data-id=\"9a41874\" data-element_type=\"widget\" data-e-type=\"widget\" data-widget_type=\"icon-list.default\">\n\t\t\t\t\t\t\t<ul class=\"elementor-icon-list-items\">\n\t\t\t\t\t\t\t<li class=\"elementor-icon-list-item\">\n\t\t\t\t\t\t\t\t\t\t\t<span class=\"elementor-icon-list-icon\">\n\t\t\t\t\t\t\t<i aria-hidden=\"true\" class=\"far fa-check-circle\"><\/i>\t\t\t\t\t\t<\/span>\n\t\t\t\t\t\t\t\t\t\t<span class=\"elementor-icon-list-text\">\u00dcst D\u00fczey Sterilizasyon<\/span>\n\t\t\t\t\t\t\t\t\t<\/li>\n\t\t\t\t\t\t\t\t<li class=\"elementor-icon-list-item\">\n\t\t\t\t\t\t\t\t\t\t\t<span class=\"elementor-icon-list-icon\">\n\t\t\t\t\t\t\t<i aria-hidden=\"true\" class=\"far fa-check-circle\"><\/i>\t\t\t\t\t\t<\/span>\n\t\t\t\t\t\t\t\t\t\t<span class=\"elementor-icon-list-text\">Ki\u015fiye \u00d6zel Tedavi Plan\u0131<\/span>\n\t\t\t\t\t\t\t\t\t<\/li>\n\t\t\t\t\t\t\t\t<li class=\"elementor-icon-list-item\">\n\t\t\t\t\t\t\t\t\t\t\t<span class=\"elementor-icon-list-icon\">\n\t\t\t\t\t\t\t<i aria-hidden=\"true\" class=\"far fa-check-circle\"><\/i>\t\t\t\t\t\t<\/span>\n\t\t\t\t\t\t\t\t\t\t<span class=\"elementor-icon-list-text\">G\u00fcvenilir ve \u015eeffaf <\/span>\n\t\t\t\t\t\t\t\t\t<\/li>\n\t\t\t\t\t\t<\/ul>\n\t\t\t\t\t\t<\/div>\n\t\t\t\t<section class=\"elementor-section elementor-inner-section elementor-element elementor-element-4033a87 elementor-section-full_width elementor-section-height-default elementor-section-height-default\" data-id=\"4033a87\" data-element_type=\"section\" data-e-type=\"section\">\n\t\t\t\t\t\t<div class=\"elementor-container elementor-column-gap-no\">\n\t\t\t\t\t<div class=\"elementor-column elementor-col-100 elementor-inner-column elementor-element elementor-element-cf9b462\" data-id=\"cf9b462\" data-element_type=\"column\" data-e-type=\"column\">\n\t\t\t<div class=\"elementor-widget-wrap elementor-element-populated\">\n\t\t\t\t\t\t<div class=\"elementor-element elementor-element-2ab6694 elementor-widget__width-auto elementor-widget elementor-widget-bdoctor-btn\" data-id=\"2ab6694\" data-element_type=\"widget\" data-e-type=\"widget\" data-widget_type=\"bdoctor-btn.default\">\n\t\t\t\t<div class=\"elementor-widget-container\">\n\t\t\t\t\t\t\r\n        <div class=\"btnalign\">\r\n            \t\t\t<div class=\"bdt_btn\">\r\n\t\t\t\t<a class=\"thm__btn thm__btn-border\" href=\"#\" target=\"_blank\" rel=\"nofollow\">\r\n\t\t\t\t\t<div class=\"d-flex\">\r\n\t\t\t\t\tDaha Fazlas\u0131 \r\n\t\t\t\t\t<i class=\"fal fa-angle-right\"><\/i>\r\n\t\t\t\t\t<\/div>\r\n\t\t\t\t<\/a>\r\n\t\t\t<\/div>\r\n\t\t\t        <\/div>\r\n    \t\t\t\t<\/div>\n\t\t\t\t<\/div>\n\t\t\t\t<div class=\"elementor-element elementor-element-50df6b6 elementor-position-inline-start elementor-widget__width-auto elementor-mobile-position-inline-start elementor-view-default elementor-widget elementor-widget-icon-box\" data-id=\"50df6b6\" data-element_type=\"widget\" data-e-type=\"widget\" data-widget_type=\"icon-box.default\">\n\t\t\t\t\t\t\t<div class=\"elementor-icon-box-wrapper\">\n\n\t\t\t\t\t\t<div class=\"elementor-icon-box-icon\">\n\t\t\t\t<a href=\"https:\/\/wa.me\/905461965641\" class=\"elementor-icon\" tabindex=\"-1\" aria-label=\"\u0130leti\u015fim\">\n\t\t\t\t<svg xmlns=\"http:\/\/www.w3.org\/2000\/svg\" width=\"50\" height=\"50\" viewBox=\"0 0 50 50\" fill=\"none\"><rect width=\"50\" height=\"50\" rx=\"25\" fill=\"#04CE78\"><\/rect><path d=\"M34.1667 29.5098V32.2598C34.1677 32.5151 34.1154 32.7678 34.0132 33.0017C33.9109 33.2356 33.7609 33.4456 33.5728 33.6181C33.3846 33.7907 33.1625 33.9221 32.9207 34.0039C32.6789 34.0857 32.4226 34.1161 32.1684 34.0931C29.3476 33.7866 26.6381 32.8227 24.2575 31.2789C22.0427 29.8715 20.1649 27.9938 18.7575 25.7789C17.2083 23.3875 16.2442 20.6648 15.9434 17.8314C15.9204 17.5779 15.9506 17.3225 16.0318 17.0813C16.1131 16.84 16.2436 16.6184 16.4152 16.4304C16.5868 16.2424 16.7957 16.0922 17.0285 15.9894C17.2613 15.8866 17.513 15.8333 17.7675 15.8331H20.5175C20.9624 15.8287 21.3937 15.9863 21.731 16.2763C22.0683 16.5664 22.2886 16.9693 22.3509 17.4098C22.4669 18.2898 22.6822 19.1539 22.9925 19.9856C23.1159 20.3137 23.1425 20.6703 23.0694 21.0131C22.9963 21.3559 22.8265 21.6705 22.58 21.9198L21.4159 23.0839C22.7208 25.3788 24.6209 27.279 26.9159 28.5839L28.08 27.4198C28.3293 27.1733 28.6439 27.0035 28.9867 26.9303C29.3295 26.8572 29.6861 26.8839 30.0142 27.0073C30.8459 27.3176 31.71 27.5329 32.59 27.6489C33.0353 27.7117 33.442 27.936 33.7327 28.2791C34.0234 28.6222 34.1778 29.0602 34.1667 29.5098Z\" stroke=\"white\" stroke-width=\"1.5\" stroke-linecap=\"round\" stroke-linejoin=\"round\"><\/path><\/svg>\t\t\t\t<\/a>\n\t\t\t<\/div>\n\t\t\t\n\t\t\t\t\t\t<div class=\"elementor-icon-box-content\">\n\n\t\t\t\t\t\t\t\t\t<h3 class=\"elementor-icon-box-title\">\n\t\t\t\t\t\t<a href=\"https:\/\/wa.me\/905461965641\" >\n\t\t\t\t\t\t\t\u0130leti\u015fim\t\t\t\t\t\t<\/a>\n\t\t\t\t\t<\/h3>\n\t\t\t\t\n\t\t\t\t\t\t\t\t\t<p class=\"elementor-icon-box-description\">\n\t\t\t\t\t\t+90 546 196 54 41\t\t\t\t\t<\/p>\n\t\t\t\t\n\t\t\t<\/div>\n\t\t\t\n\t\t<\/div>\n\t\t\t\t\t\t<\/div>\n\t\t\t\t\t<\/div>\n\t\t<\/div>\n\t\t\t\t\t<\/div>\n\t\t<\/section>\n\t\t\t\t\t<\/div>\n\t\t<\/div>\n\t\t\t\t\t<\/div>\n\t\t<\/section>\n\t\t\t\t<section class=\"elementor-section elementor-top-section elementor-element elementor-element-9f5f700 elementor-section-full_width elementor-section-height-default elementor-section-height-default\" data-id=\"9f5f700\" data-element_type=\"section\" data-e-type=\"section\" data-settings=\"{&quot;background_background&quot;:&quot;classic&quot;}\">\n\t\t\t\t\t\t<div class=\"elementor-container elementor-column-gap-no\">\n\t\t\t\t\t<div class=\"elementor-column elementor-col-100 elementor-top-column elementor-element elementor-element-caa9ff4\" data-id=\"caa9ff4\" data-element_type=\"column\" data-e-type=\"column\">\n\t\t\t<div class=\"elementor-widget-wrap elementor-element-populated\">\n\t\t\t\t\t\t<section class=\"elementor-section elementor-inner-section elementor-element elementor-element-e53417d elementor-section-boxed elementor-section-height-default elementor-section-height-default\" data-id=\"e53417d\" data-element_type=\"section\" data-e-type=\"section\">\n\t\t\t\t\t\t<div class=\"elementor-container elementor-column-gap-default\">\n\t\t\t\t\t<div class=\"elementor-column elementor-col-50 elementor-inner-column elementor-element elementor-element-a8c4151 m-position\" data-id=\"a8c4151\" data-element_type=\"column\" data-e-type=\"column\">\n\t\t\t<div class=\"elementor-widget-wrap elementor-element-populated\">\n\t\t\t\t\t\t<div class=\"elementor-element elementor-element-01e01e9 elementor-widget__width-auto elementor-widget elementor-widget-bdoctor-heading\" data-id=\"01e01e9\" data-element_type=\"widget\" data-e-type=\"widget\" data-widget_type=\"bdoctor-heading.default\">\n\t\t\t\t<div class=\"elementor-widget-container\">\n\t\t\t\t\t<div class=\"bdoctor__section-heading bdoctoraligh\">\r\n        <h2 class=\"bdoctor__heading-title spilit__enable split-in-fade\">Kusursuz Bir G\u00fcl\u00fc\u015fe Haz\u0131r M\u0131s\u0131n\u0131z? Yeni hastalar\u0131m\u0131z\u0131 klini\u011fimizde a\u011f\u0131rlamaktan ve en konforlu, en g\u00fcvenilir a\u011f\u0131z ve di\u015f sa\u011fl\u0131\u011f\u0131 hizmetini sunmaktan mutluluk duyuyoruz.<\/h2>    <\/div>\r\n\t\t\t\t<\/div>\n\t\t\t\t<\/div>\n\t\t\t\t<div class=\"elementor-element elementor-element-1bc69d6 elementor-widget elementor-widget-bdoctor-btn\" data-id=\"1bc69d6\" data-element_type=\"widget\" data-e-type=\"widget\" data-widget_type=\"bdoctor-btn.default\">\n\t\t\t\t<div class=\"elementor-widget-container\">\n\t\t\t\t\t\t\r\n        <div class=\"btnalign\">\r\n            \t\t\t<div class=\"bdt_btn\">\r\n\t\t\t\t<a class=\"thm__btn thm__btn-border\" href=\"https:\/\/www.pirlantadiscayirova.com\/iletisim\" target=\"_blank\" rel=\"nofollow\">\r\n\t\t\t\t\t<div class=\"d-flex\">\r\n\t\t\t\t\tHemen Randevu Al \r\n\t\t\t\t\t<i class=\"fal fa-angle-right\"><\/i>\r\n\t\t\t\t\t<\/div>\r\n\t\t\t\t<\/a>\r\n\t\t\t<\/div>\r\n\t\t\t        <\/div>\r\n    \t\t\t\t<\/div>\n\t\t\t\t<\/div>\n\t\t\t\t\t<\/div>\n\t\t<\/div>\n\t\t\t\t<div class=\"elementor-column elementor-col-50 elementor-inner-column elementor-element elementor-element-ca735fa\" data-id=\"ca735fa\" data-element_type=\"column\" data-e-type=\"column\">\n\t\t\t<div class=\"elementor-widget-wrap elementor-element-populated\">\n\t\t\t\t\t\t<div class=\"elementor-element elementor-element-622cca7 elementor-widget elementor-widget-image\" data-id=\"622cca7\" data-element_type=\"widget\" data-e-type=\"widget\" data-widget_type=\"image.default\">\n\t\t\t\t\t\t\t\t\t\t\t\t\t\t\t<img fetchpriority=\"high\" decoding=\"async\" width=\"640\" height=\"284\" src=\"https:\/\/www.pirlantadiscayirova.com\/wp-content\/uploads\/2026\/01\/Zirkonyum-Kaplama-nedir.webp\" class=\"attachment-large size-large wp-image-1499\" alt=\"\" srcset=\"https:\/\/www.pirlantadiscayirova.com\/wp-content\/uploads\/2026\/01\/Zirkonyum-Kaplama-nedir.webp 900w, https:\/\/www.pirlantadiscayirova.com\/wp-content\/uploads\/2026\/01\/Zirkonyum-Kaplama-nedir-300x133.webp 300w, https:\/\/www.pirlantadiscayirova.com\/wp-content\/uploads\/2026\/01\/Zirkonyum-Kaplama-nedir-768x341.webp 768w\" sizes=\"(max-width: 640px) 100vw, 640px\" \/>\t\t\t\t\t\t\t\t\t\t\t\t\t\t\t<\/div>\n\t\t\t\t\t<\/div>\n\t\t<\/div>\n\t\t\t\t\t<\/div>\n\t\t<\/section>\n\t\t\t\t\t<\/div>\n\t\t<\/div>\n\t\t\t\t\t<\/div>\n\t\t<\/section>\n\t\t\t\t<section class=\"elementor-section elementor-top-section elementor-element elementor-element-1af97a5 elementor-section-boxed elementor-section-height-default elementor-section-height-default\" data-id=\"1af97a5\" data-element_type=\"section\" data-e-type=\"section\">\n\t\t\t\t\t\t<div class=\"elementor-container elementor-column-gap-default\">\n\t\t\t\t\t<div class=\"elementor-column elementor-col-100 elementor-top-column elementor-element elementor-element-82969c6\" data-id=\"82969c6\" data-element_type=\"column\" data-e-type=\"column\">\n\t\t\t<div class=\"elementor-widget-wrap elementor-element-populated\">\n\t\t\t\t\t\t<div class=\"elementor-element elementor-element-f8e7bac elementor-widget elementor-widget-bdoctor-heading\" data-id=\"f8e7bac\" data-element_type=\"widget\" data-e-type=\"widget\" data-widget_type=\"bdoctor-heading.default\">\n\t\t\t\t<div class=\"elementor-widget-container\">\n\t\t\t\t\t<div class=\"bdoctor__section-heading bdoctoraligh heading__style-two heading__three\">\r\n        <div class=\"bdoctor__sub-heaind\">\r\n        <h4>TEDAV\u0130 ADIMLARIMIZ<\/h4>\r\n    <\/div>\r\n        <h2 class=\"bdoctor__heading-title spilit__enable rt-split-right\">4 Ad\u0131mda Sa\u011fl\u0131kl\u0131 G\u00fcl\u00fc\u015fler<\/h2>    <\/div>\r\n\t\t\t\t<\/div>\n\t\t\t\t<\/div>\n\t\t\t\t<div class=\"elementor-element elementor-element-dfc27b4 elementor-widget elementor-widget-bdoctor-del-process\" data-id=\"dfc27b4\" data-element_type=\"widget\" data-e-type=\"widget\" data-widget_type=\"bdoctor-del-process.default\">\n\t\t\t\t<div class=\"elementor-widget-container\">\n\t\t\t\t\t<div class=\"bdoctor__delivery-wrapper\">\r\n    <div class=\"row\">\r\n                <div class=\"col-lg-3 col-md-6  elem__work elementor-repeater-item-35d381a wow fadeInUp\"  data-wow-duration=\"1000ms\">\r\n            <div class=\"bdoctor__delivery-item style--2\">\r\n                <div class=\"icon\">\r\n                    <div class=\"process_img\">\r\n                        <img decoding=\"async\" src=\"http:\/\/www.pirlantadiscayirova.com\/wp-content\/uploads\/2026\/02\/girl-getting-x-ray-of-teeth-2026-01-08-01-32-23-utc-scaled.jpg\" alt=\"\">\r\n                    <\/div>                    \r\n                <\/div>\r\n                <div class=\"delivery__content\">\r\n                                            <span>Ad\u0131m 1<\/span>\r\n                                        <h4>Detayl\u0131 Muayene ve R\u00f6ntgen<\/h4>\r\n                    <p>Uzman hekimlerimiz taraf\u0131ndan a\u011f\u0131z ve di\u015f sa\u011fl\u0131\u011f\u0131n\u0131z detayl\u0131ca incelenir, gerekli radyolojik (r\u00f6ntgen) kontrolleriniz yap\u0131l\u0131r.<\/p>\r\n                <\/div>\r\n            <\/div>\r\n                <div class=\"process_shape\"><svg xmlns=\"http:\/\/www.w3.org\/2000\/svg\" width=\"97\" height=\"52\" viewBox=\"0 0 97 52\" fill=\"none\"><path opacity=\"0.05\" d=\"M70.7854 41.7133C69.5762 40.53 71.1858 38.5409 72.6292 39.4216C74.4335 40.5223 76.2378 41.6231 77.984 42.738C78.5033 43.1043 79.3394 43.7629 80.2195 44.3494C77.5208 28.8877 67.2567 14.9505 52.5858 8.72342C36.2232 1.8604 16.6258 5.00704 2.97188 16.1867C1.84843 17.1354 0.236151 15.5575 1.33147 14.4927C15.1584 1.48736 36.2174 -3.24342 54.1151 3.86293C70.5095 10.3492 82.6941 25.359 86.1195 42.5515C86.824 41.3968 87.5004 40.1258 87.9107 39.5344C89.0696 37.716 90.1563 35.8536 91.2289 33.9331C93.036 30.7276 97.8856 33.7358 96.0644 36.8832C93.655 41.1572 89.5455 49.841 84.2161 50.9471C79.2353 51.9688 73.8515 44.7229 70.7854 41.7133Z\" fill=\"#000D44\"><\/path><\/svg><\/div>\r\n        <\/div>\r\n                <div class=\"col-lg-3 col-md-6  elem__work elementor-repeater-item-13f5f5b wow fadeInUp\"  data-wow-delay=\"400ms\"  data-wow-duration=\"1000ms\">\r\n            <div class=\"bdoctor__delivery-item style--2\">\r\n                <div class=\"icon\">\r\n                    <div class=\"process_img\">\r\n                        <img decoding=\"async\" src=\"http:\/\/www.pirlantadiscayirova.com\/wp-content\/uploads\/2026\/02\/getting-into-the-nitty-gritty-2026-01-09-11-43-00-utc-1-scaled.jpg\" alt=\"\">\r\n                    <\/div>                    \r\n                <\/div>\r\n                <div class=\"delivery__content\">\r\n                                            <span>Ad\u0131m 2<\/span>\r\n                                        <h4>Ki\u015fiye \u00d6zel Planlama<\/h4>\r\n                    <p>\u0130htiya\u00e7lar\u0131n\u0131za ve beklentilerinize en uygun tedavi plan\u0131 olu\u015fturulur, t\u00fcm s\u00fcre\u00e7 ve b\u00fct\u00e7e \u015feffaf bir \u015fekilde size aktar\u0131l\u0131r.<\/p>\r\n                <\/div>\r\n            <\/div>\r\n                <div class=\"process_shape\"><svg xmlns=\"http:\/\/www.w3.org\/2000\/svg\" width=\"98\" height=\"43\" viewBox=\"0 0 98 43\" fill=\"none\"><path d=\"M73.575 7.47319C72.1667 8.41088 73.3781 10.6647 74.9602 10.0681C76.9378 9.32226 78.9154 8.57646 80.8386 7.80603C81.417 7.54274 82.361 7.05118 83.3349 6.63873C77.8061 21.3282 65.1278 33.112 49.5544 36.5003C32.2005 40.1986 13.531 33.4601 2.19589 19.9349C1.26859 18.7938 -0.609142 20.044 0.268888 21.2941C11.4342 36.6453 31.2451 45.2122 50.1526 41.5604C67.4676 38.2382 82.2325 25.7579 88.7973 9.50308C89.2746 10.7688 89.7027 12.1434 89.9958 12.8008C90.7961 14.8031 91.5172 16.8352 92.2137 18.9217C93.3928 22.4075 98.7174 20.3543 97.5137 16.923C95.9417 12.2753 93.52 2.97845 88.4894 0.899953C83.7857 -1.03073 77.1476 5.08681 73.575 7.47319Z\" fill=\"#F5F5F5\"><\/path><\/svg><\/div>\r\n        <\/div>\r\n                <div class=\"col-lg-3 col-md-6  elem__work elementor-repeater-item-c089eda wow fadeInUp\"  data-wow-delay=\"600ms\"  data-wow-duration=\"1000ms\">\r\n            <div class=\"bdoctor__delivery-item style--2\">\r\n                <div class=\"icon\">\r\n                    <div class=\"process_img\">\r\n                        <img decoding=\"async\" src=\"http:\/\/www.pirlantadiscayirova.com\/wp-content\/uploads\/2026\/02\/dental-clinic-female-dentist-doctor-applying-anes-2026-01-06-10-09-25-utc-scaled.jpg\" alt=\"\">\r\n                    <\/div>                    \r\n                <\/div>\r\n                <div class=\"delivery__content\">\r\n                                            <span>Ad\u0131m 3<\/span>\r\n                                        <h4>A\u011fr\u0131s\u0131z Tedavi S\u00fcreci<\/h4>\r\n                    <p>Modern cihazlar ve \u00fcst d\u00fczey hijyen standartlar\u0131nda, hi\u00e7bir a\u011fr\u0131 veya ac\u0131 hissetmeden konforlu bir \u015fekilde tedaviniz ger\u00e7ekle\u015ftirilir.<\/p>\r\n                <\/div>\r\n            <\/div>\r\n                <div class=\"process_shape\"><svg xmlns=\"http:\/\/www.w3.org\/2000\/svg\" width=\"97\" height=\"52\" viewBox=\"0 0 97 52\" fill=\"none\"><path opacity=\"0.05\" d=\"M70.7854 41.7133C69.5762 40.53 71.1858 38.5409 72.6292 39.4216C74.4335 40.5223 76.2378 41.6231 77.984 42.738C78.5033 43.1043 79.3394 43.7629 80.2195 44.3494C77.5208 28.8877 67.2567 14.9505 52.5858 8.72342C36.2232 1.8604 16.6258 5.00704 2.97188 16.1867C1.84843 17.1354 0.236151 15.5575 1.33147 14.4927C15.1584 1.48736 36.2174 -3.24342 54.1151 3.86293C70.5095 10.3492 82.6941 25.359 86.1195 42.5515C86.824 41.3968 87.5004 40.1258 87.9107 39.5344C89.0696 37.716 90.1563 35.8536 91.2289 33.9331C93.036 30.7276 97.8856 33.7358 96.0644 36.8832C93.655 41.1572 89.5455 49.841 84.2161 50.9471C79.2353 51.9688 73.8515 44.7229 70.7854 41.7133Z\" fill=\"#000D44\"><\/path><\/svg><\/div>\r\n        <\/div>\r\n                <div class=\"col-lg-3 col-md-6  elem__work elementor-repeater-item-00b420e wow fadeInUp\"  data-wow-delay=\"800ms\"  data-wow-duration=\"1000ms\">\r\n            <div class=\"bdoctor__delivery-item style--2\">\r\n                <div class=\"icon\">\r\n                    <div class=\"process_img\">\r\n                        <img decoding=\"async\" src=\"http:\/\/www.pirlantadiscayirova.com\/wp-content\/uploads\/2026\/02\/you-can-count-on-us-2026-01-09-11-31-50-utc-scaled.jpg\" alt=\"\">\r\n                    <\/div>                    \r\n                <\/div>\r\n                <div class=\"delivery__content\">\r\n                                            <span>Ad\u0131m 4<\/span>\r\n                                        <h4>Yeni G\u00fcl\u00fc\u015f\u00fcn\u00fcze Kavu\u015fun<\/h4>\r\n                    <p>Tedaviniz ba\u015far\u0131yla tamamlan\u0131r ve d\u00fczenli kontrolleriniz planlan\u0131r. Art\u0131k \u00f6zg\u00fcrce ve g\u00fcvenle g\u00fcl\u00fcmsemenin tad\u0131n\u0131 \u00e7\u0131karabilirsiniz.<\/p>\r\n                <\/div>\r\n            <\/div>\r\n                <div class=\"process_shape\"><\/div>\r\n        <\/div>\r\n            <\/div>\r\n<\/div>\t\t\t\t<\/div>\n\t\t\t\t<\/div>\n\t\t\t\t\t<\/div>\n\t\t<\/div>\n\t\t\t\t\t<\/div>\n\t\t<\/section>\n\t\t\t\t<\/div>\n\t\t","protected":false},"excerpt":{"rendered":"<p>5+ y\u0131ll\u0131k ecr\u00fcbe B\u0130Z K\u0130M\u0130Z? \u00c7ay\u0131rova&#8217;da Sa\u011fl\u0131kl\u0131 G\u00fcl\u00fc\u015flerin Mimar\u0131: P\u0131rlanta Di\u015f Klini\u011fi P\u0131rlanta Di\u015f Klini\u011fi olarak, [5] y\u0131l\u0131 a\u015fk\u0131n s\u00fcredir \u00c7ay\u0131rova&#8217;da hastalar\u0131m\u0131za uluslararas\u0131 standartlarda a\u011f\u0131z ve di\u015f sa\u011fl\u0131\u011f\u0131 hizmeti sunman\u0131n gururunu ya\u015f\u0131yoruz. Amac\u0131m\u0131z sadece di\u015f tedavi etmek de\u011fil; teknoloji ile \u015fefkati harmanlayarak her ya\u015ftan hastam\u0131za, korkudan uzak, g\u00fcven dolu ve aile s\u0131cakl\u0131\u011f\u0131nda bir tedavi deneyimi [&hellip;]<\/p>\n","protected":false},"author":1,"featured_media":0,"parent":0,"menu_order":0,"comment_status":"closed","ping_status":"closed","template":"elementor_header_footer","meta":{"_joinchat":[],"footnotes":""},"class_list":["post-885","page","type-page","status-publish","hentry"],"_links":{"self":[{"href":"https:\/\/www.pirlantadiscayirova.com\/en\/wp-json\/wp\/v2\/pages\/885","targetHints":{"allow":["GET"]}}],"collection":[{"href":"https:\/\/www.pirlantadiscayirova.com\/en\/wp-json\/wp\/v2\/pages"}],"about":[{"href":"https:\/\/www.pirlantadiscayirova.com\/en\/wp-json\/wp\/v2\/types\/page"}],"author":[{"embeddable":true,"href":"https:\/\/www.pirlantadiscayirova.com\/en\/wp-json\/wp\/v2\/users\/1"}],"replies":[{"embeddable":true,"href":"https:\/\/www.pirlantadiscayirova.com\/en\/wp-json\/wp\/v2\/comments?post=885"}],"version-history":[{"count":13,"href":"https:\/\/www.pirlantadiscayirova.com\/en\/wp-json\/wp\/v2\/pages\/885\/revisions"}],"predecessor-version":[{"id":3005,"href":"https:\/\/www.pirlantadiscayirova.com\/en\/wp-json\/wp\/v2\/pages\/885\/revisions\/3005"}],"wp:attachment":[{"href":"https:\/\/www.pirlantadiscayirova.com\/en\/wp-json\/wp\/v2\/media?parent=885"}],"curies":[{"name":"wp","href":"https:\/\/api.w.org\/{rel}","templated":true}]}}