{"id":908,"date":"2024-12-11T16:31:28","date_gmt":"2024-12-11T16:31:28","guid":{"rendered":"https:\/\/byteflows.net\/wp\/mydocto\/?page_id=908"},"modified":"2026-03-19T10:35:28","modified_gmt":"2026-03-19T10:35:28","slug":"ekibimiz","status":"publish","type":"page","link":"https:\/\/www.pirlantadiscayirova.com\/en\/ekibimiz\/","title":{"rendered":"Our Team"},"content":{"rendered":"<div data-elementor-type=\"wp-page\" data-elementor-id=\"908\" class=\"elementor elementor-908\">\n\t\t\t\t\t\t<section class=\"elementor-section elementor-top-section elementor-element elementor-element-7fc47d3 elementor-section-full_width elementor-section-height-default elementor-section-height-default\" data-id=\"7fc47d3\" data-element_type=\"section\" data-e-type=\"section\">\n\t\t\t\t\t\t<div class=\"elementor-container elementor-column-gap-no\">\n\t\t\t\t\t<div class=\"elementor-column elementor-col-100 elementor-top-column elementor-element elementor-element-ab5c89e\" data-id=\"ab5c89e\" data-element_type=\"column\" data-e-type=\"column\">\n\t\t\t<div class=\"elementor-widget-wrap elementor-element-populated\">\n\t\t\t\t\t\t<section class=\"elementor-section elementor-inner-section elementor-element elementor-element-36c4013 elementor-section-boxed elementor-section-height-default elementor-section-height-default\" data-id=\"36c4013\" data-element_type=\"section\" data-e-type=\"section\">\n\t\t\t\t\t\t<div class=\"elementor-container elementor-column-gap-default\">\n\t\t\t\t\t<div class=\"elementor-column elementor-col-33 elementor-inner-column elementor-element elementor-element-b3b3893\" data-id=\"b3b3893\" data-element_type=\"column\" data-e-type=\"column\">\n\t\t\t<div class=\"elementor-widget-wrap elementor-element-populated\">\n\t\t\t\t\t\t<div class=\"elementor-element elementor-element-129ec92 elementor-widget elementor-widget-bdoctor-team\" data-id=\"129ec92\" data-element_type=\"widget\" data-e-type=\"widget\" data-widget_type=\"bdoctor-team.default\">\n\t\t\t\t<div class=\"elementor-widget-container\">\n\t\t\t\t\t\t\r\n        <div class=\"bdoctor__team-item wow fadeInUp text-center\"  data-wow-duration=\"1000ms\">\r\n            <div class=\"team__top\">\r\n                <div class=\"team_img\">\r\n\t\t\t\t\t<img decoding=\"async\" src=\"https:\/\/www.pirlantadiscayirova.com\/wp-content\/uploads\/2026\/03\/WhatsApp-Image-2026-03-17-at-12.57.20.jpeg\" alt=\"\">\r\n\t\t\t\t<\/div>\r\n            <\/div>\r\n            <div class=\"team_content\">\r\n                <h2><a href=\"#\">Dt.G\u00fcner KABAHASANO\u011eLU<\/a><\/h2>\r\n                <span>Di\u015f Hekimi<\/span>\r\n                <div class=\"social_icon\">\r\n                                            <a class=\"#\" href=\"\"><i aria-hidden=\"true\" class=\"fab fa-instagram\"><\/i><\/a>\r\n                                    <\/div>\r\n            <\/div>\r\n        <\/div>\r\n    \t\t\t\t<\/div>\n\t\t\t\t<\/div>\n\t\t\t\t\t<\/div>\n\t\t<\/div>\n\t\t\t\t<div class=\"elementor-column elementor-col-33 elementor-inner-column elementor-element elementor-element-2749f50\" data-id=\"2749f50\" data-element_type=\"column\" data-e-type=\"column\">\n\t\t\t<div class=\"elementor-widget-wrap elementor-element-populated\">\n\t\t\t\t\t\t<div class=\"elementor-element elementor-element-31728e0 elementor-widget elementor-widget-bdoctor-team\" data-id=\"31728e0\" data-element_type=\"widget\" data-e-type=\"widget\" data-widget_type=\"bdoctor-team.default\">\n\t\t\t\t<div class=\"elementor-widget-container\">\n\t\t\t\t\t\t\r\n        <div class=\"bdoctor__team-item wow fadeInUp text-center\"  data-wow-duration=\"1000ms\">\r\n            <div class=\"team__top\">\r\n                <div class=\"team_img\">\r\n\t\t\t\t\t<img decoding=\"async\" src=\"https:\/\/www.pirlantadiscayirova.com\/wp-content\/uploads\/2026\/03\/WhatsApp-Image-2026-03-17-at-12.57.45.jpeg\" alt=\"\">\r\n\t\t\t\t<\/div>\r\n            <\/div>\r\n            <div class=\"team_content\">\r\n                <h2><a href=\"#\">Dt.G\u00fclnaz \u015eEN TOSUN<\/a><\/h2>\r\n                <span>Di\u015f hekimi<\/span>\r\n                <div class=\"social_icon\">\r\n                                            <a class=\"#\" href=\"\"><i aria-hidden=\"true\" class=\"fab fa-instagram\"><\/i><\/a>\r\n                                    <\/div>\r\n            <\/div>\r\n        <\/div>\r\n    \t\t\t\t<\/div>\n\t\t\t\t<\/div>\n\t\t\t\t\t<\/div>\n\t\t<\/div>\n\t\t\t\t<div class=\"elementor-column elementor-col-33 elementor-inner-column elementor-element elementor-element-52390e7\" data-id=\"52390e7\" data-element_type=\"column\" data-e-type=\"column\">\n\t\t\t<div class=\"elementor-widget-wrap elementor-element-populated\">\n\t\t\t\t\t\t<div class=\"elementor-element elementor-element-678953c elementor-widget elementor-widget-bdoctor-team\" data-id=\"678953c\" data-element_type=\"widget\" data-e-type=\"widget\" data-widget_type=\"bdoctor-team.default\">\n\t\t\t\t<div class=\"elementor-widget-container\">\n\t\t\t\t\t\t\r\n        <div class=\"bdoctor__team-item wow fadeInUp text-center\"  data-wow-duration=\"1000ms\">\r\n            <div class=\"team__top\">\r\n                <div class=\"team_img\">\r\n\t\t\t\t\t<img decoding=\"async\" src=\"https:\/\/www.pirlantadiscayirova.com\/wp-content\/uploads\/2026\/03\/WhatsApp-Image-2026-03-16-at-22.26.51.jpeg\" alt=\"\">\r\n\t\t\t\t<\/div>\r\n            <\/div>\r\n            <div class=\"team_content\">\r\n                <h2><a href=\"#\">Dilan Ak\u0131n<\/a><\/h2>\r\n                <span>Dental Asistan<\/span>\r\n                <div class=\"social_icon\">\r\n                                            <a class=\"#\" href=\"\"><i aria-hidden=\"true\" class=\"fab fa-instagram\"><\/i><\/a>\r\n                                    <\/div>\r\n            <\/div>\r\n        <\/div>\r\n    \t\t\t\t<\/div>\n\t\t\t\t<\/div>\n\t\t\t\t\t<\/div>\n\t\t<\/div>\n\t\t\t\t\t<\/div>\n\t\t<\/section>\n\t\t\t\t\t<\/div>\n\t\t<\/div>\n\t\t\t\t\t<\/div>\n\t\t<\/section>\n\t\t\t\t<section class=\"elementor-section elementor-top-section elementor-element elementor-element-142153c elementor-section-full_width elementor-section-height-default elementor-section-height-default\" data-id=\"142153c\" data-element_type=\"section\" data-e-type=\"section\">\n\t\t\t\t\t\t<div class=\"elementor-container elementor-column-gap-no\">\n\t\t\t\t\t<div class=\"elementor-column elementor-col-100 elementor-top-column elementor-element elementor-element-f069ec2\" data-id=\"f069ec2\" data-element_type=\"column\" data-e-type=\"column\">\n\t\t\t<div class=\"elementor-widget-wrap elementor-element-populated\">\n\t\t\t\t\t\t<section class=\"elementor-section elementor-inner-section elementor-element elementor-element-8c58585 elementor-section-boxed elementor-section-height-default elementor-section-height-default\" data-id=\"8c58585\" data-element_type=\"section\" data-e-type=\"section\">\n\t\t\t\t\t\t<div class=\"elementor-container elementor-column-gap-default\">\n\t\t\t\t\t<div class=\"elementor-column elementor-col-33 elementor-inner-column elementor-element elementor-element-06f6cce\" data-id=\"06f6cce\" data-element_type=\"column\" data-e-type=\"column\">\n\t\t\t<div class=\"elementor-widget-wrap elementor-element-populated\">\n\t\t\t\t\t\t<div class=\"elementor-element elementor-element-155f7b3 elementor-widget elementor-widget-bdoctor-team\" data-id=\"155f7b3\" data-element_type=\"widget\" data-e-type=\"widget\" data-widget_type=\"bdoctor-team.default\">\n\t\t\t\t<div class=\"elementor-widget-container\">\n\t\t\t\t\t\t\r\n        <div class=\"bdoctor__team-item wow fadeInUp text-center\"  data-wow-duration=\"1000ms\">\r\n            <div class=\"team__top\">\r\n                <div class=\"team_img\">\r\n\t\t\t\t\t<img decoding=\"async\" src=\"https:\/\/www.pirlantadiscayirova.com\/wp-content\/uploads\/2026\/03\/WhatsApp-Image-2026-03-16-at-22.26.28.jpeg\" alt=\"\">\r\n\t\t\t\t<\/div>\r\n            <\/div>\r\n            <div class=\"team_content\">\r\n                <h2><a href=\"#\"> Emine K\u00f6ksalan<\/a><\/h2>\r\n                <span>Dental Asistan<\/span>\r\n                <div class=\"social_icon\">\r\n                                            <a class=\"#\" href=\"\"><i aria-hidden=\"true\" class=\"fab fa-instagram\"><\/i><\/a>\r\n                                    <\/div>\r\n            <\/div>\r\n        <\/div>\r\n    \t\t\t\t<\/div>\n\t\t\t\t<\/div>\n\t\t\t\t\t<\/div>\n\t\t<\/div>\n\t\t\t\t<div class=\"elementor-column elementor-col-33 elementor-inner-column elementor-element elementor-element-e8ba09a\" data-id=\"e8ba09a\" data-element_type=\"column\" data-e-type=\"column\">\n\t\t\t<div class=\"elementor-widget-wrap elementor-element-populated\">\n\t\t\t\t\t\t<div class=\"elementor-element elementor-element-d224820 elementor-widget elementor-widget-bdoctor-team\" data-id=\"d224820\" data-element_type=\"widget\" data-e-type=\"widget\" data-widget_type=\"bdoctor-team.default\">\n\t\t\t\t<div class=\"elementor-widget-container\">\n\t\t\t\t\t\t\r\n        <div class=\"bdoctor__team-item wow fadeInUp text-center\"  data-wow-duration=\"1000ms\">\r\n            <div class=\"team__top\">\r\n                <div class=\"team_img\">\r\n\t\t\t\t\t<img decoding=\"async\" src=\"https:\/\/www.pirlantadiscayirova.com\/wp-content\/uploads\/2026\/03\/WhatsApp-Image-2026-03-16-at-22.26.06.jpeg\" alt=\"\">\r\n\t\t\t\t<\/div>\r\n            <\/div>\r\n            <div class=\"team_content\">\r\n                <h2><a href=\"#\">Bar\u0131\u015f \u015eim\u015fek<\/a><\/h2>\r\n                <span>Di\u015f hekimi<\/span>\r\n                <div class=\"social_icon\">\r\n                                            <a class=\"#\" href=\"\"><i aria-hidden=\"true\" class=\"fab fa-instagram\"><\/i><\/a>\r\n                                    <\/div>\r\n            <\/div>\r\n        <\/div>\r\n    \t\t\t\t<\/div>\n\t\t\t\t<\/div>\n\t\t\t\t\t<\/div>\n\t\t<\/div>\n\t\t\t\t<div class=\"elementor-column elementor-col-33 elementor-inner-column elementor-element elementor-element-75c24b2\" data-id=\"75c24b2\" data-element_type=\"column\" data-e-type=\"column\">\n\t\t\t<div class=\"elementor-widget-wrap elementor-element-populated\">\n\t\t\t\t\t\t<div class=\"elementor-element elementor-element-1ab192f elementor-widget elementor-widget-bdoctor-team\" data-id=\"1ab192f\" data-element_type=\"widget\" data-e-type=\"widget\" data-widget_type=\"bdoctor-team.default\">\n\t\t\t\t<div class=\"elementor-widget-container\">\n\t\t\t\t\t\t\r\n        <div class=\"bdoctor__team-item wow fadeInUp text-center\"  data-wow-duration=\"1000ms\">\r\n            <div class=\"team__top\">\r\n                <div class=\"team_img\">\r\n\t\t\t\t\t<img decoding=\"async\" src=\"https:\/\/www.pirlantadiscayirova.com\/wp-content\/uploads\/2026\/03\/WhatsApp-Image-2026-03-16-at-22.25.41.jpeg\" alt=\"\">\r\n\t\t\t\t<\/div>\r\n            <\/div>\r\n            <div class=\"team_content\">\r\n                <h2><a href=\"#\">Fadile Enc\u00fc<\/a><\/h2>\r\n                <span>Dental Asistan<\/span>\r\n                <div class=\"social_icon\">\r\n                                            <a class=\"#\" href=\"\"><i aria-hidden=\"true\" class=\"fab fa-instagram\"><\/i><\/a>\r\n                                    <\/div>\r\n            <\/div>\r\n        <\/div>\r\n    \t\t\t\t<\/div>\n\t\t\t\t<\/div>\n\t\t\t\t\t<\/div>\n\t\t<\/div>\n\t\t\t\t\t<\/div>\n\t\t<\/section>\n\t\t\t\t\t<\/div>\n\t\t<\/div>\n\t\t\t\t\t<\/div>\n\t\t<\/section>\n\t\t\t\t<section class=\"elementor-section elementor-top-section elementor-element elementor-element-415b501 elementor-section-full_width elementor-section-height-default elementor-section-height-default\" data-id=\"415b501\" data-element_type=\"section\" data-e-type=\"section\">\n\t\t\t\t\t\t<div class=\"elementor-container elementor-column-gap-no\">\n\t\t\t\t\t<div class=\"elementor-column elementor-col-100 elementor-top-column elementor-element elementor-element-9b5dedb\" data-id=\"9b5dedb\" data-element_type=\"column\" data-e-type=\"column\">\n\t\t\t<div class=\"elementor-widget-wrap elementor-element-populated\">\n\t\t\t\t\t\t<section class=\"elementor-section elementor-inner-section elementor-element elementor-element-0357e95 elementor-section-boxed elementor-section-height-default elementor-section-height-default\" data-id=\"0357e95\" data-element_type=\"section\" data-e-type=\"section\">\n\t\t\t\t\t\t<div class=\"elementor-container elementor-column-gap-default\">\n\t\t\t\t\t<div class=\"elementor-column elementor-col-33 elementor-inner-column elementor-element elementor-element-e0b3ff1\" data-id=\"e0b3ff1\" data-element_type=\"column\" data-e-type=\"column\">\n\t\t\t<div class=\"elementor-widget-wrap elementor-element-populated\">\n\t\t\t\t\t\t<div class=\"elementor-element elementor-element-af7623d elementor-widget elementor-widget-bdoctor-team\" data-id=\"af7623d\" data-element_type=\"widget\" data-e-type=\"widget\" data-widget_type=\"bdoctor-team.default\">\n\t\t\t\t<div class=\"elementor-widget-container\">\n\t\t\t\t\t\t\r\n        <div class=\"bdoctor__team-item wow fadeInUp text-center\"  data-wow-duration=\"1000ms\">\r\n            <div class=\"team__top\">\r\n                <div class=\"team_img\">\r\n\t\t\t\t\t<img decoding=\"async\" src=\"https:\/\/www.pirlantadiscayirova.com\/wp-content\/uploads\/2026\/03\/WhatsApp-Image-2026-03-16-at-22.24.37.jpeg\" alt=\"\">\r\n\t\t\t\t<\/div>\r\n            <\/div>\r\n            <div class=\"team_content\">\r\n                <h2><a href=\"#\">Aysun Ka\u00e7an<\/a><\/h2>\r\n                <span>Hasta Kar\u015f\u0131lama ve Dan\u0131\u015fma<\/span>\r\n                <div class=\"social_icon\">\r\n                                            <a class=\"#\" href=\"\"><i aria-hidden=\"true\" class=\"fab fa-instagram\"><\/i><\/a>\r\n                                    <\/div>\r\n            <\/div>\r\n        <\/div>\r\n    \t\t\t\t<\/div>\n\t\t\t\t<\/div>\n\t\t\t\t\t<\/div>\n\t\t<\/div>\n\t\t\t\t<div class=\"elementor-column elementor-col-33 elementor-inner-column elementor-element elementor-element-e295881\" data-id=\"e295881\" data-element_type=\"column\" data-e-type=\"column\">\n\t\t\t<div class=\"elementor-widget-wrap\">\n\t\t\t\t\t\t\t<\/div>\n\t\t<\/div>\n\t\t\t\t<div class=\"elementor-column elementor-col-33 elementor-inner-column elementor-element elementor-element-e31e84c\" data-id=\"e31e84c\" data-element_type=\"column\" data-e-type=\"column\">\n\t\t\t<div class=\"elementor-widget-wrap\">\n\t\t\t\t\t\t\t<\/div>\n\t\t<\/div>\n\t\t\t\t\t<\/div>\n\t\t<\/section>\n\t\t\t\t\t<\/div>\n\t\t<\/div>\n\t\t\t\t\t<\/div>\n\t\t<\/section>\n\t\t\t\t<\/div>","protected":false},"excerpt":{"rendered":"<p>Dt.G\u00fcner KABAHASANO\u011eLU Di\u015f Hekimi Dt.G\u00fclnaz \u015eEN TOSUN Di\u015f hekimi Dilan Ak\u0131n Dental Asistan Emine K\u00f6ksalan Dental Asistan Bar\u0131\u015f \u015eim\u015fek Di\u015f hekimi Fadile Enc\u00fc Dental Asistan Aysun Ka\u00e7an Hasta Kar\u015f\u0131lama ve Dan\u0131\u015fma<\/p>","protected":false},"author":1,"featured_media":0,"parent":0,"menu_order":0,"comment_status":"closed","ping_status":"closed","template":"elementor_header_footer","meta":{"_joinchat":[],"footnotes":""},"class_list":["post-908","page","type-page","status-publish","hentry"],"_links":{"self":[{"href":"https:\/\/www.pirlantadiscayirova.com\/en\/wp-json\/wp\/v2\/pages\/908","targetHints":{"allow":["GET"]}}],"collection":[{"href":"https:\/\/www.pirlantadiscayirova.com\/en\/wp-json\/wp\/v2\/pages"}],"about":[{"href":"https:\/\/www.pirlantadiscayirova.com\/en\/wp-json\/wp\/v2\/types\/page"}],"author":[{"embeddable":true,"href":"https:\/\/www.pirlantadiscayirova.com\/en\/wp-json\/wp\/v2\/users\/1"}],"replies":[{"embeddable":true,"href":"https:\/\/www.pirlantadiscayirova.com\/en\/wp-json\/wp\/v2\/comments?post=908"}],"version-history":[{"count":10,"href":"https:\/\/www.pirlantadiscayirova.com\/en\/wp-json\/wp\/v2\/pages\/908\/revisions"}],"predecessor-version":[{"id":3033,"href":"https:\/\/www.pirlantadiscayirova.com\/en\/wp-json\/wp\/v2\/pages\/908\/revisions\/3033"}],"wp:attachment":[{"href":"https:\/\/www.pirlantadiscayirova.com\/en\/wp-json\/wp\/v2\/media?parent=908"}],"curies":[{"name":"wp","href":"https:\/\/api.w.org\/{rel}","templated":true}]}}