{"id":925,"date":"2024-12-12T16:33:37","date_gmt":"2024-12-12T16:33:37","guid":{"rendered":"https:\/\/byteflows.net\/wp\/mydocto\/?page_id=925"},"modified":"2026-02-26T08:47:01","modified_gmt":"2026-02-26T08:47:01","slug":"iletisim","status":"publish","type":"page","link":"https:\/\/www.pirlantadiscayirova.com\/en\/iletisim\/","title":{"rendered":"Contact"},"content":{"rendered":"<div data-elementor-type=\"wp-page\" data-elementor-id=\"925\" class=\"elementor elementor-925\">\n\t\t\t\t\t\t<section class=\"elementor-section elementor-top-section elementor-element elementor-element-f49f8b6 elementor-section-boxed elementor-section-height-default elementor-section-height-default\" data-id=\"f49f8b6\" data-element_type=\"section\" data-e-type=\"section\">\n\t\t\t\t\t\t<div class=\"elementor-container elementor-column-gap-default\">\n\t\t\t\t\t<div class=\"elementor-column elementor-col-33 elementor-top-column elementor-element elementor-element-0984764\" data-id=\"0984764\" data-element_type=\"column\" data-e-type=\"column\">\n\t\t\t<div class=\"elementor-widget-wrap elementor-element-populated\">\n\t\t\t\t\t\t<div class=\"elementor-element elementor-element-930c405 elementor-widget elementor-widget-bdoctor-ct-info-tw\" data-id=\"930c405\" data-element_type=\"widget\" data-e-type=\"widget\" data-widget_type=\"bdoctor-ct-info-tw.default\">\n\t\t\t\t<div class=\"elementor-widget-container\">\n\t\t\t\t\t    <div class=\"contact__info-wrapper-two\">\r\n        <div class=\"contact__info-box\">\r\n            <div class=\"bdoctor__section-heading small\">\r\n                <h2>Bize Ula\u015f\u0131n<\/h2>\r\n                                    <p>P\u0131rlanta Di\u015f Klini\u011fi olarak sorular\u0131n\u0131z\u0131 yan\u0131tlamaktan ve size en iyi hizmeti sunmaktan mutluluk duyar\u0131z. Tedavilerimiz ve randevu i\u00e7in bize diledi\u011finiz zaman ula\u015fabilirsiniz.<\/p>\r\n                            <\/div>\r\n\t\t\t<div class=\"infos\">\r\n\t\t\t\t<ul>\r\n\t\t\t\t\t\t\t\t\t\t\t<li>\r\n\t\t\t\t\t\t\t<div class=\"icon\">\r\n                                <i aria-hidden=\"true\" class=\"fas fa-map-marker-alt\"><\/i>                            <\/div>\r\n\t\t\t\t\t\t\t<div class=\"content\">\r\n                                <h6>Adresimiz :<\/h6>\r\n                                <p>\u00c7ay\u0131rova Diamond Dental Clinic, Yeni, Fatih Cd. No:155\/A, 41000 \u00c7ay\u0131rova\/Kocaeli<\/p>\r\n                            <\/div>\r\n\t\t\t\t\t\t<\/li>\r\n\t\t\t\t\t\t\t\t\t\t\t<li>\r\n\t\t\t\t\t\t\t<div class=\"icon\">\r\n                                <i aria-hidden=\"true\" class=\"far fa-envelope\"><\/i>                            <\/div>\r\n\t\t\t\t\t\t\t<div class=\"content\">\r\n                                <h6>E-Posta :<\/h6>\r\n                                <p>pirlantadis41@gmail.com<\/p>\r\n                            <\/div>\r\n\t\t\t\t\t\t<\/li>\r\n\t\t\t\t\t\t\t\t\t\t\t<li>\r\n\t\t\t\t\t\t\t<div class=\"icon\">\r\n                                <i aria-hidden=\"true\" class=\"fas fa-phone-alt\"><\/i>                            <\/div>\r\n\t\t\t\t\t\t\t<div class=\"content\">\r\n                                <h6>Bizi Ara :<\/h6>\r\n                                <p>0262 503 53 07<br>\n0546 196 56 41<\/p>\r\n                            <\/div>\r\n\t\t\t\t\t\t<\/li>\r\n\t\t\t\t\t\t\t\t\t<\/ul>\r\n\t\t\t<\/div>\r\n        <\/div>\r\n    <\/div>\r\n    \t\t\t\t<\/div>\n\t\t\t\t<\/div>\n\t\t\t\t\t<\/div>\n\t\t<\/div>\n\t\t\t\t<div class=\"elementor-column elementor-col-66 elementor-top-column elementor-element elementor-element-3f014f9\" data-id=\"3f014f9\" data-element_type=\"column\" data-e-type=\"column\">\n\t\t\t<div class=\"elementor-widget-wrap elementor-element-populated\">\n\t\t\t\t\t\t<div class=\"elementor-element elementor-element-7e55b8a elementor-widget elementor-widget-heading\" data-id=\"7e55b8a\" data-element_type=\"widget\" data-e-type=\"widget\" data-widget_type=\"heading.default\">\n\t\t\t\t\t<h2 class=\"elementor-heading-title elementor-size-default\">\u0130LET\u0130\u015e\u0130M FORMU<\/h2>\t\t\t\t<\/div>\n\t\t\t\t<div class=\"elementor-element elementor-element-9ce2382 elementor-widget elementor-widget-heading\" data-id=\"9ce2382\" data-element_type=\"widget\" data-e-type=\"widget\" data-widget_type=\"heading.default\">\n\t\t\t\t\t<h2 class=\"elementor-heading-title elementor-size-default\">Bize Mesaj G\u00f6nderin<\/h2>\t\t\t\t<\/div>\n\t\t\t\t<div class=\"elementor-element elementor-element-52e5bee elementor-widget elementor-widget-heading\" data-id=\"52e5bee\" data-element_type=\"widget\" data-e-type=\"widget\" data-widget_type=\"heading.default\">\n\t\t\t\t\t<h2 class=\"elementor-heading-title elementor-size-default\">Tedavilerimiz hakk\u0131nda detayl\u0131 bilgi almak veya randevu talebi olu\u015fturmak i\u00e7in a\u015fa\u011f\u0131daki formu doldurabilirsiniz. Uzman ekibimiz en k\u0131sa s\u00fcrede size d\u00f6n\u00fc\u015f yapacakt\u0131r.<\/h2>\t\t\t\t<\/div>\n\t\t\t\t<div class=\"elementor-element elementor-element-5acf00f elementor-widget elementor-widget-shortcode\" data-id=\"5acf00f\" data-element_type=\"widget\" data-e-type=\"widget\" data-widget_type=\"shortcode.default\">\n\t\t\t\t\t\t\t<div class=\"elementor-shortcode\">\n<div class=\"wpcf7 no-js\" id=\"wpcf7-f2860-o1\" lang=\"en-US\" dir=\"ltr\" data-wpcf7-id=\"2860\">\n<div class=\"screen-reader-response\"><p role=\"status\" aria-live=\"polite\" aria-atomic=\"true\"><\/p> <ul><\/ul><\/div>\n<form action=\"\/en\/wp-json\/wp\/v2\/pages\/925#wpcf7-f2860-o1\" method=\"post\" class=\"wpcf7-form init\" aria-label=\"Contact form\" novalidate=\"novalidate\" data-status=\"init\" data-trp-original-action=\"\/en\/wp-json\/wp\/v2\/pages\/925#wpcf7-f2860-o1\">\n<fieldset class=\"hidden-fields-container\"><input type=\"hidden\" name=\"_wpcf7\" value=\"2860\" \/><input type=\"hidden\" name=\"_wpcf7_version\" value=\"6.1.5\" \/><input type=\"hidden\" name=\"_wpcf7_locale\" value=\"en_US\" \/><input type=\"hidden\" name=\"_wpcf7_unit_tag\" value=\"wpcf7-f2860-o1\" \/><input type=\"hidden\" name=\"_wpcf7_container_post\" value=\"0\" \/><input type=\"hidden\" name=\"_wpcf7_posted_data_hash\" value=\"\" \/>\n<\/fieldset>\n<div class=\"cf_formw-flex main__form\">\n<div class=\"item\">\n<span class=\"wpcf7-form-control-wrap\" data-name=\"text-389\"><input size=\"40\" maxlength=\"400\" class=\"wpcf7-form-control wpcf7-text wpcf7-validates-as-required\" aria-required=\"true\" aria-invalid=\"false\" placeholder=\"Ad\u0131n\u0131z\" value=\"\" type=\"text\" name=\"text-389\" \/><\/span>    \n<\/div>\n<div class=\"item\">\n <span class=\"wpcf7-form-control-wrap\" data-name=\"email-28\"><input size=\"40\" maxlength=\"400\" class=\"wpcf7-form-control wpcf7-email wpcf7-text wpcf7-validates-as-email\" aria-invalid=\"false\" placeholder=\"Mail Adresiniz\" value=\"\" type=\"email\" name=\"email-28\" \/><\/span>\n<\/div>\n\n<div class=\"item message\">\n <span class=\"wpcf7-form-control-wrap\" data-name=\"textarea-870\"><textarea cols=\"40\" rows=\"10\" maxlength=\"2000\" class=\"wpcf7-form-control wpcf7-textarea\" aria-invalid=\"false\" placeholder=\"Mesaj\u0131n\u0131z\" name=\"textarea-870\"><\/textarea><\/span>\n<\/div>\n<\/div>\n<div class=\"subtmi-btn-booking\">\n<button class=\"thm__btn\">G\u00f6nder<\/button>\n<\/div><div class=\"wpcf7-response-output\" aria-hidden=\"true\"><\/div>\n<input type=\"hidden\" name=\"trp-form-language\" value=\"en\"\/><\/form>\n<\/div>\n<\/div>\n\t\t\t\t\t\t<\/div>\n\t\t\t\t\t<\/div>\n\t\t<\/div>\n\t\t\t\t\t<\/div>\n\t\t<\/section>\n\t\t\t\t<section class=\"elementor-section elementor-top-section elementor-element elementor-element-09e7151 elementor-section-boxed elementor-section-height-default elementor-section-height-default\" data-id=\"09e7151\" data-element_type=\"section\" data-e-type=\"section\">\n\t\t\t\t\t\t<div class=\"elementor-container elementor-column-gap-default\">\n\t\t\t\t\t<div class=\"elementor-column elementor-col-100 elementor-top-column elementor-element elementor-element-1be63a8\" data-id=\"1be63a8\" data-element_type=\"column\" data-e-type=\"column\">\n\t\t\t<div class=\"elementor-widget-wrap elementor-element-populated\">\n\t\t\t\t\t\t<div class=\"elementor-element elementor-element-1011695 elementor-widget elementor-widget-google_maps\" data-id=\"1011695\" data-element_type=\"widget\" data-e-type=\"widget\" data-widget_type=\"google_maps.default\">\n\t\t\t\t\t\t\t<div class=\"elementor-custom-embed\">\n\t\t\t<iframe loading=\"lazy\"\n\t\t\t\t\tsrc=\"https:\/\/maps.google.com\/maps?q=%C3%87ay%C4%B1rova%20P%C4%B1rlanta%20Di%C5%9F%20Klini%C4%9Fi%2C%20Yeni%2C%20Fatih%20Cd.%20No%3A155%2FA%2C%2041000%20%C3%87ay%C4%B1rova%2FKocaeli&#038;t=m&#038;z=11&#038;output=embed&#038;iwloc=near\"\n\t\t\t\t\ttitle=\"\u00c7ay\u0131rova Diamond Dental Clinic, Yeni, Fatih Cd. No:155\/A, 41000 \u00c7ay\u0131rova\/Kocaeli\"\n\t\t\t\t\taria-label=\"\u00c7ay\u0131rova Diamond Dental Clinic, Yeni, Fatih Cd. No:155\/A, 41000 \u00c7ay\u0131rova\/Kocaeli\"\n\t\t\t><\/iframe>\n\t\t<\/div>\n\t\t\t\t\t\t<\/div>\n\t\t\t\t\t<\/div>\n\t\t<\/div>\n\t\t\t\t\t<\/div>\n\t\t<\/section>\n\t\t\t\t<\/div>","protected":false},"excerpt":{"rendered":"<p>Bize Ula\u015f\u0131n P\u0131rlanta Di\u015f Klini\u011fi olarak sorular\u0131n\u0131z\u0131 yan\u0131tlamaktan ve size en iyi hizmeti sunmaktan mutluluk duyar\u0131z. Tedavilerimiz ve randevu i\u00e7in bize diledi\u011finiz zaman ula\u015fabilirsiniz. Adresimiz : \u00c7ay\u0131rova P\u0131rlanta Di\u015f Klini\u011fi, Yeni, Fatih Cd. No:155\/A, 41000 \u00c7ay\u0131rova\/Kocaeli E-Posta : pirlantadis41@gmail.com Bizi Ara : 0262 503 53 07 0546 196 56 41 \u0130LET\u0130\u015e\u0130M FORMU Bize Mesaj G\u00f6nderin [&hellip;]<\/p>\n","protected":false},"author":1,"featured_media":0,"parent":0,"menu_order":0,"comment_status":"closed","ping_status":"closed","template":"elementor_header_footer","meta":{"_joinchat":[],"footnotes":""},"class_list":["post-925","page","type-page","status-publish","hentry"],"_links":{"self":[{"href":"https:\/\/www.pirlantadiscayirova.com\/en\/wp-json\/wp\/v2\/pages\/925","targetHints":{"allow":["GET"]}}],"collection":[{"href":"https:\/\/www.pirlantadiscayirova.com\/en\/wp-json\/wp\/v2\/pages"}],"about":[{"href":"https:\/\/www.pirlantadiscayirova.com\/en\/wp-json\/wp\/v2\/types\/page"}],"author":[{"embeddable":true,"href":"https:\/\/www.pirlantadiscayirova.com\/en\/wp-json\/wp\/v2\/users\/1"}],"replies":[{"embeddable":true,"href":"https:\/\/www.pirlantadiscayirova.com\/en\/wp-json\/wp\/v2\/comments?post=925"}],"version-history":[{"count":9,"href":"https:\/\/www.pirlantadiscayirova.com\/en\/wp-json\/wp\/v2\/pages\/925\/revisions"}],"predecessor-version":[{"id":3012,"href":"https:\/\/www.pirlantadiscayirova.com\/en\/wp-json\/wp\/v2\/pages\/925\/revisions\/3012"}],"wp:attachment":[{"href":"https:\/\/www.pirlantadiscayirova.com\/en\/wp-json\/wp\/v2\/media?parent=925"}],"curies":[{"name":"wp","href":"https:\/\/api.w.org\/{rel}","templated":true}]}}